{"id":1090,"date":"2023-07-07T19:09:22","date_gmt":"2023-07-07T23:09:22","guid":{"rendered":"https:\/\/nicrochet.cl\/?post_type=product&#038;p=1090"},"modified":"2025-10-02T22:02:45","modified_gmt":"2025-10-03T01:02:45","slug":"patron-sweater-cloud","status":"publish","type":"product","link":"https:\/\/nicrochet.cl\/index.php\/product\/patron-sweater-cloud\/","title":{"rendered":"Patr\u00f3n Sweater Cloud"},"content":{"rendered":"<p><img data-recalc-dims=\"1\" fetchpriority=\"high\" decoding=\"async\" class=\"wp-image-1091 aligncenter\" src=\"https:\/\/i0.wp.com\/nicrochet.cl\/wp-content\/uploads\/2023\/07\/Captura-de-pantalla-2023-07-07-a-las-19.09.41.png?resize=439%2C278&ssl=1\" alt=\"\" width=\"439\" height=\"278\" srcset=\"https:\/\/i0.wp.com\/nicrochet.cl\/wp-content\/uploads\/2023\/07\/Captura-de-pantalla-2023-07-07-a-las-19.09.41.png?resize=300%2C190&ssl=1 300w, https:\/\/i0.wp.com\/nicrochet.cl\/wp-content\/uploads\/2023\/07\/Captura-de-pantalla-2023-07-07-a-las-19.09.41.png?resize=1024%2C647&ssl=1 1024w, https:\/\/i0.wp.com\/nicrochet.cl\/wp-content\/uploads\/2023\/07\/Captura-de-pantalla-2023-07-07-a-las-19.09.41.png?resize=768%2C485&ssl=1 768w, https:\/\/i0.wp.com\/nicrochet.cl\/wp-content\/uploads\/2023\/07\/Captura-de-pantalla-2023-07-07-a-las-19.09.41.png?resize=1320%2C834&ssl=1 1320w, https:\/\/i0.wp.com\/nicrochet.cl\/wp-content\/uploads\/2023\/07\/Captura-de-pantalla-2023-07-07-a-las-19.09.41.png?resize=600%2C379&ssl=1 600w, https:\/\/i0.wp.com\/nicrochet.cl\/wp-content\/uploads\/2023\/07\/Captura-de-pantalla-2023-07-07-a-las-19.09.41.png?w=1326&ssl=1 1326w\" sizes=\"(max-width: 439px) 100vw, 439px\" \/><\/p>\n","protected":false},"excerpt":{"rendered":"<div class=\"page\" title=\"Page 2\">\n<div class=\"section\">\n<div class=\"layoutArea\">\n<div class=\"column\">\n<div class=\"page\" title=\"Page 2\">\n<div class=\"section\">\n<div class=\"layoutArea\">\n<div class=\"column\">\n<p><strong>Hilado:<\/strong> Suri de Lanas Rey Principe.<\/p>\n<p><strong>Grosor:<\/strong> Bulky<br \/>\n<strong>Cantidad (grs y mts) por talla:<\/strong><\/p>\n<p><strong>Para Suri de Color:<\/strong><\/p>\n<ul>\n<li>Talla XS\/S: 200 grs \/ 520 mts<\/li>\n<li>Talla M\/L: 250 grs \/ 650 mts<\/li>\n<li>Talla 3XL\/XXL: 250 grs \/ 650 mts<\/li>\n<\/ul>\n<p><strong>Para Suri Gradient:<\/strong><\/p>\n<ul>\n<li>Talla XS\/S: 250 grs (150 grs color + 100 gradient) \/ 650 mts<\/li>\n<li>Talla M\/L: 250 grs (150 grs color + 100 gradient) \/ 650 mts<\/li>\n<li>Talla XL\/XXL: 300 grs (200 grs color + 100 gradient) \/ 780 mts<\/li>\n<\/ul>\n<p><strong>Crochet:<\/strong> Crochet 9 mm.<\/p>\n<p><strong>Materiales adicionales:<\/strong> Cinta m\u00e9trica, marca puntos, aguja lanera, tijeras.<\/p>\n<p>&nbsp;<\/p>\n<\/div>\n<\/div>\n<\/div>\n<\/div>\n<\/div>\n<\/div>\n<\/div>\n<\/div>\n","protected":false},"featured_media":1092,"comment_status":"open","ping_status":"closed","template":"","meta":[],"product_brand":[],"product_cat":[36],"product_tag":[],"class_list":{"0":"post-1090","1":"product","2":"type-product","3":"status-publish","4":"has-post-thumbnail","6":"product_cat-sweater-patron","8":"first","9":"instock","10":"sale","11":"downloadable","12":"virtual","13":"purchasable","14":"product-type-simple"},"jetpack-related-posts":[{"id":1533,"url":"https:\/\/nicrochet.cl\/index.php\/product\/patron-sweater-lines\/","url_meta":{"origin":1090,"position":0},"title":"Patr\u00f3n Sweater Lines","author":"Nicole Tobar","date":"Mayo 28, 2024","format":false,"excerpt":"Materiales Hilado: Happy de C\u00edrculo Grosor: Sport Cantidad (grs y mts) por talla: Color Base: Talla XS\/S: 240 grs \/ 648 mts Talla M\/L: 290 grs \/ 783 mts Talla XL\/XXL: 370 grs \/ 999 mts Color L\u00edneas: Talla XS\/S: 100 grs \/ 270 mts Talla M\/L: 140 grs \/\u2026","rel":"","context":"Entrada similar ","block_context":{"text":"Entrada similar ","link":""},"img":{"alt_text":"","src":"https:\/\/i0.wp.com\/nicrochet.cl\/wp-content\/uploads\/2024\/05\/776B8402-F8DA-49BE-B4CD-2CC60B9ADB93.png?fit=1080%2C1080&ssl=1&resize=350%2C200","width":350,"height":200,"srcset":"https:\/\/i0.wp.com\/nicrochet.cl\/wp-content\/uploads\/2024\/05\/776B8402-F8DA-49BE-B4CD-2CC60B9ADB93.png?fit=1080%2C1080&ssl=1&resize=350%2C200 1x, https:\/\/i0.wp.com\/nicrochet.cl\/wp-content\/uploads\/2024\/05\/776B8402-F8DA-49BE-B4CD-2CC60B9ADB93.png?fit=1080%2C1080&ssl=1&resize=525%2C300 1.5x, https:\/\/i0.wp.com\/nicrochet.cl\/wp-content\/uploads\/2024\/05\/776B8402-F8DA-49BE-B4CD-2CC60B9ADB93.png?fit=1080%2C1080&ssl=1&resize=700%2C400 2x, https:\/\/i0.wp.com\/nicrochet.cl\/wp-content\/uploads\/2024\/05\/776B8402-F8DA-49BE-B4CD-2CC60B9ADB93.png?fit=1080%2C1080&ssl=1&resize=1050%2C600 3x"},"classes":[]},{"id":1379,"url":"https:\/\/nicrochet.cl\/index.php\/product\/patron-top-perle\/","url_meta":{"origin":1090,"position":1},"title":"Patr\u00f3n Top Perl\u00e9","author":"Nicole Tobar","date":"Enero 9, 2024","format":false,"excerpt":"Hilado: Algodo\u0301n Charme de Ci\u0301rculo @crochetmarce Grosor: Sport Cantidad (grs y mts) por talla: Talla XS\/S: 250 grs \/ 660 mts Talla M\/L: 360 grs \/ 950 mts Talla XL\/XXL: 440 grs \/ 1.162 mts Crochet: Crochet 4.0 mm y 0.6 mm para perlas. Perlas: 85, 95, 115 Materiales adicionales:\u2026","rel":"","context":"Entrada similar ","block_context":{"text":"Entrada similar ","link":""},"img":{"alt_text":"","src":"https:\/\/i0.wp.com\/nicrochet.cl\/wp-content\/uploads\/2024\/01\/FA804AF8-9E6F-4F99-A0A9-AAE4BEBF3266.png?fit=1080%2C1080&ssl=1&resize=350%2C200","width":350,"height":200,"srcset":"https:\/\/i0.wp.com\/nicrochet.cl\/wp-content\/uploads\/2024\/01\/FA804AF8-9E6F-4F99-A0A9-AAE4BEBF3266.png?fit=1080%2C1080&ssl=1&resize=350%2C200 1x, https:\/\/i0.wp.com\/nicrochet.cl\/wp-content\/uploads\/2024\/01\/FA804AF8-9E6F-4F99-A0A9-AAE4BEBF3266.png?fit=1080%2C1080&ssl=1&resize=525%2C300 1.5x, https:\/\/i0.wp.com\/nicrochet.cl\/wp-content\/uploads\/2024\/01\/FA804AF8-9E6F-4F99-A0A9-AAE4BEBF3266.png?fit=1080%2C1080&ssl=1&resize=700%2C400 2x, https:\/\/i0.wp.com\/nicrochet.cl\/wp-content\/uploads\/2024\/01\/FA804AF8-9E6F-4F99-A0A9-AAE4BEBF3266.png?fit=1080%2C1080&ssl=1&resize=1050%2C600 3x"},"classes":[]},{"id":128,"url":"https:\/\/nicrochet.cl\/index.php\/product\/patron-lemon-vest\/","url_meta":{"origin":1090,"position":2},"title":"Patr\u00f3n Lemon Vest","author":"Nicole Tobar","date":"Noviembre 6, 2022","format":false,"excerpt":"Este es un patr\u00f3n PDF donde encontrar\u00e1s la explicaci\u00f3n paso a paso para tejer tu Lemon Vest Hilado:\u00a0Lana Merino @Hebrabuena Grosor:\u00a0DK Cantidad (grs y mts) por talla: Talla XS:\u00a0230 grs \/ 575 mts Talla S:\u00a0 282 grs \/ 704 mts Talla M:\u00a0 300 grs \/ 750 mts Talla L:\u00a0\u00a0343 grs\u2026","rel":"","context":"Entrada similar ","block_context":{"text":"Entrada similar ","link":""},"img":{"alt_text":"","src":"https:\/\/i0.wp.com\/nicrochet.cl\/wp-content\/uploads\/2022\/10\/WhatsApp-Image-2022-10-29-at-3.05.34-PM.jpeg?fit=1024%2C1024&ssl=1&resize=350%2C200","width":350,"height":200,"srcset":"https:\/\/i0.wp.com\/nicrochet.cl\/wp-content\/uploads\/2022\/10\/WhatsApp-Image-2022-10-29-at-3.05.34-PM.jpeg?fit=1024%2C1024&ssl=1&resize=350%2C200 1x, https:\/\/i0.wp.com\/nicrochet.cl\/wp-content\/uploads\/2022\/10\/WhatsApp-Image-2022-10-29-at-3.05.34-PM.jpeg?fit=1024%2C1024&ssl=1&resize=525%2C300 1.5x, https:\/\/i0.wp.com\/nicrochet.cl\/wp-content\/uploads\/2022\/10\/WhatsApp-Image-2022-10-29-at-3.05.34-PM.jpeg?fit=1024%2C1024&ssl=1&resize=700%2C400 2x"},"classes":[]},{"id":650,"url":"https:\/\/nicrochet.cl\/index.php\/product\/preventa-patron-sweater-cherry\/","url_meta":{"origin":1090,"position":3},"title":"Patr\u00f3n Sweater Cherry","author":"Nicole Tobar","date":"Mayo 3, 2023","format":false,"excerpt":"Hilado: Algod\u00f3n, fibras acr\u00edlicas o lana. Grosor: Sport Cantidad (grs y mts) por talla: Talla XS\/S: 400 grs \/ 1.280 mts Talla M\/L: 450 grs \/ 1.440 mts Talla XL\/XXL: 550 grs \/ 1.760 mts Crochet: 4 mm o con el cual te de la muestra.","rel":"","context":"Entrada similar ","block_context":{"text":"Entrada similar ","link":""},"img":{"alt_text":"","src":"https:\/\/i0.wp.com\/nicrochet.cl\/wp-content\/uploads\/2023\/05\/55030B9E-2C48-4558-88A8-682E4902E1F6.png?fit=1080%2C1080&ssl=1&resize=350%2C200","width":350,"height":200,"srcset":"https:\/\/i0.wp.com\/nicrochet.cl\/wp-content\/uploads\/2023\/05\/55030B9E-2C48-4558-88A8-682E4902E1F6.png?fit=1080%2C1080&ssl=1&resize=350%2C200 1x, https:\/\/i0.wp.com\/nicrochet.cl\/wp-content\/uploads\/2023\/05\/55030B9E-2C48-4558-88A8-682E4902E1F6.png?fit=1080%2C1080&ssl=1&resize=525%2C300 1.5x, https:\/\/i0.wp.com\/nicrochet.cl\/wp-content\/uploads\/2023\/05\/55030B9E-2C48-4558-88A8-682E4902E1F6.png?fit=1080%2C1080&ssl=1&resize=700%2C400 2x, https:\/\/i0.wp.com\/nicrochet.cl\/wp-content\/uploads\/2023\/05\/55030B9E-2C48-4558-88A8-682E4902E1F6.png?fit=1080%2C1080&ssl=1&resize=1050%2C600 3x"},"classes":[]},{"id":1292,"url":"https:\/\/nicrochet.cl\/index.php\/product\/patron-sweater-rose\/","url_meta":{"origin":1090,"position":4},"title":"Patr\u00f3n Sweater Ros\u00e9","author":"Nicole Tobar","date":"Septiembre 25, 2023","format":false,"excerpt":"Hilado: Mohair Revesderecho \/ Merino + Mohair Grosor: Sport (fingering + lace) - DK Cantidad (grs y mts) por talla: Talla XS\/S: 450 grs \/ 1.125 mts Talla M\/L: 550 grs \/ 1.375 mts Talla XL\/XXL: 700 grs \/ 1.750 mts Crochet: 5 mm Materiales adicionales: Cinta m\u00e9trica, marca puntos,\u2026","rel":"","context":"Entrada similar ","block_context":{"text":"Entrada similar ","link":""},"img":{"alt_text":"","src":"https:\/\/i0.wp.com\/nicrochet.cl\/wp-content\/uploads\/2023\/09\/BBBE160A-B9E3-4044-B12F-CD8EF0D7BEEF.png?fit=1080%2C1080&ssl=1&resize=350%2C200","width":350,"height":200,"srcset":"https:\/\/i0.wp.com\/nicrochet.cl\/wp-content\/uploads\/2023\/09\/BBBE160A-B9E3-4044-B12F-CD8EF0D7BEEF.png?fit=1080%2C1080&ssl=1&resize=350%2C200 1x, https:\/\/i0.wp.com\/nicrochet.cl\/wp-content\/uploads\/2023\/09\/BBBE160A-B9E3-4044-B12F-CD8EF0D7BEEF.png?fit=1080%2C1080&ssl=1&resize=525%2C300 1.5x, https:\/\/i0.wp.com\/nicrochet.cl\/wp-content\/uploads\/2023\/09\/BBBE160A-B9E3-4044-B12F-CD8EF0D7BEEF.png?fit=1080%2C1080&ssl=1&resize=700%2C400 2x, https:\/\/i0.wp.com\/nicrochet.cl\/wp-content\/uploads\/2023\/09\/BBBE160A-B9E3-4044-B12F-CD8EF0D7BEEF.png?fit=1080%2C1080&ssl=1&resize=1050%2C600 3x"},"classes":[]},{"id":1242,"url":"https:\/\/nicrochet.cl\/index.php\/product\/patron-cardigan-bombon\/","url_meta":{"origin":1090,"position":5},"title":"Patr\u00f3n C\u00e1rdigan Bombon","author":"Nicole Tobar","date":"Agosto 25, 2023","format":false,"excerpt":"Hilado: King Revesderecho Grosor: DK - Light Worsted Cantidad (grs y mts) por talla: Talla XS\/S: 600 grs \/ 1.020 mts Talla M\/L: 700 grs \/ 1.190 mts Talla XL\/XXL: 800 grs \/ 1.369 mts Crochet: 6 mm Materiales adicionales: Cinta m\u00e9trica, marca puntos, aguja lanera, tijeras.","rel":"","context":"Entrada similar ","block_context":{"text":"Entrada similar ","link":""},"img":{"alt_text":"","src":"https:\/\/i0.wp.com\/nicrochet.cl\/wp-content\/uploads\/2023\/08\/AC304AF0-C18A-46A0-9DD5-78520E0DA47E.png?fit=1080%2C1080&ssl=1&resize=350%2C200","width":350,"height":200,"srcset":"https:\/\/i0.wp.com\/nicrochet.cl\/wp-content\/uploads\/2023\/08\/AC304AF0-C18A-46A0-9DD5-78520E0DA47E.png?fit=1080%2C1080&ssl=1&resize=350%2C200 1x, https:\/\/i0.wp.com\/nicrochet.cl\/wp-content\/uploads\/2023\/08\/AC304AF0-C18A-46A0-9DD5-78520E0DA47E.png?fit=1080%2C1080&ssl=1&resize=525%2C300 1.5x, https:\/\/i0.wp.com\/nicrochet.cl\/wp-content\/uploads\/2023\/08\/AC304AF0-C18A-46A0-9DD5-78520E0DA47E.png?fit=1080%2C1080&ssl=1&resize=700%2C400 2x, https:\/\/i0.wp.com\/nicrochet.cl\/wp-content\/uploads\/2023\/08\/AC304AF0-C18A-46A0-9DD5-78520E0DA47E.png?fit=1080%2C1080&ssl=1&resize=1050%2C600 3x"},"classes":[]}],"jetpack_sharing_enabled":true,"_links":{"self":[{"href":"https:\/\/nicrochet.cl\/index.php\/wp-json\/wp\/v2\/product\/1090","targetHints":{"allow":["GET"]}}],"collection":[{"href":"https:\/\/nicrochet.cl\/index.php\/wp-json\/wp\/v2\/product"}],"about":[{"href":"https:\/\/nicrochet.cl\/index.php\/wp-json\/wp\/v2\/types\/product"}],"replies":[{"embeddable":true,"href":"https:\/\/nicrochet.cl\/index.php\/wp-json\/wp\/v2\/comments?post=1090"}],"wp:featuredmedia":[{"embeddable":true,"href":"https:\/\/nicrochet.cl\/index.php\/wp-json\/wp\/v2\/media\/1092"}],"wp:attachment":[{"href":"https:\/\/nicrochet.cl\/index.php\/wp-json\/wp\/v2\/media?parent=1090"}],"wp:term":[{"taxonomy":"product_brand","embeddable":true,"href":"https:\/\/nicrochet.cl\/index.php\/wp-json\/wp\/v2\/product_brand?post=1090"},{"taxonomy":"product_cat","embeddable":true,"href":"https:\/\/nicrochet.cl\/index.php\/wp-json\/wp\/v2\/product_cat?post=1090"},{"taxonomy":"product_tag","embeddable":true,"href":"https:\/\/nicrochet.cl\/index.php\/wp-json\/wp\/v2\/product_tag?post=1090"}],"curies":[{"name":"wp","href":"https:\/\/api.w.org\/{rel}","templated":true}]}}