{"id":118,"date":"2022-11-19T16:30:11","date_gmt":"2022-11-19T19:30:11","guid":{"rendered":"http:\/\/143.198.158.217\/?post_type=product&#038;p=118"},"modified":"2024-11-25T19:07:50","modified_gmt":"2024-11-25T22:07:50","slug":"patron-kim-kimono","status":"publish","type":"product","link":"https:\/\/nicrochet.cl\/index.php\/product\/patron-kim-kimono\/","title":{"rendered":"Patr\u00f3n KIM Kimono"},"content":{"rendered":"<p><img data-recalc-dims=\"1\" fetchpriority=\"high\" decoding=\"async\" class=\"alignnone size-full wp-image-294\" src=\"https:\/\/i0.wp.com\/143.198.158.217\/wp-content\/uploads\/2022\/10\/Kim-Kimono.png?resize=640%2C360\" alt=\"\" width=\"640\" height=\"360\" srcset=\"https:\/\/i0.wp.com\/nicrochet.cl\/wp-content\/uploads\/2022\/10\/Kim-Kimono.png?w=1456&ssl=1 1456w, https:\/\/i0.wp.com\/nicrochet.cl\/wp-content\/uploads\/2022\/10\/Kim-Kimono.png?resize=600%2C337&ssl=1 600w, https:\/\/i0.wp.com\/nicrochet.cl\/wp-content\/uploads\/2022\/10\/Kim-Kimono.png?resize=300%2C169&ssl=1 300w, https:\/\/i0.wp.com\/nicrochet.cl\/wp-content\/uploads\/2022\/10\/Kim-Kimono.png?resize=1024%2C575&ssl=1 1024w, https:\/\/i0.wp.com\/nicrochet.cl\/wp-content\/uploads\/2022\/10\/Kim-Kimono.png?resize=768%2C431&ssl=1 768w, https:\/\/i0.wp.com\/nicrochet.cl\/wp-content\/uploads\/2022\/10\/Kim-Kimono.png?resize=1320%2C742&ssl=1 1320w\" sizes=\"(max-width: 640px) 100vw, 640px\" \/><\/p>\n","protected":false},"excerpt":{"rendered":"<p>Este es un patr\u00f3n explicativo donde encontrar\u00e1s todo lo que necesitas para tejer tu KIM -Kimono<\/p>\n<p>Materiales.<br \/>\nExplicaci\u00f3n de Puntos a trabajar.<br \/>\nPaso a Paso para crear tu proyecto.<\/p>\n","protected":false},"featured_media":119,"comment_status":"open","ping_status":"closed","template":"","meta":[],"product_brand":[],"product_cat":[22,17],"product_tag":[],"class_list":{"0":"post-118","1":"product","2":"type-product","3":"status-publish","4":"has-post-thumbnail","6":"product_cat-kimono","7":"product_cat-patron","9":"first","10":"instock","11":"sale","12":"downloadable","13":"virtual","14":"purchasable","15":"product-type-simple"},"jetpack-related-posts":[{"id":123,"url":"https:\/\/nicrochet.cl\/index.php\/product\/patron-camelia-kimono\/","url_meta":{"origin":118,"position":0},"title":"Patr\u00f3n Camelia Kimono","author":"Nicole Tobar","date":"Noviembre 19, 2022","format":false,"excerpt":"Este es un patr\u00f3n PDF donde encontrar\u00e1s la explicaci\u00f3n de todo lo que necesitas para tejer tu Camelia Kimono. Materiales. (700 gramos de Cotton Mid de Revesderecho) Crochet 5 mm Explicaci\u00f3n de Puntos a trabajar. Paso a Paso para crear tu proyecto.","rel":"","context":"Entrada similar ","block_context":{"text":"Entrada similar ","link":""},"img":{"alt_text":"","src":"https:\/\/i0.wp.com\/nicrochet.cl\/wp-content\/uploads\/2022\/10\/WhatsApp-Image-2022-10-29-at-2.14.53-PM.jpeg?fit=1021%2C1024&ssl=1&resize=350%2C200","width":350,"height":200,"srcset":"https:\/\/i0.wp.com\/nicrochet.cl\/wp-content\/uploads\/2022\/10\/WhatsApp-Image-2022-10-29-at-2.14.53-PM.jpeg?fit=1021%2C1024&ssl=1&resize=350%2C200 1x, https:\/\/i0.wp.com\/nicrochet.cl\/wp-content\/uploads\/2022\/10\/WhatsApp-Image-2022-10-29-at-2.14.53-PM.jpeg?fit=1021%2C1024&ssl=1&resize=525%2C300 1.5x, https:\/\/i0.wp.com\/nicrochet.cl\/wp-content\/uploads\/2022\/10\/WhatsApp-Image-2022-10-29-at-2.14.53-PM.jpeg?fit=1021%2C1024&ssl=1&resize=700%2C400 2x"},"classes":[]},{"id":1791,"url":"https:\/\/nicrochet.cl\/index.php\/product\/patron-kimono-florencia\/","url_meta":{"origin":118,"position":1},"title":"Patr\u00f3n Kimono Florencia","author":"Nicole Tobar","date":"Noviembre 25, 2024","format":false,"excerpt":"Hilado: Puedes utilizar algod\u00f3n, bamb\u00fa, hilo, fibras acr\u00edlicas etc. Grosor: DK. Cantidad (grs y mts) por talla con Bamboo: XS \/ S: 550 gramos \/ 1.342metros M\/L: 650 gramos \/ 1.586 metros XL\/XXL: 750 gramos \/ 1.830 metros Crochet: 4 mm Materiales adicionales: Cinta m\u00e9trica, marca puntos, aguja lanera, tijeras.","rel":"","context":"Entrada similar ","block_context":{"text":"Entrada similar ","link":""},"img":{"alt_text":"","src":"https:\/\/i0.wp.com\/nicrochet.cl\/wp-content\/uploads\/2024\/11\/celta-copiar-2.jpeg?fit=1200%2C1200&ssl=1&resize=350%2C200","width":350,"height":200,"srcset":"https:\/\/i0.wp.com\/nicrochet.cl\/wp-content\/uploads\/2024\/11\/celta-copiar-2.jpeg?fit=1200%2C1200&ssl=1&resize=350%2C200 1x, https:\/\/i0.wp.com\/nicrochet.cl\/wp-content\/uploads\/2024\/11\/celta-copiar-2.jpeg?fit=1200%2C1200&ssl=1&resize=525%2C300 1.5x, https:\/\/i0.wp.com\/nicrochet.cl\/wp-content\/uploads\/2024\/11\/celta-copiar-2.jpeg?fit=1200%2C1200&ssl=1&resize=700%2C400 2x, https:\/\/i0.wp.com\/nicrochet.cl\/wp-content\/uploads\/2024\/11\/celta-copiar-2.jpeg?fit=1200%2C1200&ssl=1&resize=1050%2C600 3x"},"classes":[]},{"id":413,"url":"https:\/\/nicrochet.cl\/index.php\/product\/patron-kimono-paros\/","url_meta":{"origin":118,"position":2},"title":"Patr\u00f3n Kimono Paros","author":"Nicole Tobar","date":"Febrero 9, 2023","format":false,"excerpt":"Crochet 4 mm Tijeras Grosor Hilado: Sport. Yo use Cotton de Revesderecho Cantidad (grs y mts) por talla: \u25cf \u00a0Color base: \u00a0XS\/S: 400 gramos\/ 1000 metros \u00a0M\/L: 500 gramos\/ 1250 metros \u00a0XL\/XXL: 600 gramos\/ 1500 metros \u25cf \u00a0Colores secundarios: se usan menos de 50 gramos por cada color secundario.","rel":"","context":"Entrada similar ","block_context":{"text":"Entrada similar ","link":""},"img":{"alt_text":"","src":"https:\/\/i0.wp.com\/nicrochet.cl\/wp-content\/uploads\/2023\/02\/12332DFE-1274-47F2-B6CE-64CEA88655B5.png?fit=1080%2C1080&ssl=1&resize=350%2C200","width":350,"height":200,"srcset":"https:\/\/i0.wp.com\/nicrochet.cl\/wp-content\/uploads\/2023\/02\/12332DFE-1274-47F2-B6CE-64CEA88655B5.png?fit=1080%2C1080&ssl=1&resize=350%2C200 1x, https:\/\/i0.wp.com\/nicrochet.cl\/wp-content\/uploads\/2023\/02\/12332DFE-1274-47F2-B6CE-64CEA88655B5.png?fit=1080%2C1080&ssl=1&resize=525%2C300 1.5x, https:\/\/i0.wp.com\/nicrochet.cl\/wp-content\/uploads\/2023\/02\/12332DFE-1274-47F2-B6CE-64CEA88655B5.png?fit=1080%2C1080&ssl=1&resize=700%2C400 2x, https:\/\/i0.wp.com\/nicrochet.cl\/wp-content\/uploads\/2023\/02\/12332DFE-1274-47F2-B6CE-64CEA88655B5.png?fit=1080%2C1080&ssl=1&resize=1050%2C600 3x"},"classes":[]},{"id":559,"url":"https:\/\/nicrochet.cl\/index.php\/product\/preventa-patron-kimono-midnight\/","url_meta":{"origin":118,"position":3},"title":"Patr\u00f3n Kimono Midnight","author":"Nicole Tobar","date":"Abril 8, 2023","format":false,"excerpt":"Hilado: Lana Merino SW \/ Lana Merino Lurex \/ Lana Merino 18 migras Grosor: Fingering Cantidad (grs y mts) por talla: Talla 1: 430 grs \/ 1.720 mts Talla 2: 470 grs \/ 1.880 mts Talla 3: 540 grs \/ 2.160 mts Crochet: 4 mm o con el cual te\u2026","rel":"","context":"Entrada similar ","block_context":{"text":"Entrada similar ","link":""},"img":{"alt_text":"","src":"https:\/\/i0.wp.com\/nicrochet.cl\/wp-content\/uploads\/2023\/04\/kimono-midnight.png?fit=1080%2C1080&ssl=1&resize=350%2C200","width":350,"height":200,"srcset":"https:\/\/i0.wp.com\/nicrochet.cl\/wp-content\/uploads\/2023\/04\/kimono-midnight.png?fit=1080%2C1080&ssl=1&resize=350%2C200 1x, https:\/\/i0.wp.com\/nicrochet.cl\/wp-content\/uploads\/2023\/04\/kimono-midnight.png?fit=1080%2C1080&ssl=1&resize=525%2C300 1.5x, https:\/\/i0.wp.com\/nicrochet.cl\/wp-content\/uploads\/2023\/04\/kimono-midnight.png?fit=1080%2C1080&ssl=1&resize=700%2C400 2x, https:\/\/i0.wp.com\/nicrochet.cl\/wp-content\/uploads\/2023\/04\/kimono-midnight.png?fit=1080%2C1080&ssl=1&resize=1050%2C600 3x"},"classes":[]},{"id":196,"url":"https:\/\/nicrochet.cl\/index.php\/product\/patron-cardigan-celta\/","url_meta":{"origin":118,"position":4},"title":"Patr\u00f3n Cardigan Celta","author":"Nicole Tobar","date":"Noviembre 19, 2022","format":false,"excerpt":"Este es un patr\u00f3n explicativo donde encontrar\u00e1s todo lo que necesitas para tejer tu Cardigan Celta. Materiales. Explicaci\u00f3n de Puntos a trabajar. Paso a Paso para crear tu proyecto.","rel":"","context":"Entrada similar ","block_context":{"text":"Entrada similar ","link":""},"img":{"alt_text":"","src":"https:\/\/i0.wp.com\/nicrochet.cl\/wp-content\/uploads\/2022\/11\/WhatsApp-Image-2022-11-02-at-6.35.13-PM.jpeg?fit=1024%2C1024&ssl=1&resize=350%2C200","width":350,"height":200,"srcset":"https:\/\/i0.wp.com\/nicrochet.cl\/wp-content\/uploads\/2022\/11\/WhatsApp-Image-2022-11-02-at-6.35.13-PM.jpeg?fit=1024%2C1024&ssl=1&resize=350%2C200 1x, https:\/\/i0.wp.com\/nicrochet.cl\/wp-content\/uploads\/2022\/11\/WhatsApp-Image-2022-11-02-at-6.35.13-PM.jpeg?fit=1024%2C1024&ssl=1&resize=525%2C300 1.5x, https:\/\/i0.wp.com\/nicrochet.cl\/wp-content\/uploads\/2022\/11\/WhatsApp-Image-2022-11-02-at-6.35.13-PM.jpeg?fit=1024%2C1024&ssl=1&resize=700%2C400 2x"},"classes":[]},{"id":105,"url":"https:\/\/nicrochet.cl\/index.php\/product\/patron-polera-amapola\/","url_meta":{"origin":118,"position":5},"title":"Patr\u00f3n Polera Amapola","author":"Nicole Tobar","date":"Noviembre 19, 2022","format":false,"excerpt":"Este es un patr\u00f3n explicativo donde encontrar\u00e1s todo lo que necesitas para tejer tu Polera Amapola Materiales. Explicaci\u00f3n de Puntos a trabajar. Paso a Paso para crear tu proyecto.","rel":"","context":"Entrada similar ","block_context":{"text":"Entrada similar ","link":""},"img":{"alt_text":"","src":"https:\/\/i0.wp.com\/nicrochet.cl\/wp-content\/uploads\/2022\/10\/WhatsApp-Image-2022-10-29-at-1.38.14-PM.jpeg?fit=1024%2C1024&ssl=1&resize=350%2C200","width":350,"height":200,"srcset":"https:\/\/i0.wp.com\/nicrochet.cl\/wp-content\/uploads\/2022\/10\/WhatsApp-Image-2022-10-29-at-1.38.14-PM.jpeg?fit=1024%2C1024&ssl=1&resize=350%2C200 1x, https:\/\/i0.wp.com\/nicrochet.cl\/wp-content\/uploads\/2022\/10\/WhatsApp-Image-2022-10-29-at-1.38.14-PM.jpeg?fit=1024%2C1024&ssl=1&resize=525%2C300 1.5x, https:\/\/i0.wp.com\/nicrochet.cl\/wp-content\/uploads\/2022\/10\/WhatsApp-Image-2022-10-29-at-1.38.14-PM.jpeg?fit=1024%2C1024&ssl=1&resize=700%2C400 2x"},"classes":[]}],"jetpack_sharing_enabled":true,"_links":{"self":[{"href":"https:\/\/nicrochet.cl\/index.php\/wp-json\/wp\/v2\/product\/118","targetHints":{"allow":["GET"]}}],"collection":[{"href":"https:\/\/nicrochet.cl\/index.php\/wp-json\/wp\/v2\/product"}],"about":[{"href":"https:\/\/nicrochet.cl\/index.php\/wp-json\/wp\/v2\/types\/product"}],"replies":[{"embeddable":true,"href":"https:\/\/nicrochet.cl\/index.php\/wp-json\/wp\/v2\/comments?post=118"}],"wp:featuredmedia":[{"embeddable":true,"href":"https:\/\/nicrochet.cl\/index.php\/wp-json\/wp\/v2\/media\/119"}],"wp:attachment":[{"href":"https:\/\/nicrochet.cl\/index.php\/wp-json\/wp\/v2\/media?parent=118"}],"wp:term":[{"taxonomy":"product_brand","embeddable":true,"href":"https:\/\/nicrochet.cl\/index.php\/wp-json\/wp\/v2\/product_brand?post=118"},{"taxonomy":"product_cat","embeddable":true,"href":"https:\/\/nicrochet.cl\/index.php\/wp-json\/wp\/v2\/product_cat?post=118"},{"taxonomy":"product_tag","embeddable":true,"href":"https:\/\/nicrochet.cl\/index.php\/wp-json\/wp\/v2\/product_tag?post=118"}],"curies":[{"name":"wp","href":"https:\/\/api.w.org\/{rel}","templated":true}]}}