{"id":1230,"date":"2023-08-22T15:41:59","date_gmt":"2023-08-22T19:41:59","guid":{"rendered":"https:\/\/nicrochet.cl\/?post_type=product&#038;p=1230"},"modified":"2025-10-02T01:33:26","modified_gmt":"2025-10-02T04:33:26","slug":"patron-vest-rose","status":"publish","type":"product","link":"https:\/\/nicrochet.cl\/index.php\/product\/patron-vest-rose\/","title":{"rendered":"Patr\u00f3n Vest Ros\u00e9"},"content":{"rendered":"<p><img data-recalc-dims=\"1\" fetchpriority=\"high\" decoding=\"async\" class=\"wp-image-1240 aligncenter\" src=\"https:\/\/i0.wp.com\/nicrochet.cl\/wp-content\/uploads\/2023\/08\/tallas-vest-rose.png?resize=640%2C359&ssl=1\" alt=\"\" width=\"640\" height=\"359\" srcset=\"https:\/\/i0.wp.com\/nicrochet.cl\/wp-content\/uploads\/2023\/08\/tallas-vest-rose.png?resize=300%2C168&ssl=1 300w, https:\/\/i0.wp.com\/nicrochet.cl\/wp-content\/uploads\/2023\/08\/tallas-vest-rose.png?resize=1024%2C572&ssl=1 1024w, https:\/\/i0.wp.com\/nicrochet.cl\/wp-content\/uploads\/2023\/08\/tallas-vest-rose.png?resize=768%2C429&ssl=1 768w, https:\/\/i0.wp.com\/nicrochet.cl\/wp-content\/uploads\/2023\/08\/tallas-vest-rose.png?resize=1320%2C738&ssl=1 1320w, https:\/\/i0.wp.com\/nicrochet.cl\/wp-content\/uploads\/2023\/08\/tallas-vest-rose.png?resize=600%2C335&ssl=1 600w, https:\/\/i0.wp.com\/nicrochet.cl\/wp-content\/uploads\/2023\/08\/tallas-vest-rose.png?w=1460&ssl=1 1460w\" sizes=\"(max-width: 640px) 100vw, 640px\" \/><\/p>\n","protected":false},"excerpt":{"rendered":"<p>Este es un patr\u00f3n PDF donde encontrar\u00e1s la explicaci\u00f3n de todo lo que necesitas para tejer tu Vest Ros\u00e9.<\/p>\n<p><b>Hilado:<\/b><span style=\"font-weight: 400;\"> Mohair Revesderecho<\/span><\/p>\n<p><b>Grosor:<\/b><span style=\"font-weight: 400;\"> Light DK &#8211; DK<\/span><\/p>\n<p><b>Cantidad (grs y mts) por talla:<\/b><b><br \/>\n<\/b><\/p>\n<ul>\n<li><b>Talla XS\/S:<\/b> <span style=\"font-weight: 400;\">220 grs \/ 550 mts<\/span><\/li>\n<li><b>Talla M\/L:<\/b> <span style=\"font-weight: 400;\">300 grs \/ 750 mts<\/span><\/li>\n<li><b>Talla XL\/XXL:<\/b> <span style=\"font-weight: 400;\">380 grs \/ 950 mts<\/span><\/li>\n<\/ul>\n<p><b>Crochet: <\/b><span style=\"font-weight: 400;\">5 mm<\/span><\/p>\n<p><b>Materiales adicionales: <\/b><span style=\"font-weight: 400;\">Cinta m\u00e9trica, marca puntos, aguja lanera, tijeras.<\/span><\/p>\n","protected":false},"featured_media":1236,"comment_status":"open","ping_status":"closed","template":"","meta":[],"product_brand":[],"product_cat":[40],"product_tag":[],"class_list":{"0":"post-1230","1":"product","2":"type-product","3":"status-publish","4":"has-post-thumbnail","6":"product_cat-vest-patron","8":"first","9":"instock","10":"downloadable","11":"virtual","12":"purchasable","13":"product-type-simple"},"jetpack-related-posts":[{"id":128,"url":"https:\/\/nicrochet.cl\/index.php\/product\/patron-lemon-vest\/","url_meta":{"origin":1230,"position":0},"title":"Patr\u00f3n Lemon Vest","author":"Nicole Tobar","date":"Noviembre 6, 2022","format":false,"excerpt":"Este es un patr\u00f3n PDF donde encontrar\u00e1s la explicaci\u00f3n paso a paso para tejer tu Lemon Vest Hilado:\u00a0Lana Merino @Hebrabuena Grosor:\u00a0DK Cantidad (grs y mts) por talla: Talla XS:\u00a0230 grs \/ 575 mts Talla S:\u00a0 282 grs \/ 704 mts Talla M:\u00a0 300 grs \/ 750 mts Talla L:\u00a0\u00a0343 grs\u2026","rel":"","context":"Entrada similar ","block_context":{"text":"Entrada similar ","link":""},"img":{"alt_text":"","src":"https:\/\/i0.wp.com\/nicrochet.cl\/wp-content\/uploads\/2022\/10\/WhatsApp-Image-2022-10-29-at-3.05.34-PM.jpeg?fit=1024%2C1024&ssl=1&resize=350%2C200","width":350,"height":200,"srcset":"https:\/\/i0.wp.com\/nicrochet.cl\/wp-content\/uploads\/2022\/10\/WhatsApp-Image-2022-10-29-at-3.05.34-PM.jpeg?fit=1024%2C1024&ssl=1&resize=350%2C200 1x, https:\/\/i0.wp.com\/nicrochet.cl\/wp-content\/uploads\/2022\/10\/WhatsApp-Image-2022-10-29-at-3.05.34-PM.jpeg?fit=1024%2C1024&ssl=1&resize=525%2C300 1.5x, https:\/\/i0.wp.com\/nicrochet.cl\/wp-content\/uploads\/2022\/10\/WhatsApp-Image-2022-10-29-at-3.05.34-PM.jpeg?fit=1024%2C1024&ssl=1&resize=700%2C400 2x"},"classes":[]},{"id":1292,"url":"https:\/\/nicrochet.cl\/index.php\/product\/patron-sweater-rose\/","url_meta":{"origin":1230,"position":1},"title":"Patr\u00f3n Sweater Ros\u00e9","author":"Nicole Tobar","date":"Septiembre 25, 2023","format":false,"excerpt":"Hilado: Mohair Revesderecho \/ Merino + Mohair Grosor: Sport (fingering + lace) - DK Cantidad (grs y mts) por talla: Talla XS\/S: 450 grs \/ 1.125 mts Talla M\/L: 550 grs \/ 1.375 mts Talla XL\/XXL: 700 grs \/ 1.750 mts Crochet: 5 mm Materiales adicionales: Cinta m\u00e9trica, marca puntos,\u2026","rel":"","context":"Entrada similar ","block_context":{"text":"Entrada similar ","link":""},"img":{"alt_text":"","src":"https:\/\/i0.wp.com\/nicrochet.cl\/wp-content\/uploads\/2023\/09\/BBBE160A-B9E3-4044-B12F-CD8EF0D7BEEF.png?fit=1080%2C1080&ssl=1&resize=350%2C200","width":350,"height":200,"srcset":"https:\/\/i0.wp.com\/nicrochet.cl\/wp-content\/uploads\/2023\/09\/BBBE160A-B9E3-4044-B12F-CD8EF0D7BEEF.png?fit=1080%2C1080&ssl=1&resize=350%2C200 1x, https:\/\/i0.wp.com\/nicrochet.cl\/wp-content\/uploads\/2023\/09\/BBBE160A-B9E3-4044-B12F-CD8EF0D7BEEF.png?fit=1080%2C1080&ssl=1&resize=525%2C300 1.5x, https:\/\/i0.wp.com\/nicrochet.cl\/wp-content\/uploads\/2023\/09\/BBBE160A-B9E3-4044-B12F-CD8EF0D7BEEF.png?fit=1080%2C1080&ssl=1&resize=700%2C400 2x, https:\/\/i0.wp.com\/nicrochet.cl\/wp-content\/uploads\/2023\/09\/BBBE160A-B9E3-4044-B12F-CD8EF0D7BEEF.png?fit=1080%2C1080&ssl=1&resize=1050%2C600 3x"},"classes":[]},{"id":21,"url":"https:\/\/nicrochet.cl\/index.php\/product\/patron-sweater-moon\/","url_meta":{"origin":1230,"position":2},"title":"Patr\u00f3n Sweater Moon","author":"Nicole Tobar","date":"Junio 17, 2022","format":false,"excerpt":"Este es un patr\u00f3n PDF donde encontrar\u00e1s la explicaci\u00f3n paso a paso para tejer tu Sweater Moon. Los materiales: Hilado: Silky de Revesderecho Grosor: Sport \/ DK Cantidad (grs y mts) por talla: Talla 1: 480 grs \/ 1229 mts Talla 2: 510 grs \/ 1306 mts Talla 3: 540\u2026","rel":"","context":"Entrada similar ","block_context":{"text":"Entrada similar ","link":""},"img":{"alt_text":"","src":"https:\/\/i0.wp.com\/nicrochet.cl\/wp-content\/uploads\/2022\/06\/BA3AB7CF-02D9-4BC3-84EB-781F1FE996D7.webp?fit=1080%2C1080&ssl=1&resize=350%2C200","width":350,"height":200,"srcset":"https:\/\/i0.wp.com\/nicrochet.cl\/wp-content\/uploads\/2022\/06\/BA3AB7CF-02D9-4BC3-84EB-781F1FE996D7.webp?fit=1080%2C1080&ssl=1&resize=350%2C200 1x, https:\/\/i0.wp.com\/nicrochet.cl\/wp-content\/uploads\/2022\/06\/BA3AB7CF-02D9-4BC3-84EB-781F1FE996D7.webp?fit=1080%2C1080&ssl=1&resize=525%2C300 1.5x, https:\/\/i0.wp.com\/nicrochet.cl\/wp-content\/uploads\/2022\/06\/BA3AB7CF-02D9-4BC3-84EB-781F1FE996D7.webp?fit=1080%2C1080&ssl=1&resize=700%2C400 2x, https:\/\/i0.wp.com\/nicrochet.cl\/wp-content\/uploads\/2022\/06\/BA3AB7CF-02D9-4BC3-84EB-781F1FE996D7.webp?fit=1080%2C1080&ssl=1&resize=1050%2C600 3x"},"classes":[]},{"id":161,"url":"https:\/\/nicrochet.cl\/index.php\/product\/patron-jess-cardigan\/","url_meta":{"origin":1230,"position":3},"title":"Patr\u00f3n Jess C\u00e1rdigan","author":"Nicole Tobar","date":"Noviembre 21, 2022","format":false,"excerpt":"Este es un patr\u00f3n PDF donde encontrar\u00e1s la explicaci\u00f3n paso a paso para tejer tu Jess C\u00e1rdigan Hilado: King de Revesderecho Grosor: DK \/ Worsted Light Cantidad (grs y mts) por talla: Talla 1: 550 grs \/ 935 mts Talla 2: 580 grs \/ 986 mts Talla 3: 670 grs\u2026","rel":"","context":"Entrada similar ","block_context":{"text":"Entrada similar ","link":""},"img":{"alt_text":"","src":"https:\/\/i0.wp.com\/nicrochet.cl\/wp-content\/uploads\/2022\/10\/WhatsApp-Image-2022-10-30-at-4.02.50-PM.jpeg?fit=1015%2C1024&ssl=1&resize=350%2C200","width":350,"height":200,"srcset":"https:\/\/i0.wp.com\/nicrochet.cl\/wp-content\/uploads\/2022\/10\/WhatsApp-Image-2022-10-30-at-4.02.50-PM.jpeg?fit=1015%2C1024&ssl=1&resize=350%2C200 1x, https:\/\/i0.wp.com\/nicrochet.cl\/wp-content\/uploads\/2022\/10\/WhatsApp-Image-2022-10-30-at-4.02.50-PM.jpeg?fit=1015%2C1024&ssl=1&resize=525%2C300 1.5x, https:\/\/i0.wp.com\/nicrochet.cl\/wp-content\/uploads\/2022\/10\/WhatsApp-Image-2022-10-30-at-4.02.50-PM.jpeg?fit=1015%2C1024&ssl=1&resize=700%2C400 2x"},"classes":[]},{"id":1242,"url":"https:\/\/nicrochet.cl\/index.php\/product\/patron-cardigan-bombon\/","url_meta":{"origin":1230,"position":4},"title":"Patr\u00f3n C\u00e1rdigan Bombon","author":"Nicole Tobar","date":"Agosto 25, 2023","format":false,"excerpt":"Hilado: King Revesderecho Grosor: DK - Light Worsted Cantidad (grs y mts) por talla: Talla XS\/S: 600 grs \/ 1.020 mts Talla M\/L: 700 grs \/ 1.190 mts Talla XL\/XXL: 800 grs \/ 1.369 mts Crochet: 6 mm Materiales adicionales: Cinta m\u00e9trica, marca puntos, aguja lanera, tijeras.","rel":"","context":"Entrada similar ","block_context":{"text":"Entrada similar ","link":""},"img":{"alt_text":"","src":"https:\/\/i0.wp.com\/nicrochet.cl\/wp-content\/uploads\/2023\/08\/AC304AF0-C18A-46A0-9DD5-78520E0DA47E.png?fit=1080%2C1080&ssl=1&resize=350%2C200","width":350,"height":200,"srcset":"https:\/\/i0.wp.com\/nicrochet.cl\/wp-content\/uploads\/2023\/08\/AC304AF0-C18A-46A0-9DD5-78520E0DA47E.png?fit=1080%2C1080&ssl=1&resize=350%2C200 1x, https:\/\/i0.wp.com\/nicrochet.cl\/wp-content\/uploads\/2023\/08\/AC304AF0-C18A-46A0-9DD5-78520E0DA47E.png?fit=1080%2C1080&ssl=1&resize=525%2C300 1.5x, https:\/\/i0.wp.com\/nicrochet.cl\/wp-content\/uploads\/2023\/08\/AC304AF0-C18A-46A0-9DD5-78520E0DA47E.png?fit=1080%2C1080&ssl=1&resize=700%2C400 2x, https:\/\/i0.wp.com\/nicrochet.cl\/wp-content\/uploads\/2023\/08\/AC304AF0-C18A-46A0-9DD5-78520E0DA47E.png?fit=1080%2C1080&ssl=1&resize=1050%2C600 3x"},"classes":[]},{"id":1533,"url":"https:\/\/nicrochet.cl\/index.php\/product\/patron-sweater-lines\/","url_meta":{"origin":1230,"position":5},"title":"Patr\u00f3n Sweater Lines","author":"Nicole Tobar","date":"Mayo 28, 2024","format":false,"excerpt":"Materiales Hilado: Happy de C\u00edrculo Grosor: Sport Cantidad (grs y mts) por talla: Color Base: Talla XS\/S: 240 grs \/ 648 mts Talla M\/L: 290 grs \/ 783 mts Talla XL\/XXL: 370 grs \/ 999 mts Color L\u00edneas: Talla XS\/S: 100 grs \/ 270 mts Talla M\/L: 140 grs \/\u2026","rel":"","context":"Entrada similar ","block_context":{"text":"Entrada similar ","link":""},"img":{"alt_text":"","src":"https:\/\/i0.wp.com\/nicrochet.cl\/wp-content\/uploads\/2024\/05\/776B8402-F8DA-49BE-B4CD-2CC60B9ADB93.png?fit=1080%2C1080&ssl=1&resize=350%2C200","width":350,"height":200,"srcset":"https:\/\/i0.wp.com\/nicrochet.cl\/wp-content\/uploads\/2024\/05\/776B8402-F8DA-49BE-B4CD-2CC60B9ADB93.png?fit=1080%2C1080&ssl=1&resize=350%2C200 1x, https:\/\/i0.wp.com\/nicrochet.cl\/wp-content\/uploads\/2024\/05\/776B8402-F8DA-49BE-B4CD-2CC60B9ADB93.png?fit=1080%2C1080&ssl=1&resize=525%2C300 1.5x, https:\/\/i0.wp.com\/nicrochet.cl\/wp-content\/uploads\/2024\/05\/776B8402-F8DA-49BE-B4CD-2CC60B9ADB93.png?fit=1080%2C1080&ssl=1&resize=700%2C400 2x, https:\/\/i0.wp.com\/nicrochet.cl\/wp-content\/uploads\/2024\/05\/776B8402-F8DA-49BE-B4CD-2CC60B9ADB93.png?fit=1080%2C1080&ssl=1&resize=1050%2C600 3x"},"classes":[]}],"jetpack_sharing_enabled":true,"_links":{"self":[{"href":"https:\/\/nicrochet.cl\/index.php\/wp-json\/wp\/v2\/product\/1230","targetHints":{"allow":["GET"]}}],"collection":[{"href":"https:\/\/nicrochet.cl\/index.php\/wp-json\/wp\/v2\/product"}],"about":[{"href":"https:\/\/nicrochet.cl\/index.php\/wp-json\/wp\/v2\/types\/product"}],"replies":[{"embeddable":true,"href":"https:\/\/nicrochet.cl\/index.php\/wp-json\/wp\/v2\/comments?post=1230"}],"wp:featuredmedia":[{"embeddable":true,"href":"https:\/\/nicrochet.cl\/index.php\/wp-json\/wp\/v2\/media\/1236"}],"wp:attachment":[{"href":"https:\/\/nicrochet.cl\/index.php\/wp-json\/wp\/v2\/media?parent=1230"}],"wp:term":[{"taxonomy":"product_brand","embeddable":true,"href":"https:\/\/nicrochet.cl\/index.php\/wp-json\/wp\/v2\/product_brand?post=1230"},{"taxonomy":"product_cat","embeddable":true,"href":"https:\/\/nicrochet.cl\/index.php\/wp-json\/wp\/v2\/product_cat?post=1230"},{"taxonomy":"product_tag","embeddable":true,"href":"https:\/\/nicrochet.cl\/index.php\/wp-json\/wp\/v2\/product_tag?post=1230"}],"curies":[{"name":"wp","href":"https:\/\/api.w.org\/{rel}","templated":true}]}}