{"id":1300,"date":"2023-09-25T17:10:44","date_gmt":"2023-09-25T20:10:44","guid":{"rendered":"https:\/\/nicrochet.cl\/?post_type=product&#038;p=1300"},"modified":"2025-11-29T20:58:33","modified_gmt":"2025-11-29T23:58:33","slug":"patron-top-paros","status":"publish","type":"product","link":"https:\/\/nicrochet.cl\/index.php\/product\/patron-top-paros\/","title":{"rendered":"Patr\u00f3n Top Paros"},"content":{"rendered":"<p><img data-recalc-dims=\"1\" fetchpriority=\"high\" decoding=\"async\" class=\" wp-image-1301 aligncenter\" src=\"https:\/\/i0.wp.com\/nicrochet.cl\/wp-content\/uploads\/2023\/09\/Top-Paros-Tallas.jpg?resize=605%2C393&ssl=1\" alt=\"\" width=\"605\" height=\"393\" srcset=\"https:\/\/i0.wp.com\/nicrochet.cl\/wp-content\/uploads\/2023\/09\/Top-Paros-Tallas.jpg?resize=300%2C195&ssl=1 300w, https:\/\/i0.wp.com\/nicrochet.cl\/wp-content\/uploads\/2023\/09\/Top-Paros-Tallas.jpg?resize=1024%2C666&ssl=1 1024w, https:\/\/i0.wp.com\/nicrochet.cl\/wp-content\/uploads\/2023\/09\/Top-Paros-Tallas.jpg?resize=768%2C499&ssl=1 768w, https:\/\/i0.wp.com\/nicrochet.cl\/wp-content\/uploads\/2023\/09\/Top-Paros-Tallas.jpg?resize=600%2C390&ssl=1 600w, https:\/\/i0.wp.com\/nicrochet.cl\/wp-content\/uploads\/2023\/09\/Top-Paros-Tallas.jpg?w=1200&ssl=1 1200w\" sizes=\"(max-width: 605px) 100vw, 605px\" \/><\/p>\n","protected":false},"excerpt":{"rendered":"<p>Este es un patr\u00f3n PDF donde encontrar\u00e1s la explicaci\u00f3n de todo lo que necesitas para tejer tu Top Paros.<\/p>\n<p><strong>Crochet<\/strong> 4 mm<br \/>\nTijeras<br \/>\n<strong>Grosor Hilado:<\/strong> Sport. Yo use Cotton de Revesderecho<\/p>\n<p><strong>Cantidad (grs y mts) por talla:<\/strong><\/p>\n<p><strong>Color base:<\/strong><\/p>\n<ul>\n<li>XS: 100 gramos\/ 250 metros<\/li>\n<li>S: 130 gramos\/ 325 metros<\/li>\n<li>M: 150 gramos\/ 375 metros<\/li>\n<li>L: 160 gramos\/ 400 metros<\/li>\n<li>XL: 200 gramos\/ 500 metros<\/li>\n<li>XXL: 220 gramos\/ 550 metros<\/li>\n<\/ul>\n<p><strong>Colores secundarios:<\/strong> se usan menos de 30 gramos por cada color secundario.<\/p>\n","protected":false},"featured_media":1302,"comment_status":"open","ping_status":"closed","template":"","meta":[],"product_brand":[],"product_cat":[17,20],"product_tag":[],"class_list":{"0":"post-1300","1":"product","2":"type-product","3":"status-publish","4":"has-post-thumbnail","6":"product_cat-patron","7":"product_cat-top","9":"first","10":"instock","11":"sale","12":"downloadable","13":"virtual","14":"purchasable","15":"product-type-simple"},"jetpack-related-posts":[{"id":413,"url":"https:\/\/nicrochet.cl\/index.php\/product\/patron-kimono-paros\/","url_meta":{"origin":1300,"position":0},"title":"Patr\u00f3n Kimono Paros","author":"Nicole Tobar","date":"Febrero 9, 2023","format":false,"excerpt":"Crochet 4 mm Tijeras Grosor Hilado: Sport. Yo use Cotton de Revesderecho Cantidad (grs y mts) por talla: \u25cf \u00a0Color base: \u00a0XS\/S: 400 gramos\/ 1000 metros \u00a0M\/L: 500 gramos\/ 1250 metros \u00a0XL\/XXL: 600 gramos\/ 1500 metros \u25cf \u00a0Colores secundarios: se usan menos de 50 gramos por cada color secundario.","rel":"","context":"Entrada similar ","block_context":{"text":"Entrada similar ","link":""},"img":{"alt_text":"","src":"https:\/\/i0.wp.com\/nicrochet.cl\/wp-content\/uploads\/2023\/02\/12332DFE-1274-47F2-B6CE-64CEA88655B5.png?fit=1080%2C1080&ssl=1&resize=350%2C200","width":350,"height":200,"srcset":"https:\/\/i0.wp.com\/nicrochet.cl\/wp-content\/uploads\/2023\/02\/12332DFE-1274-47F2-B6CE-64CEA88655B5.png?fit=1080%2C1080&ssl=1&resize=350%2C200 1x, https:\/\/i0.wp.com\/nicrochet.cl\/wp-content\/uploads\/2023\/02\/12332DFE-1274-47F2-B6CE-64CEA88655B5.png?fit=1080%2C1080&ssl=1&resize=525%2C300 1.5x, https:\/\/i0.wp.com\/nicrochet.cl\/wp-content\/uploads\/2023\/02\/12332DFE-1274-47F2-B6CE-64CEA88655B5.png?fit=1080%2C1080&ssl=1&resize=700%2C400 2x, https:\/\/i0.wp.com\/nicrochet.cl\/wp-content\/uploads\/2023\/02\/12332DFE-1274-47F2-B6CE-64CEA88655B5.png?fit=1080%2C1080&ssl=1&resize=1050%2C600 3x"},"classes":[]},{"id":441,"url":"https:\/\/nicrochet.cl\/index.php\/product\/patron-top-neon\/","url_meta":{"origin":1300,"position":1},"title":"Patr\u00f3n Top Neon","author":"Nicole Tobar","date":"Febrero 18, 2023","format":false,"excerpt":"Crochet 4 mm Tijeras Hilado grosor Sport. Yo use Skinny de Revesderecho Cantidad (grs y mts) por talla de cada color: XS: 100 gramos\/ 335 metros S: 125 gramos\/ 419 metros M: 140 gramos\/ 469 metros L: 150 gramos\/ 503 metros XL: 185 gramos\/ 620 metros XXL: 200 gramos\/ 670\u2026","rel":"","context":"Entrada similar ","block_context":{"text":"Entrada similar ","link":""},"img":{"alt_text":"","src":"https:\/\/i0.wp.com\/nicrochet.cl\/wp-content\/uploads\/2023\/02\/portada.png?fit=1080%2C1080&ssl=1&resize=350%2C200","width":350,"height":200,"srcset":"https:\/\/i0.wp.com\/nicrochet.cl\/wp-content\/uploads\/2023\/02\/portada.png?fit=1080%2C1080&ssl=1&resize=350%2C200 1x, https:\/\/i0.wp.com\/nicrochet.cl\/wp-content\/uploads\/2023\/02\/portada.png?fit=1080%2C1080&ssl=1&resize=525%2C300 1.5x, https:\/\/i0.wp.com\/nicrochet.cl\/wp-content\/uploads\/2023\/02\/portada.png?fit=1080%2C1080&ssl=1&resize=700%2C400 2x, https:\/\/i0.wp.com\/nicrochet.cl\/wp-content\/uploads\/2023\/02\/portada.png?fit=1080%2C1080&ssl=1&resize=1050%2C600 3x"},"classes":[]},{"id":1412,"url":"https:\/\/nicrochet.cl\/index.php\/product\/patron-doble-top-y-bikini-phi-phi\/","url_meta":{"origin":1300,"position":2},"title":"Patr\u00f3n Doble Top y Bikini Phi Phi","author":"Nicole Tobar","date":"Febrero 6, 2024","format":false,"excerpt":"Este es un patro\u0301n doble, podra\u0301s tejer tanto el Bikini como el Top. Ambos se detallan en 3 tallas dobles y son sencillos de adaptar a las medidas que desees. Para la versio\u0301n Bikini puedes trabajar con los restos que tengas en casa y hacerlo de mu\u0301ltiples colores, como tambie\u0301n,\u2026","rel":"","context":"Entrada similar ","block_context":{"text":"Entrada similar ","link":""},"img":{"alt_text":"","src":"https:\/\/i0.wp.com\/nicrochet.cl\/wp-content\/uploads\/2024\/02\/35719044-BE3B-4849-8176-86813CE00F82.png?fit=1080%2C1080&ssl=1&resize=350%2C200","width":350,"height":200,"srcset":"https:\/\/i0.wp.com\/nicrochet.cl\/wp-content\/uploads\/2024\/02\/35719044-BE3B-4849-8176-86813CE00F82.png?fit=1080%2C1080&ssl=1&resize=350%2C200 1x, https:\/\/i0.wp.com\/nicrochet.cl\/wp-content\/uploads\/2024\/02\/35719044-BE3B-4849-8176-86813CE00F82.png?fit=1080%2C1080&ssl=1&resize=525%2C300 1.5x, https:\/\/i0.wp.com\/nicrochet.cl\/wp-content\/uploads\/2024\/02\/35719044-BE3B-4849-8176-86813CE00F82.png?fit=1080%2C1080&ssl=1&resize=700%2C400 2x, https:\/\/i0.wp.com\/nicrochet.cl\/wp-content\/uploads\/2024\/02\/35719044-BE3B-4849-8176-86813CE00F82.png?fit=1080%2C1080&ssl=1&resize=1050%2C600 3x"},"classes":[]},{"id":77,"url":"https:\/\/nicrochet.cl\/index.php\/product\/patron-top-joy\/","url_meta":{"origin":1300,"position":3},"title":"Patr\u00f3n Top Joy","author":"Nicole Tobar","date":"Octubre 29, 2022","format":false,"excerpt":"Este es un patr\u00f3n PDF donde encontrar\u00e1s la explicaci\u00f3n de todo lo que necesitas para tejer tu Top Joy. Hilado grosor Sport \u2013 Viscosa Cantidad (grs y mts) por talla: XS: 130 gramos \/342 metros. S: 150 gramos \/ 395 metros. M: 185 gramos \/ 487 metros. L: 195 gramos\u2026","rel":"","context":"Entrada similar ","block_context":{"text":"Entrada similar ","link":""},"img":{"alt_text":"","src":"https:\/\/i0.wp.com\/nicrochet.cl\/wp-content\/uploads\/2022\/10\/WhatsApp-Image-2022-10-29-at-12.48.35-PM.jpeg?fit=1024%2C1024&ssl=1&resize=350%2C200","width":350,"height":200,"srcset":"https:\/\/i0.wp.com\/nicrochet.cl\/wp-content\/uploads\/2022\/10\/WhatsApp-Image-2022-10-29-at-12.48.35-PM.jpeg?fit=1024%2C1024&ssl=1&resize=350%2C200 1x, https:\/\/i0.wp.com\/nicrochet.cl\/wp-content\/uploads\/2022\/10\/WhatsApp-Image-2022-10-29-at-12.48.35-PM.jpeg?fit=1024%2C1024&ssl=1&resize=525%2C300 1.5x, https:\/\/i0.wp.com\/nicrochet.cl\/wp-content\/uploads\/2022\/10\/WhatsApp-Image-2022-10-29-at-12.48.35-PM.jpeg?fit=1024%2C1024&ssl=1&resize=700%2C400 2x"},"classes":[]},{"id":94,"url":"https:\/\/nicrochet.cl\/index.php\/product\/patron-top-lis\/","url_meta":{"origin":1300,"position":4},"title":"Patr\u00f3n Top Lis","author":"Nicole Tobar","date":"Noviembre 19, 2022","format":false,"excerpt":"Este es un patr\u00f3n PDF donde encontrar\u00e1s la explicaci\u00f3n de todo lo que necesitas para tejer tu Top Lis. Hilado grosor DK \u2013 Cotton Chips Cantidad (grs y mts) por talla: XS: 180 gramos\/ 351 metros S: 205 gramos\/ 400 metros M: 240 gramos\/ 468 metros L: 250 gramos\/ 488\u2026","rel":"","context":"Entrada similar ","block_context":{"text":"Entrada similar ","link":""},"img":{"alt_text":"","src":"https:\/\/i0.wp.com\/nicrochet.cl\/wp-content\/uploads\/2022\/10\/WhatsApp-Image-2022-10-29-at-1.15.08-PM.jpeg?fit=1024%2C1024&ssl=1&resize=350%2C200","width":350,"height":200,"srcset":"https:\/\/i0.wp.com\/nicrochet.cl\/wp-content\/uploads\/2022\/10\/WhatsApp-Image-2022-10-29-at-1.15.08-PM.jpeg?fit=1024%2C1024&ssl=1&resize=350%2C200 1x, https:\/\/i0.wp.com\/nicrochet.cl\/wp-content\/uploads\/2022\/10\/WhatsApp-Image-2022-10-29-at-1.15.08-PM.jpeg?fit=1024%2C1024&ssl=1&resize=525%2C300 1.5x, https:\/\/i0.wp.com\/nicrochet.cl\/wp-content\/uploads\/2022\/10\/WhatsApp-Image-2022-10-29-at-1.15.08-PM.jpeg?fit=1024%2C1024&ssl=1&resize=700%2C400 2x"},"classes":[]},{"id":100,"url":"https:\/\/nicrochet.cl\/index.php\/product\/patron-top-nube\/","url_meta":{"origin":1300,"position":5},"title":"Patr\u00f3n Top Nube","author":"Nicole Tobar","date":"Noviembre 19, 2022","format":false,"excerpt":"Este es un patr\u00f3n PDF donde encontrar\u00e1s la explicaci\u00f3n de todo lo que necesitas para tejer tu Top Nube. Hilado grosor Sport \u2013 DK \u2013 Cotton Revesderecho Cantidad (grs y mts) por talla: XS: 170 Gramos \/ 425 Metros S: 224 Gramos \/ 559 Metros M: 286 Gramos \/ 715\u2026","rel":"","context":"Entrada similar ","block_context":{"text":"Entrada similar ","link":""},"img":{"alt_text":"","src":"https:\/\/i0.wp.com\/nicrochet.cl\/wp-content\/uploads\/2022\/10\/WhatsApp-Image-2022-10-29-at-1.22.49-PM.jpeg?fit=1024%2C1024&ssl=1&resize=350%2C200","width":350,"height":200,"srcset":"https:\/\/i0.wp.com\/nicrochet.cl\/wp-content\/uploads\/2022\/10\/WhatsApp-Image-2022-10-29-at-1.22.49-PM.jpeg?fit=1024%2C1024&ssl=1&resize=350%2C200 1x, https:\/\/i0.wp.com\/nicrochet.cl\/wp-content\/uploads\/2022\/10\/WhatsApp-Image-2022-10-29-at-1.22.49-PM.jpeg?fit=1024%2C1024&ssl=1&resize=525%2C300 1.5x, https:\/\/i0.wp.com\/nicrochet.cl\/wp-content\/uploads\/2022\/10\/WhatsApp-Image-2022-10-29-at-1.22.49-PM.jpeg?fit=1024%2C1024&ssl=1&resize=700%2C400 2x"},"classes":[]}],"jetpack_sharing_enabled":true,"_links":{"self":[{"href":"https:\/\/nicrochet.cl\/index.php\/wp-json\/wp\/v2\/product\/1300","targetHints":{"allow":["GET"]}}],"collection":[{"href":"https:\/\/nicrochet.cl\/index.php\/wp-json\/wp\/v2\/product"}],"about":[{"href":"https:\/\/nicrochet.cl\/index.php\/wp-json\/wp\/v2\/types\/product"}],"replies":[{"embeddable":true,"href":"https:\/\/nicrochet.cl\/index.php\/wp-json\/wp\/v2\/comments?post=1300"}],"wp:featuredmedia":[{"embeddable":true,"href":"https:\/\/nicrochet.cl\/index.php\/wp-json\/wp\/v2\/media\/1302"}],"wp:attachment":[{"href":"https:\/\/nicrochet.cl\/index.php\/wp-json\/wp\/v2\/media?parent=1300"}],"wp:term":[{"taxonomy":"product_brand","embeddable":true,"href":"https:\/\/nicrochet.cl\/index.php\/wp-json\/wp\/v2\/product_brand?post=1300"},{"taxonomy":"product_cat","embeddable":true,"href":"https:\/\/nicrochet.cl\/index.php\/wp-json\/wp\/v2\/product_cat?post=1300"},{"taxonomy":"product_tag","embeddable":true,"href":"https:\/\/nicrochet.cl\/index.php\/wp-json\/wp\/v2\/product_tag?post=1300"}],"curies":[{"name":"wp","href":"https:\/\/api.w.org\/{rel}","templated":true}]}}