{"id":1379,"date":"2024-01-09T11:20:06","date_gmt":"2024-01-09T14:20:06","guid":{"rendered":"https:\/\/nicrochet.cl\/?post_type=product&#038;p=1379"},"modified":"2025-11-29T21:08:43","modified_gmt":"2025-11-30T00:08:43","slug":"patron-top-perle","status":"publish","type":"product","link":"https:\/\/nicrochet.cl\/index.php\/product\/patron-top-perle\/","title":{"rendered":"Patr\u00f3n Top Perl\u00e9"},"content":{"rendered":"<p><img data-recalc-dims=\"1\" fetchpriority=\"high\" decoding=\"async\" class=\" wp-image-1384 aligncenter\" src=\"https:\/\/i0.wp.com\/nicrochet.cl\/wp-content\/uploads\/2024\/01\/medidas-top-perle.png?resize=580%2C350&ssl=1\" alt=\"\" width=\"580\" height=\"350\" srcset=\"https:\/\/i0.wp.com\/nicrochet.cl\/wp-content\/uploads\/2024\/01\/medidas-top-perle.png?resize=300%2C181&ssl=1 300w, https:\/\/i0.wp.com\/nicrochet.cl\/wp-content\/uploads\/2024\/01\/medidas-top-perle.png?resize=1024%2C617&ssl=1 1024w, https:\/\/i0.wp.com\/nicrochet.cl\/wp-content\/uploads\/2024\/01\/medidas-top-perle.png?resize=768%2C463&ssl=1 768w, https:\/\/i0.wp.com\/nicrochet.cl\/wp-content\/uploads\/2024\/01\/medidas-top-perle.png?resize=1536%2C926&ssl=1 1536w, https:\/\/i0.wp.com\/nicrochet.cl\/wp-content\/uploads\/2024\/01\/medidas-top-perle.png?resize=2048%2C1235&ssl=1 2048w, https:\/\/i0.wp.com\/nicrochet.cl\/wp-content\/uploads\/2024\/01\/medidas-top-perle.png?resize=1320%2C796&ssl=1 1320w, https:\/\/i0.wp.com\/nicrochet.cl\/wp-content\/uploads\/2024\/01\/medidas-top-perle.png?resize=600%2C362&ssl=1 600w, https:\/\/i0.wp.com\/nicrochet.cl\/wp-content\/uploads\/2024\/01\/medidas-top-perle.png?w=1920&ssl=1 1920w\" sizes=\"(max-width: 580px) 100vw, 580px\" \/><\/p>\n","protected":false},"excerpt":{"rendered":"<div class=\"page\" title=\"Page 2\">\n<div class=\"section\">\n<div class=\"layoutArea\">\n<div class=\"column\">\n<div class=\"page\" title=\"Page 2\">\n<div class=\"section\">\n<div class=\"layoutArea\">\n<div class=\"column\">\n<p>Hilado: Algodo\u0301n Charme de Ci\u0301rculo @crochetmarce Grosor: Sport<\/p>\n<p>Cantidad (grs y mts) por talla:<\/p>\n<ul>\n<li>Talla XS\/S: 250 grs \/ 660 mts<\/li>\n<li>Talla M\/L: 360 grs \/ 950 mts<\/li>\n<li>Talla XL\/XXL: 440 grs \/ 1.162 mts<\/li>\n<\/ul>\n<p>Crochet: Crochet 4.0 mm y 0.6 mm para perlas.<\/p>\n<p>Perlas: 85, 95, 115<\/p>\n<p>Materiales adicionales: Cinta me\u0301trica, marca puntos, aguja lanera, tijeras.<\/p>\n<\/div>\n<\/div>\n<\/div>\n<\/div>\n<\/div>\n<\/div>\n<\/div>\n<\/div>\n","protected":false},"featured_media":1383,"comment_status":"open","ping_status":"closed","template":"","meta":[],"product_brand":[],"product_cat":[39],"product_tag":[],"class_list":{"0":"post-1379","1":"product","2":"type-product","3":"status-publish","4":"has-post-thumbnail","6":"product_cat-top-patron","8":"first","9":"instock","10":"sale","11":"downloadable","12":"virtual","13":"purchasable","14":"product-type-simple"},"jetpack-related-posts":[{"id":1090,"url":"https:\/\/nicrochet.cl\/index.php\/product\/patron-sweater-cloud\/","url_meta":{"origin":1379,"position":0},"title":"Patr\u00f3n Sweater Cloud","author":"Nicole Tobar","date":"Julio 7, 2023","format":false,"excerpt":"Hilado: Suri de Lanas Rey Principe. Grosor: Bulky Cantidad (grs y mts) por talla: Para Suri de Color: Talla XS\/S: 200 grs \/ 520 mts Talla M\/L: 250 grs \/ 650 mts Talla 3XL\/XXL: 250 grs \/ 650 mts Para Suri Gradient: Talla XS\/S: 250 grs (150 grs color +\u2026","rel":"","context":"Entrada similar ","block_context":{"text":"Entrada similar ","link":""},"img":{"alt_text":"","src":"https:\/\/i0.wp.com\/nicrochet.cl\/wp-content\/uploads\/2023\/07\/cloud.png?fit=1080%2C1080&ssl=1&resize=350%2C200","width":350,"height":200,"srcset":"https:\/\/i0.wp.com\/nicrochet.cl\/wp-content\/uploads\/2023\/07\/cloud.png?fit=1080%2C1080&ssl=1&resize=350%2C200 1x, https:\/\/i0.wp.com\/nicrochet.cl\/wp-content\/uploads\/2023\/07\/cloud.png?fit=1080%2C1080&ssl=1&resize=525%2C300 1.5x, https:\/\/i0.wp.com\/nicrochet.cl\/wp-content\/uploads\/2023\/07\/cloud.png?fit=1080%2C1080&ssl=1&resize=700%2C400 2x, https:\/\/i0.wp.com\/nicrochet.cl\/wp-content\/uploads\/2023\/07\/cloud.png?fit=1080%2C1080&ssl=1&resize=1050%2C600 3x"},"classes":[]},{"id":1533,"url":"https:\/\/nicrochet.cl\/index.php\/product\/patron-sweater-lines\/","url_meta":{"origin":1379,"position":1},"title":"Patr\u00f3n Sweater Lines","author":"Nicole Tobar","date":"Mayo 28, 2024","format":false,"excerpt":"Materiales Hilado: Happy de C\u00edrculo Grosor: Sport Cantidad (grs y mts) por talla: Color Base: Talla XS\/S: 240 grs \/ 648 mts Talla M\/L: 290 grs \/ 783 mts Talla XL\/XXL: 370 grs \/ 999 mts Color L\u00edneas: Talla XS\/S: 100 grs \/ 270 mts Talla M\/L: 140 grs \/\u2026","rel":"","context":"Entrada similar ","block_context":{"text":"Entrada similar ","link":""},"img":{"alt_text":"","src":"https:\/\/i0.wp.com\/nicrochet.cl\/wp-content\/uploads\/2024\/05\/776B8402-F8DA-49BE-B4CD-2CC60B9ADB93.png?fit=1080%2C1080&ssl=1&resize=350%2C200","width":350,"height":200,"srcset":"https:\/\/i0.wp.com\/nicrochet.cl\/wp-content\/uploads\/2024\/05\/776B8402-F8DA-49BE-B4CD-2CC60B9ADB93.png?fit=1080%2C1080&ssl=1&resize=350%2C200 1x, https:\/\/i0.wp.com\/nicrochet.cl\/wp-content\/uploads\/2024\/05\/776B8402-F8DA-49BE-B4CD-2CC60B9ADB93.png?fit=1080%2C1080&ssl=1&resize=525%2C300 1.5x, https:\/\/i0.wp.com\/nicrochet.cl\/wp-content\/uploads\/2024\/05\/776B8402-F8DA-49BE-B4CD-2CC60B9ADB93.png?fit=1080%2C1080&ssl=1&resize=700%2C400 2x, https:\/\/i0.wp.com\/nicrochet.cl\/wp-content\/uploads\/2024\/05\/776B8402-F8DA-49BE-B4CD-2CC60B9ADB93.png?fit=1080%2C1080&ssl=1&resize=1050%2C600 3x"},"classes":[]},{"id":516,"url":"https:\/\/nicrochet.cl\/index.php\/product\/patron-sweater-fairy\/","url_meta":{"origin":1379,"position":2},"title":"Patr\u00f3n Sweater Fairy","author":"Nicole Tobar","date":"Marzo 17, 2023","format":false,"excerpt":"Hilado: Lana Merino Superwash Socks de @Julieta.inspira Grosor: Fingering Cantidad (grs y mts) por talla: Color 1 (Espalda y Delantero) Talla 1: 150 grs \/ 600 mts Talla 2: 190 grs \/ 760 mts Talla 3: 230 grs \/ 920 mts Color 2 (Mangas) Talla 1: 150 grs \/ 600\u2026","rel":"","context":"Entrada similar ","block_context":{"text":"Entrada similar ","link":""},"img":{"alt_text":"","src":"https:\/\/i0.wp.com\/nicrochet.cl\/wp-content\/uploads\/2023\/03\/8980E50A-7726-40DF-A278-8C670E992802.png?fit=1080%2C1080&ssl=1&resize=350%2C200","width":350,"height":200,"srcset":"https:\/\/i0.wp.com\/nicrochet.cl\/wp-content\/uploads\/2023\/03\/8980E50A-7726-40DF-A278-8C670E992802.png?fit=1080%2C1080&ssl=1&resize=350%2C200 1x, https:\/\/i0.wp.com\/nicrochet.cl\/wp-content\/uploads\/2023\/03\/8980E50A-7726-40DF-A278-8C670E992802.png?fit=1080%2C1080&ssl=1&resize=525%2C300 1.5x, https:\/\/i0.wp.com\/nicrochet.cl\/wp-content\/uploads\/2023\/03\/8980E50A-7726-40DF-A278-8C670E992802.png?fit=1080%2C1080&ssl=1&resize=700%2C400 2x, https:\/\/i0.wp.com\/nicrochet.cl\/wp-content\/uploads\/2023\/03\/8980E50A-7726-40DF-A278-8C670E992802.png?fit=1080%2C1080&ssl=1&resize=1050%2C600 3x"},"classes":[]},{"id":2021,"url":"https:\/\/nicrochet.cl\/index.php\/product\/cardigan-busan\/","url_meta":{"origin":1379,"position":3},"title":"Cardigan Busan","author":"Nicole Tobar","date":"Mayo 20, 2025","format":false,"excerpt":"Hilado: La Mia Mercerized Cotton Yarn Grosor: Sport Cantidad (grs y mts) por talla: Talla 1: 400 grs\u00a0 \/ 1080 mts Talla 2: 480 grs \/ 1296 mts Talla 3: 570 grs \/ 1539 mts Talla 4: 680 grs \/ 1836 mts Crochet: Crochet 4.0 mm. Botones:\u00a0 5 Botones de\u2026","rel":"","context":"Entrada similar ","block_context":{"text":"Entrada similar ","link":""},"img":{"alt_text":"","src":"https:\/\/i0.wp.com\/nicrochet.cl\/wp-content\/uploads\/2025\/05\/celta-copiar-4.png?fit=1200%2C1200&ssl=1&resize=350%2C200","width":350,"height":200,"srcset":"https:\/\/i0.wp.com\/nicrochet.cl\/wp-content\/uploads\/2025\/05\/celta-copiar-4.png?fit=1200%2C1200&ssl=1&resize=350%2C200 1x, https:\/\/i0.wp.com\/nicrochet.cl\/wp-content\/uploads\/2025\/05\/celta-copiar-4.png?fit=1200%2C1200&ssl=1&resize=525%2C300 1.5x, https:\/\/i0.wp.com\/nicrochet.cl\/wp-content\/uploads\/2025\/05\/celta-copiar-4.png?fit=1200%2C1200&ssl=1&resize=700%2C400 2x, https:\/\/i0.wp.com\/nicrochet.cl\/wp-content\/uploads\/2025\/05\/celta-copiar-4.png?fit=1200%2C1200&ssl=1&resize=1050%2C600 3x"},"classes":[]},{"id":21,"url":"https:\/\/nicrochet.cl\/index.php\/product\/patron-sweater-moon\/","url_meta":{"origin":1379,"position":4},"title":"Patr\u00f3n Sweater Moon","author":"Nicole Tobar","date":"Junio 17, 2022","format":false,"excerpt":"Este es un patr\u00f3n PDF donde encontrar\u00e1s la explicaci\u00f3n paso a paso para tejer tu Sweater Moon. Los materiales: Hilado: Silky de Revesderecho Grosor: Sport \/ DK Cantidad (grs y mts) por talla: Talla 1: 480 grs \/ 1229 mts Talla 2: 510 grs \/ 1306 mts Talla 3: 540\u2026","rel":"","context":"Entrada similar ","block_context":{"text":"Entrada similar ","link":""},"img":{"alt_text":"","src":"https:\/\/i0.wp.com\/nicrochet.cl\/wp-content\/uploads\/2022\/06\/BA3AB7CF-02D9-4BC3-84EB-781F1FE996D7.webp?fit=1080%2C1080&ssl=1&resize=350%2C200","width":350,"height":200,"srcset":"https:\/\/i0.wp.com\/nicrochet.cl\/wp-content\/uploads\/2022\/06\/BA3AB7CF-02D9-4BC3-84EB-781F1FE996D7.webp?fit=1080%2C1080&ssl=1&resize=350%2C200 1x, https:\/\/i0.wp.com\/nicrochet.cl\/wp-content\/uploads\/2022\/06\/BA3AB7CF-02D9-4BC3-84EB-781F1FE996D7.webp?fit=1080%2C1080&ssl=1&resize=525%2C300 1.5x, https:\/\/i0.wp.com\/nicrochet.cl\/wp-content\/uploads\/2022\/06\/BA3AB7CF-02D9-4BC3-84EB-781F1FE996D7.webp?fit=1080%2C1080&ssl=1&resize=700%2C400 2x, https:\/\/i0.wp.com\/nicrochet.cl\/wp-content\/uploads\/2022\/06\/BA3AB7CF-02D9-4BC3-84EB-781F1FE996D7.webp?fit=1080%2C1080&ssl=1&resize=1050%2C600 3x"},"classes":[]},{"id":128,"url":"https:\/\/nicrochet.cl\/index.php\/product\/patron-lemon-vest\/","url_meta":{"origin":1379,"position":5},"title":"Patr\u00f3n Lemon Vest","author":"Nicole Tobar","date":"Noviembre 6, 2022","format":false,"excerpt":"Este es un patr\u00f3n PDF donde encontrar\u00e1s la explicaci\u00f3n paso a paso para tejer tu Lemon Vest Hilado:\u00a0Lana Merino @Hebrabuena Grosor:\u00a0DK Cantidad (grs y mts) por talla: Talla XS:\u00a0230 grs \/ 575 mts Talla S:\u00a0 282 grs \/ 704 mts Talla M:\u00a0 300 grs \/ 750 mts Talla L:\u00a0\u00a0343 grs\u2026","rel":"","context":"Entrada similar ","block_context":{"text":"Entrada similar ","link":""},"img":{"alt_text":"","src":"https:\/\/i0.wp.com\/nicrochet.cl\/wp-content\/uploads\/2022\/10\/WhatsApp-Image-2022-10-29-at-3.05.34-PM.jpeg?fit=1024%2C1024&ssl=1&resize=350%2C200","width":350,"height":200,"srcset":"https:\/\/i0.wp.com\/nicrochet.cl\/wp-content\/uploads\/2022\/10\/WhatsApp-Image-2022-10-29-at-3.05.34-PM.jpeg?fit=1024%2C1024&ssl=1&resize=350%2C200 1x, https:\/\/i0.wp.com\/nicrochet.cl\/wp-content\/uploads\/2022\/10\/WhatsApp-Image-2022-10-29-at-3.05.34-PM.jpeg?fit=1024%2C1024&ssl=1&resize=525%2C300 1.5x, https:\/\/i0.wp.com\/nicrochet.cl\/wp-content\/uploads\/2022\/10\/WhatsApp-Image-2022-10-29-at-3.05.34-PM.jpeg?fit=1024%2C1024&ssl=1&resize=700%2C400 2x"},"classes":[]}],"jetpack_sharing_enabled":true,"_links":{"self":[{"href":"https:\/\/nicrochet.cl\/index.php\/wp-json\/wp\/v2\/product\/1379","targetHints":{"allow":["GET"]}}],"collection":[{"href":"https:\/\/nicrochet.cl\/index.php\/wp-json\/wp\/v2\/product"}],"about":[{"href":"https:\/\/nicrochet.cl\/index.php\/wp-json\/wp\/v2\/types\/product"}],"replies":[{"embeddable":true,"href":"https:\/\/nicrochet.cl\/index.php\/wp-json\/wp\/v2\/comments?post=1379"}],"wp:featuredmedia":[{"embeddable":true,"href":"https:\/\/nicrochet.cl\/index.php\/wp-json\/wp\/v2\/media\/1383"}],"wp:attachment":[{"href":"https:\/\/nicrochet.cl\/index.php\/wp-json\/wp\/v2\/media?parent=1379"}],"wp:term":[{"taxonomy":"product_brand","embeddable":true,"href":"https:\/\/nicrochet.cl\/index.php\/wp-json\/wp\/v2\/product_brand?post=1379"},{"taxonomy":"product_cat","embeddable":true,"href":"https:\/\/nicrochet.cl\/index.php\/wp-json\/wp\/v2\/product_cat?post=1379"},{"taxonomy":"product_tag","embeddable":true,"href":"https:\/\/nicrochet.cl\/index.php\/wp-json\/wp\/v2\/product_tag?post=1379"}],"curies":[{"name":"wp","href":"https:\/\/api.w.org\/{rel}","templated":true}]}}