{"id":161,"date":"2022-11-21T23:35:26","date_gmt":"2022-11-22T02:35:26","guid":{"rendered":"http:\/\/143.198.158.217\/?post_type=product&#038;p=161"},"modified":"2024-11-02T20:57:47","modified_gmt":"2024-11-02T23:57:47","slug":"patron-jess-cardigan","status":"publish","type":"product","link":"https:\/\/nicrochet.cl\/index.php\/product\/patron-jess-cardigan\/","title":{"rendered":"Patr\u00f3n Jess C\u00e1rdigan"},"content":{"rendered":"<p><img data-recalc-dims=\"1\" fetchpriority=\"high\" decoding=\"async\" class=\"alignnone size-full wp-image-306\" src=\"https:\/\/i0.wp.com\/143.198.158.217\/wp-content\/uploads\/2022\/10\/Jess-cardigan.png?resize=640%2C356\" alt=\"\" width=\"640\" height=\"356\" srcset=\"https:\/\/i0.wp.com\/nicrochet.cl\/wp-content\/uploads\/2022\/10\/Jess-cardigan.png?w=1430&ssl=1 1430w, https:\/\/i0.wp.com\/nicrochet.cl\/wp-content\/uploads\/2022\/10\/Jess-cardigan.png?resize=600%2C334&ssl=1 600w, https:\/\/i0.wp.com\/nicrochet.cl\/wp-content\/uploads\/2022\/10\/Jess-cardigan.png?resize=300%2C167&ssl=1 300w, https:\/\/i0.wp.com\/nicrochet.cl\/wp-content\/uploads\/2022\/10\/Jess-cardigan.png?resize=1024%2C570&ssl=1 1024w, https:\/\/i0.wp.com\/nicrochet.cl\/wp-content\/uploads\/2022\/10\/Jess-cardigan.png?resize=768%2C428&ssl=1 768w, https:\/\/i0.wp.com\/nicrochet.cl\/wp-content\/uploads\/2022\/10\/Jess-cardigan.png?resize=1320%2C735&ssl=1 1320w\" sizes=\"(max-width: 640px) 100vw, 640px\" \/><\/p>\n","protected":false},"excerpt":{"rendered":"<p>Este es un patr\u00f3n PDF donde encontrar\u00e1s la explicaci\u00f3n paso a paso para tejer tu Jess C\u00e1rdigan<\/p>\n<div class=\"page\" title=\"Page 2\">\n<div class=\"section\">\n<div class=\"layoutArea\">\n<div class=\"column\">Hilado: King de Revesderecho<\/div>\n<div class=\"column\">Grosor: DK \/ Worsted Light<\/div>\n<div class=\"column\">\n<p>Cantidad (grs y mts) por talla:<\/p>\n<ul>\n<li>Talla 1: 550 grs \/ 935 mts<\/li>\n<li>Talla 2: 580 grs \/ 986 mts<\/li>\n<li>Talla 3: 670 grs \/ 1.139 mts<\/li>\n<li>Talla 4: 700 grs \/ 1.190 mts<\/li>\n<li>Talla 5: 800 grs \/ 1.360 mts<\/li>\n<li>Talla 6: 850 grs \/ 1.445 mts<\/li>\n<\/ul>\n<p>Crochet: 6 mm<\/p>\n<p>Materiales adicionales: Cinta m\u00e9trica, marca puntos, aguja lanera, tijeras.<\/p>\n<\/div>\n<\/div>\n<\/div>\n<\/div>\n","protected":false},"featured_media":162,"comment_status":"open","ping_status":"closed","template":"","meta":[],"product_brand":[],"product_cat":[35],"product_tag":[],"class_list":{"0":"post-161","1":"product","2":"type-product","3":"status-publish","4":"has-post-thumbnail","6":"product_cat-cardigan-patron","8":"first","9":"instock","10":"sale","11":"downloadable","12":"virtual","13":"purchasable","14":"product-type-simple"},"jetpack-related-posts":[{"id":1242,"url":"https:\/\/nicrochet.cl\/index.php\/product\/patron-cardigan-bombon\/","url_meta":{"origin":161,"position":0},"title":"Patr\u00f3n C\u00e1rdigan Bombon","author":"Nicole Tobar","date":"Agosto 25, 2023","format":false,"excerpt":"Hilado: King Revesderecho Grosor: DK - Light Worsted Cantidad (grs y mts) por talla: Talla XS\/S: 600 grs \/ 1.020 mts Talla M\/L: 700 grs \/ 1.190 mts Talla XL\/XXL: 800 grs \/ 1.369 mts Crochet: 6 mm Materiales adicionales: Cinta m\u00e9trica, marca puntos, aguja lanera, tijeras.","rel":"","context":"Entrada similar ","block_context":{"text":"Entrada similar ","link":""},"img":{"alt_text":"","src":"https:\/\/i0.wp.com\/nicrochet.cl\/wp-content\/uploads\/2023\/08\/AC304AF0-C18A-46A0-9DD5-78520E0DA47E.png?fit=1080%2C1080&ssl=1&resize=350%2C200","width":350,"height":200,"srcset":"https:\/\/i0.wp.com\/nicrochet.cl\/wp-content\/uploads\/2023\/08\/AC304AF0-C18A-46A0-9DD5-78520E0DA47E.png?fit=1080%2C1080&ssl=1&resize=350%2C200 1x, https:\/\/i0.wp.com\/nicrochet.cl\/wp-content\/uploads\/2023\/08\/AC304AF0-C18A-46A0-9DD5-78520E0DA47E.png?fit=1080%2C1080&ssl=1&resize=525%2C300 1.5x, https:\/\/i0.wp.com\/nicrochet.cl\/wp-content\/uploads\/2023\/08\/AC304AF0-C18A-46A0-9DD5-78520E0DA47E.png?fit=1080%2C1080&ssl=1&resize=700%2C400 2x, https:\/\/i0.wp.com\/nicrochet.cl\/wp-content\/uploads\/2023\/08\/AC304AF0-C18A-46A0-9DD5-78520E0DA47E.png?fit=1080%2C1080&ssl=1&resize=1050%2C600 3x"},"classes":[]},{"id":21,"url":"https:\/\/nicrochet.cl\/index.php\/product\/patron-sweater-moon\/","url_meta":{"origin":161,"position":1},"title":"Patr\u00f3n Sweater Moon","author":"Nicole Tobar","date":"Junio 17, 2022","format":false,"excerpt":"Este es un patr\u00f3n PDF donde encontrar\u00e1s la explicaci\u00f3n paso a paso para tejer tu Sweater Moon. Los materiales: Hilado: Silky de Revesderecho Grosor: Sport \/ DK Cantidad (grs y mts) por talla: Talla 1: 480 grs \/ 1229 mts Talla 2: 510 grs \/ 1306 mts Talla 3: 540\u2026","rel":"","context":"Entrada similar ","block_context":{"text":"Entrada similar ","link":""},"img":{"alt_text":"","src":"https:\/\/i0.wp.com\/nicrochet.cl\/wp-content\/uploads\/2022\/06\/BA3AB7CF-02D9-4BC3-84EB-781F1FE996D7.webp?fit=1080%2C1080&ssl=1&resize=350%2C200","width":350,"height":200,"srcset":"https:\/\/i0.wp.com\/nicrochet.cl\/wp-content\/uploads\/2022\/06\/BA3AB7CF-02D9-4BC3-84EB-781F1FE996D7.webp?fit=1080%2C1080&ssl=1&resize=350%2C200 1x, https:\/\/i0.wp.com\/nicrochet.cl\/wp-content\/uploads\/2022\/06\/BA3AB7CF-02D9-4BC3-84EB-781F1FE996D7.webp?fit=1080%2C1080&ssl=1&resize=525%2C300 1.5x, https:\/\/i0.wp.com\/nicrochet.cl\/wp-content\/uploads\/2022\/06\/BA3AB7CF-02D9-4BC3-84EB-781F1FE996D7.webp?fit=1080%2C1080&ssl=1&resize=700%2C400 2x, https:\/\/i0.wp.com\/nicrochet.cl\/wp-content\/uploads\/2022\/06\/BA3AB7CF-02D9-4BC3-84EB-781F1FE996D7.webp?fit=1080%2C1080&ssl=1&resize=1050%2C600 3x"},"classes":[]},{"id":2021,"url":"https:\/\/nicrochet.cl\/index.php\/product\/cardigan-busan\/","url_meta":{"origin":161,"position":2},"title":"Cardigan Busan","author":"Nicole Tobar","date":"Mayo 20, 2025","format":false,"excerpt":"Hilado: La Mia Mercerized Cotton Yarn Grosor: Sport Cantidad (grs y mts) por talla: Talla 1: 400 grs\u00a0 \/ 1080 mts Talla 2: 480 grs \/ 1296 mts Talla 3: 570 grs \/ 1539 mts Talla 4: 680 grs \/ 1836 mts Crochet: Crochet 4.0 mm. Botones:\u00a0 5 Botones de\u2026","rel":"","context":"Entrada similar ","block_context":{"text":"Entrada similar ","link":""},"img":{"alt_text":"","src":"https:\/\/i0.wp.com\/nicrochet.cl\/wp-content\/uploads\/2025\/05\/celta-copiar-4.png?fit=1200%2C1200&ssl=1&resize=350%2C200","width":350,"height":200,"srcset":"https:\/\/i0.wp.com\/nicrochet.cl\/wp-content\/uploads\/2025\/05\/celta-copiar-4.png?fit=1200%2C1200&ssl=1&resize=350%2C200 1x, https:\/\/i0.wp.com\/nicrochet.cl\/wp-content\/uploads\/2025\/05\/celta-copiar-4.png?fit=1200%2C1200&ssl=1&resize=525%2C300 1.5x, https:\/\/i0.wp.com\/nicrochet.cl\/wp-content\/uploads\/2025\/05\/celta-copiar-4.png?fit=1200%2C1200&ssl=1&resize=700%2C400 2x, https:\/\/i0.wp.com\/nicrochet.cl\/wp-content\/uploads\/2025\/05\/celta-copiar-4.png?fit=1200%2C1200&ssl=1&resize=1050%2C600 3x"},"classes":[]},{"id":128,"url":"https:\/\/nicrochet.cl\/index.php\/product\/patron-lemon-vest\/","url_meta":{"origin":161,"position":3},"title":"Patr\u00f3n Lemon Vest","author":"Nicole Tobar","date":"Noviembre 6, 2022","format":false,"excerpt":"Este es un patr\u00f3n PDF donde encontrar\u00e1s la explicaci\u00f3n paso a paso para tejer tu Lemon Vest Hilado:\u00a0Lana Merino @Hebrabuena Grosor:\u00a0DK Cantidad (grs y mts) por talla: Talla XS:\u00a0230 grs \/ 575 mts Talla S:\u00a0 282 grs \/ 704 mts Talla M:\u00a0 300 grs \/ 750 mts Talla L:\u00a0\u00a0343 grs\u2026","rel":"","context":"Entrada similar ","block_context":{"text":"Entrada similar ","link":""},"img":{"alt_text":"","src":"https:\/\/i0.wp.com\/nicrochet.cl\/wp-content\/uploads\/2022\/10\/WhatsApp-Image-2022-10-29-at-3.05.34-PM.jpeg?fit=1024%2C1024&ssl=1&resize=350%2C200","width":350,"height":200,"srcset":"https:\/\/i0.wp.com\/nicrochet.cl\/wp-content\/uploads\/2022\/10\/WhatsApp-Image-2022-10-29-at-3.05.34-PM.jpeg?fit=1024%2C1024&ssl=1&resize=350%2C200 1x, https:\/\/i0.wp.com\/nicrochet.cl\/wp-content\/uploads\/2022\/10\/WhatsApp-Image-2022-10-29-at-3.05.34-PM.jpeg?fit=1024%2C1024&ssl=1&resize=525%2C300 1.5x, https:\/\/i0.wp.com\/nicrochet.cl\/wp-content\/uploads\/2022\/10\/WhatsApp-Image-2022-10-29-at-3.05.34-PM.jpeg?fit=1024%2C1024&ssl=1&resize=700%2C400 2x"},"classes":[]},{"id":1533,"url":"https:\/\/nicrochet.cl\/index.php\/product\/patron-sweater-lines\/","url_meta":{"origin":161,"position":4},"title":"Patr\u00f3n Sweater Lines","author":"Nicole Tobar","date":"Mayo 28, 2024","format":false,"excerpt":"Materiales Hilado: Happy de C\u00edrculo Grosor: Sport Cantidad (grs y mts) por talla: Color Base: Talla XS\/S: 240 grs \/ 648 mts Talla M\/L: 290 grs \/ 783 mts Talla XL\/XXL: 370 grs \/ 999 mts Color L\u00edneas: Talla XS\/S: 100 grs \/ 270 mts Talla M\/L: 140 grs \/\u2026","rel":"","context":"Entrada similar ","block_context":{"text":"Entrada similar ","link":""},"img":{"alt_text":"","src":"https:\/\/i0.wp.com\/nicrochet.cl\/wp-content\/uploads\/2024\/05\/776B8402-F8DA-49BE-B4CD-2CC60B9ADB93.png?fit=1080%2C1080&ssl=1&resize=350%2C200","width":350,"height":200,"srcset":"https:\/\/i0.wp.com\/nicrochet.cl\/wp-content\/uploads\/2024\/05\/776B8402-F8DA-49BE-B4CD-2CC60B9ADB93.png?fit=1080%2C1080&ssl=1&resize=350%2C200 1x, https:\/\/i0.wp.com\/nicrochet.cl\/wp-content\/uploads\/2024\/05\/776B8402-F8DA-49BE-B4CD-2CC60B9ADB93.png?fit=1080%2C1080&ssl=1&resize=525%2C300 1.5x, https:\/\/i0.wp.com\/nicrochet.cl\/wp-content\/uploads\/2024\/05\/776B8402-F8DA-49BE-B4CD-2CC60B9ADB93.png?fit=1080%2C1080&ssl=1&resize=700%2C400 2x, https:\/\/i0.wp.com\/nicrochet.cl\/wp-content\/uploads\/2024\/05\/776B8402-F8DA-49BE-B4CD-2CC60B9ADB93.png?fit=1080%2C1080&ssl=1&resize=1050%2C600 3x"},"classes":[]},{"id":516,"url":"https:\/\/nicrochet.cl\/index.php\/product\/patron-sweater-fairy\/","url_meta":{"origin":161,"position":5},"title":"Patr\u00f3n Sweater Fairy","author":"Nicole Tobar","date":"Marzo 17, 2023","format":false,"excerpt":"Hilado: Lana Merino Superwash Socks de @Julieta.inspira Grosor: Fingering Cantidad (grs y mts) por talla: Color 1 (Espalda y Delantero) Talla 1: 150 grs \/ 600 mts Talla 2: 190 grs \/ 760 mts Talla 3: 230 grs \/ 920 mts Color 2 (Mangas) Talla 1: 150 grs \/ 600\u2026","rel":"","context":"Entrada similar ","block_context":{"text":"Entrada similar ","link":""},"img":{"alt_text":"","src":"https:\/\/i0.wp.com\/nicrochet.cl\/wp-content\/uploads\/2023\/03\/8980E50A-7726-40DF-A278-8C670E992802.png?fit=1080%2C1080&ssl=1&resize=350%2C200","width":350,"height":200,"srcset":"https:\/\/i0.wp.com\/nicrochet.cl\/wp-content\/uploads\/2023\/03\/8980E50A-7726-40DF-A278-8C670E992802.png?fit=1080%2C1080&ssl=1&resize=350%2C200 1x, https:\/\/i0.wp.com\/nicrochet.cl\/wp-content\/uploads\/2023\/03\/8980E50A-7726-40DF-A278-8C670E992802.png?fit=1080%2C1080&ssl=1&resize=525%2C300 1.5x, https:\/\/i0.wp.com\/nicrochet.cl\/wp-content\/uploads\/2023\/03\/8980E50A-7726-40DF-A278-8C670E992802.png?fit=1080%2C1080&ssl=1&resize=700%2C400 2x, https:\/\/i0.wp.com\/nicrochet.cl\/wp-content\/uploads\/2023\/03\/8980E50A-7726-40DF-A278-8C670E992802.png?fit=1080%2C1080&ssl=1&resize=1050%2C600 3x"},"classes":[]}],"jetpack_sharing_enabled":true,"_links":{"self":[{"href":"https:\/\/nicrochet.cl\/index.php\/wp-json\/wp\/v2\/product\/161","targetHints":{"allow":["GET"]}}],"collection":[{"href":"https:\/\/nicrochet.cl\/index.php\/wp-json\/wp\/v2\/product"}],"about":[{"href":"https:\/\/nicrochet.cl\/index.php\/wp-json\/wp\/v2\/types\/product"}],"replies":[{"embeddable":true,"href":"https:\/\/nicrochet.cl\/index.php\/wp-json\/wp\/v2\/comments?post=161"}],"wp:featuredmedia":[{"embeddable":true,"href":"https:\/\/nicrochet.cl\/index.php\/wp-json\/wp\/v2\/media\/162"}],"wp:attachment":[{"href":"https:\/\/nicrochet.cl\/index.php\/wp-json\/wp\/v2\/media?parent=161"}],"wp:term":[{"taxonomy":"product_brand","embeddable":true,"href":"https:\/\/nicrochet.cl\/index.php\/wp-json\/wp\/v2\/product_brand?post=161"},{"taxonomy":"product_cat","embeddable":true,"href":"https:\/\/nicrochet.cl\/index.php\/wp-json\/wp\/v2\/product_cat?post=161"},{"taxonomy":"product_tag","embeddable":true,"href":"https:\/\/nicrochet.cl\/index.php\/wp-json\/wp\/v2\/product_tag?post=161"}],"curies":[{"name":"wp","href":"https:\/\/api.w.org\/{rel}","templated":true}]}}