{"id":1635,"date":"2024-07-29T12:13:12","date_gmt":"2024-07-29T16:13:12","guid":{"rendered":"https:\/\/nicrochet.cl\/?post_type=product&#038;p=1635"},"modified":"2025-09-06T20:44:55","modified_gmt":"2025-09-07T01:44:55","slug":"patron-shawl-lisboa","status":"publish","type":"product","link":"https:\/\/nicrochet.cl\/index.php\/product\/patron-shawl-lisboa\/","title":{"rendered":"Patr\u00f3n Shawl Lisboa"},"content":{"rendered":"","protected":false},"excerpt":{"rendered":"<div class=\"page\" title=\"Page 2\">\n<div class=\"section\">\n<div class=\"layoutArea\">\n<div class=\"column\">\n<p><strong>Materiales:<\/strong><br \/>\nHilado: Sugar de Revesderecho Grosor: Fingering<br \/>\nCrochet: 4.0 mm<\/p>\n<p>Cantidad (grs y mts):<\/p>\n<ul>\n<li>Desde 100 grs, depende del largo deseado.<\/li>\n<\/ul>\n<p>Mi disen\u0303o es con 1 ovillo, puedes tejerlo ma\u0301s largo si deseas.<\/p>\n<p>Para bloquear:<\/p>\n<ul>\n<li>Bloqueadores<\/li>\n<li>Base para Bloquear<\/li>\n<li>Shampoo neutro<\/li>\n<\/ul>\n<p>Materiales adicionales: Cinta me\u0301trica, marca puntos, aguja lanera, tijeras.<\/p>\n<\/div>\n<\/div>\n<\/div>\n<\/div>\n","protected":false},"featured_media":1636,"comment_status":"open","ping_status":"closed","template":"","meta":[],"product_brand":[],"product_cat":[30],"product_tag":[],"class_list":{"0":"post-1635","1":"product","2":"type-product","3":"status-publish","4":"has-post-thumbnail","6":"product_cat-shawl","8":"first","9":"instock","10":"sale","11":"downloadable","12":"virtual","13":"purchasable","14":"product-type-simple"},"jetpack-related-posts":[{"id":2021,"url":"https:\/\/nicrochet.cl\/index.php\/product\/cardigan-busan\/","url_meta":{"origin":1635,"position":0},"title":"Cardigan Busan","author":"Nicole Tobar","date":"Mayo 20, 2025","format":false,"excerpt":"Hilado: La Mia Mercerized Cotton Yarn Grosor: Sport Cantidad (grs y mts) por talla: Talla 1: 400 grs\u00a0 \/ 1080 mts Talla 2: 480 grs \/ 1296 mts Talla 3: 570 grs \/ 1539 mts Talla 4: 680 grs \/ 1836 mts Crochet: Crochet 4.0 mm. Botones:\u00a0 5 Botones de\u2026","rel":"","context":"Entrada similar ","block_context":{"text":"Entrada similar ","link":""},"img":{"alt_text":"","src":"https:\/\/i0.wp.com\/nicrochet.cl\/wp-content\/uploads\/2025\/05\/celta-copiar-4.png?fit=1200%2C1200&ssl=1&resize=350%2C200","width":350,"height":200,"srcset":"https:\/\/i0.wp.com\/nicrochet.cl\/wp-content\/uploads\/2025\/05\/celta-copiar-4.png?fit=1200%2C1200&ssl=1&resize=350%2C200 1x, https:\/\/i0.wp.com\/nicrochet.cl\/wp-content\/uploads\/2025\/05\/celta-copiar-4.png?fit=1200%2C1200&ssl=1&resize=525%2C300 1.5x, https:\/\/i0.wp.com\/nicrochet.cl\/wp-content\/uploads\/2025\/05\/celta-copiar-4.png?fit=1200%2C1200&ssl=1&resize=700%2C400 2x, https:\/\/i0.wp.com\/nicrochet.cl\/wp-content\/uploads\/2025\/05\/celta-copiar-4.png?fit=1200%2C1200&ssl=1&resize=1050%2C600 3x"},"classes":[]},{"id":1543,"url":"https:\/\/nicrochet.cl\/index.php\/product\/patron-fantastic-scarf\/","url_meta":{"origin":1635,"position":1},"title":"Patr\u00f3n Fantastic Scarf","author":"Nicole Tobar","date":"Junio 1, 2024","format":false,"excerpt":"Materiales Hilado: Fantastic de C\u00edrculo Grosor: Worsted Crochet: 6.0 mm Cantidad (grs y mts): Desde 100 grs, depende del largo deseado. Con 1 ovillo puedes crear una una bufanda de 1 metro aprox + flecos de terminaci\u00f3n. Materiales adicionales: Cinta m\u00e9trica, marca puntos, aguja lanera, tijeras.","rel":"","context":"Entrada similar ","block_context":{"text":"Entrada similar ","link":""},"img":{"alt_text":"","src":"https:\/\/i0.wp.com\/nicrochet.cl\/wp-content\/uploads\/2024\/06\/460A1155-72C6-4A9C-B033-C88EFAD8C745.png?fit=1080%2C1080&ssl=1&resize=350%2C200","width":350,"height":200,"srcset":"https:\/\/i0.wp.com\/nicrochet.cl\/wp-content\/uploads\/2024\/06\/460A1155-72C6-4A9C-B033-C88EFAD8C745.png?fit=1080%2C1080&ssl=1&resize=350%2C200 1x, https:\/\/i0.wp.com\/nicrochet.cl\/wp-content\/uploads\/2024\/06\/460A1155-72C6-4A9C-B033-C88EFAD8C745.png?fit=1080%2C1080&ssl=1&resize=525%2C300 1.5x, https:\/\/i0.wp.com\/nicrochet.cl\/wp-content\/uploads\/2024\/06\/460A1155-72C6-4A9C-B033-C88EFAD8C745.png?fit=1080%2C1080&ssl=1&resize=700%2C400 2x, https:\/\/i0.wp.com\/nicrochet.cl\/wp-content\/uploads\/2024\/06\/460A1155-72C6-4A9C-B033-C88EFAD8C745.png?fit=1080%2C1080&ssl=1&resize=1050%2C600 3x"},"classes":[]},{"id":2116,"url":"https:\/\/nicrochet.cl\/index.php\/product\/ruby-scarf\/","url_meta":{"origin":1635,"position":2},"title":"Ruby Scarf","author":"Nicole Tobar","date":"Agosto 5, 2025","format":false,"excerpt":"Crochet 3.5 mm Grosor Hilado: Sport - Alpaca Gold YarnArt Cantidad: 70 grs\/ 250 mts Para bloquear: Bloqueadores Base para Bloquear Shampoo neutro Materiales adicionales: Cinta m\u00e9trica, marca puntos, aguja lanera, tijeras.","rel":"","context":"Entrada similar ","block_context":{"text":"Entrada similar ","link":""},"img":{"alt_text":"","src":"https:\/\/i0.wp.com\/nicrochet.cl\/wp-content\/uploads\/2025\/08\/11D84186-4079-46AA-856C-9254BC098224-2.jpeg?fit=1200%2C1200&ssl=1&resize=350%2C200","width":350,"height":200,"srcset":"https:\/\/i0.wp.com\/nicrochet.cl\/wp-content\/uploads\/2025\/08\/11D84186-4079-46AA-856C-9254BC098224-2.jpeg?fit=1200%2C1200&ssl=1&resize=350%2C200 1x, https:\/\/i0.wp.com\/nicrochet.cl\/wp-content\/uploads\/2025\/08\/11D84186-4079-46AA-856C-9254BC098224-2.jpeg?fit=1200%2C1200&ssl=1&resize=525%2C300 1.5x, https:\/\/i0.wp.com\/nicrochet.cl\/wp-content\/uploads\/2025\/08\/11D84186-4079-46AA-856C-9254BC098224-2.jpeg?fit=1200%2C1200&ssl=1&resize=700%2C400 2x, https:\/\/i0.wp.com\/nicrochet.cl\/wp-content\/uploads\/2025\/08\/11D84186-4079-46AA-856C-9254BC098224-2.jpeg?fit=1200%2C1200&ssl=1&resize=1050%2C600 3x"},"classes":[]},{"id":1090,"url":"https:\/\/nicrochet.cl\/index.php\/product\/patron-sweater-cloud\/","url_meta":{"origin":1635,"position":3},"title":"Patr\u00f3n Sweater Cloud","author":"Nicole Tobar","date":"Julio 7, 2023","format":false,"excerpt":"Hilado: Suri de Lanas Rey Principe. Grosor: Bulky Cantidad (grs y mts) por talla: Para Suri de Color: Talla XS\/S: 200 grs \/ 520 mts Talla M\/L: 250 grs \/ 650 mts Talla 3XL\/XXL: 250 grs \/ 650 mts Para Suri Gradient: Talla XS\/S: 250 grs (150 grs color +\u2026","rel":"","context":"Entrada similar ","block_context":{"text":"Entrada similar ","link":""},"img":{"alt_text":"","src":"https:\/\/i0.wp.com\/nicrochet.cl\/wp-content\/uploads\/2023\/07\/cloud.png?fit=1080%2C1080&ssl=1&resize=350%2C200","width":350,"height":200,"srcset":"https:\/\/i0.wp.com\/nicrochet.cl\/wp-content\/uploads\/2023\/07\/cloud.png?fit=1080%2C1080&ssl=1&resize=350%2C200 1x, https:\/\/i0.wp.com\/nicrochet.cl\/wp-content\/uploads\/2023\/07\/cloud.png?fit=1080%2C1080&ssl=1&resize=525%2C300 1.5x, https:\/\/i0.wp.com\/nicrochet.cl\/wp-content\/uploads\/2023\/07\/cloud.png?fit=1080%2C1080&ssl=1&resize=700%2C400 2x, https:\/\/i0.wp.com\/nicrochet.cl\/wp-content\/uploads\/2023\/07\/cloud.png?fit=1080%2C1080&ssl=1&resize=1050%2C600 3x"},"classes":[]},{"id":1533,"url":"https:\/\/nicrochet.cl\/index.php\/product\/patron-sweater-lines\/","url_meta":{"origin":1635,"position":4},"title":"Patr\u00f3n Sweater Lines","author":"Nicole Tobar","date":"Mayo 28, 2024","format":false,"excerpt":"Materiales Hilado: Happy de C\u00edrculo Grosor: Sport Cantidad (grs y mts) por talla: Color Base: Talla XS\/S: 240 grs \/ 648 mts Talla M\/L: 290 grs \/ 783 mts Talla XL\/XXL: 370 grs \/ 999 mts Color L\u00edneas: Talla XS\/S: 100 grs \/ 270 mts Talla M\/L: 140 grs \/\u2026","rel":"","context":"Entrada similar ","block_context":{"text":"Entrada similar ","link":""},"img":{"alt_text":"","src":"https:\/\/i0.wp.com\/nicrochet.cl\/wp-content\/uploads\/2024\/05\/776B8402-F8DA-49BE-B4CD-2CC60B9ADB93.png?fit=1080%2C1080&ssl=1&resize=350%2C200","width":350,"height":200,"srcset":"https:\/\/i0.wp.com\/nicrochet.cl\/wp-content\/uploads\/2024\/05\/776B8402-F8DA-49BE-B4CD-2CC60B9ADB93.png?fit=1080%2C1080&ssl=1&resize=350%2C200 1x, https:\/\/i0.wp.com\/nicrochet.cl\/wp-content\/uploads\/2024\/05\/776B8402-F8DA-49BE-B4CD-2CC60B9ADB93.png?fit=1080%2C1080&ssl=1&resize=525%2C300 1.5x, https:\/\/i0.wp.com\/nicrochet.cl\/wp-content\/uploads\/2024\/05\/776B8402-F8DA-49BE-B4CD-2CC60B9ADB93.png?fit=1080%2C1080&ssl=1&resize=700%2C400 2x, https:\/\/i0.wp.com\/nicrochet.cl\/wp-content\/uploads\/2024\/05\/776B8402-F8DA-49BE-B4CD-2CC60B9ADB93.png?fit=1080%2C1080&ssl=1&resize=1050%2C600 3x"},"classes":[]},{"id":21,"url":"https:\/\/nicrochet.cl\/index.php\/product\/patron-sweater-moon\/","url_meta":{"origin":1635,"position":5},"title":"Patr\u00f3n Sweater Moon","author":"Nicole Tobar","date":"Junio 17, 2022","format":false,"excerpt":"Este es un patr\u00f3n PDF donde encontrar\u00e1s la explicaci\u00f3n paso a paso para tejer tu Sweater Moon. Los materiales: Hilado: Silky de Revesderecho Grosor: Sport \/ DK Cantidad (grs y mts) por talla: Talla 1: 480 grs \/ 1229 mts Talla 2: 510 grs \/ 1306 mts Talla 3: 540\u2026","rel":"","context":"Entrada similar ","block_context":{"text":"Entrada similar ","link":""},"img":{"alt_text":"","src":"https:\/\/i0.wp.com\/nicrochet.cl\/wp-content\/uploads\/2022\/06\/BA3AB7CF-02D9-4BC3-84EB-781F1FE996D7.webp?fit=1080%2C1080&ssl=1&resize=350%2C200","width":350,"height":200,"srcset":"https:\/\/i0.wp.com\/nicrochet.cl\/wp-content\/uploads\/2022\/06\/BA3AB7CF-02D9-4BC3-84EB-781F1FE996D7.webp?fit=1080%2C1080&ssl=1&resize=350%2C200 1x, https:\/\/i0.wp.com\/nicrochet.cl\/wp-content\/uploads\/2022\/06\/BA3AB7CF-02D9-4BC3-84EB-781F1FE996D7.webp?fit=1080%2C1080&ssl=1&resize=525%2C300 1.5x, https:\/\/i0.wp.com\/nicrochet.cl\/wp-content\/uploads\/2022\/06\/BA3AB7CF-02D9-4BC3-84EB-781F1FE996D7.webp?fit=1080%2C1080&ssl=1&resize=700%2C400 2x, https:\/\/i0.wp.com\/nicrochet.cl\/wp-content\/uploads\/2022\/06\/BA3AB7CF-02D9-4BC3-84EB-781F1FE996D7.webp?fit=1080%2C1080&ssl=1&resize=1050%2C600 3x"},"classes":[]}],"jetpack_sharing_enabled":true,"_links":{"self":[{"href":"https:\/\/nicrochet.cl\/index.php\/wp-json\/wp\/v2\/product\/1635","targetHints":{"allow":["GET"]}}],"collection":[{"href":"https:\/\/nicrochet.cl\/index.php\/wp-json\/wp\/v2\/product"}],"about":[{"href":"https:\/\/nicrochet.cl\/index.php\/wp-json\/wp\/v2\/types\/product"}],"replies":[{"embeddable":true,"href":"https:\/\/nicrochet.cl\/index.php\/wp-json\/wp\/v2\/comments?post=1635"}],"wp:featuredmedia":[{"embeddable":true,"href":"https:\/\/nicrochet.cl\/index.php\/wp-json\/wp\/v2\/media\/1636"}],"wp:attachment":[{"href":"https:\/\/nicrochet.cl\/index.php\/wp-json\/wp\/v2\/media?parent=1635"}],"wp:term":[{"taxonomy":"product_brand","embeddable":true,"href":"https:\/\/nicrochet.cl\/index.php\/wp-json\/wp\/v2\/product_brand?post=1635"},{"taxonomy":"product_cat","embeddable":true,"href":"https:\/\/nicrochet.cl\/index.php\/wp-json\/wp\/v2\/product_cat?post=1635"},{"taxonomy":"product_tag","embeddable":true,"href":"https:\/\/nicrochet.cl\/index.php\/wp-json\/wp\/v2\/product_tag?post=1635"}],"curies":[{"name":"wp","href":"https:\/\/api.w.org\/{rel}","templated":true}]}}