{"id":165,"date":"2022-11-19T15:48:08","date_gmt":"2022-11-19T18:48:08","guid":{"rendered":"http:\/\/143.198.158.217\/?post_type=product&#038;p=165"},"modified":"2025-06-02T14:16:49","modified_gmt":"2025-06-02T18:16:49","slug":"patron-sweater-rainbow","status":"publish","type":"product","link":"https:\/\/nicrochet.cl\/index.php\/product\/patron-sweater-rainbow\/","title":{"rendered":"Patr\u00f3n Sweater Rainbow"},"content":{"rendered":"<p><img data-recalc-dims=\"1\" fetchpriority=\"high\" decoding=\"async\" class=\"alignnone size-full wp-image-257\" src=\"https:\/\/i0.wp.com\/143.198.158.217\/wp-content\/uploads\/2022\/11\/Sweater-Rainbow.png?resize=640%2C361\" alt=\"\" width=\"640\" height=\"361\" srcset=\"https:\/\/i0.wp.com\/nicrochet.cl\/wp-content\/uploads\/2022\/11\/Sweater-Rainbow.png?w=1452&ssl=1 1452w, https:\/\/i0.wp.com\/nicrochet.cl\/wp-content\/uploads\/2022\/11\/Sweater-Rainbow.png?resize=600%2C338&ssl=1 600w, https:\/\/i0.wp.com\/nicrochet.cl\/wp-content\/uploads\/2022\/11\/Sweater-Rainbow.png?resize=300%2C169&ssl=1 300w, https:\/\/i0.wp.com\/nicrochet.cl\/wp-content\/uploads\/2022\/11\/Sweater-Rainbow.png?resize=1024%2C577&ssl=1 1024w, https:\/\/i0.wp.com\/nicrochet.cl\/wp-content\/uploads\/2022\/11\/Sweater-Rainbow.png?resize=768%2C433&ssl=1 768w, https:\/\/i0.wp.com\/nicrochet.cl\/wp-content\/uploads\/2022\/11\/Sweater-Rainbow.png?resize=1320%2C744&ssl=1 1320w\" sizes=\"(max-width: 640px) 100vw, 640px\" \/><\/p>\n","protected":false},"excerpt":{"rendered":"<p>Este es un patr\u00f3n explicativo donde encontrar\u00e1s la explicaci\u00f3n de todo lo que necesitas para tejer tu Sweater Rainbow<\/p>\n<p>Materiales. (900 gramos de Dreams Revesderecho)<br \/>\nCrochet 8 mm<br \/>\nExplicaci\u00f3n de Puntos a trabajar.<br \/>\nPaso a Paso para crear tu proyecto.<\/p>\n","protected":false},"featured_media":166,"comment_status":"open","ping_status":"closed","template":"","meta":[],"product_brand":[],"product_cat":[33,17,18],"product_tag":[],"class_list":{"0":"post-165","1":"product","2":"type-product","3":"status-publish","4":"has-post-thumbnail","6":"product_cat-oferta","7":"product_cat-patron","8":"product_cat-sweater","10":"first","11":"instock","12":"sale","13":"downloadable","14":"virtual","15":"purchasable","16":"product-type-simple"},"jetpack-related-posts":[{"id":174,"url":"https:\/\/nicrochet.cl\/index.php\/product\/patron-sweater-metal\/","url_meta":{"origin":165,"position":0},"title":"Patr\u00f3n Sweater Metal","author":"Nicole Tobar","date":"Noviembre 19, 2022","format":false,"excerpt":"Este es un patr\u00f3n explicativo donde encontrar\u00e1s todo lo que necesitas para tejer tu Sweater Metal Materiales. (500 gramos de Metal Revesderecho) Crochet 6 mm Explicaci\u00f3n de Puntos a trabajar. Paso a Paso para crear tu proyecto.","rel":"","context":"Entrada similar ","block_context":{"text":"Entrada similar ","link":""},"img":{"alt_text":"","src":"https:\/\/i0.wp.com\/nicrochet.cl\/wp-content\/uploads\/2022\/11\/WhatsApp-Image-2022-11-01-at-9.37.12-PM.jpeg?fit=1024%2C1024&ssl=1&resize=350%2C200","width":350,"height":200,"srcset":"https:\/\/i0.wp.com\/nicrochet.cl\/wp-content\/uploads\/2022\/11\/WhatsApp-Image-2022-11-01-at-9.37.12-PM.jpeg?fit=1024%2C1024&ssl=1&resize=350%2C200 1x, https:\/\/i0.wp.com\/nicrochet.cl\/wp-content\/uploads\/2022\/11\/WhatsApp-Image-2022-11-01-at-9.37.12-PM.jpeg?fit=1024%2C1024&ssl=1&resize=525%2C300 1.5x, https:\/\/i0.wp.com\/nicrochet.cl\/wp-content\/uploads\/2022\/11\/WhatsApp-Image-2022-11-01-at-9.37.12-PM.jpeg?fit=1024%2C1024&ssl=1&resize=700%2C400 2x"},"classes":[]},{"id":186,"url":"https:\/\/nicrochet.cl\/index.php\/product\/patron-sweater-nieve-2\/","url_meta":{"origin":165,"position":1},"title":"Patr\u00f3n Sweater Nieve","author":"Nicole Tobar","date":"Noviembre 19, 2022","format":false,"excerpt":"Este es un patr\u00f3n PDF donde encontrar\u00e1s la explicaci\u00f3n paso a paso para tejer tu Sweater Nieve. Hilado: Calm de Revesderecho Grosor: Worsted Cantidad (grs y mts) por talla: Talla 1: 600 grs \/ 1200 mts Talla 2: 690 grs \/ 1380 mts Talla 3: 770 grs \/ 1540 mts\u2026","rel":"","context":"Entrada similar ","block_context":{"text":"Entrada similar ","link":""},"img":{"alt_text":"","src":"https:\/\/i0.wp.com\/nicrochet.cl\/wp-content\/uploads\/2022\/11\/WhatsApp-Image-2022-11-01-at-9.46.20-PM.jpeg?fit=1024%2C1024&ssl=1&resize=350%2C200","width":350,"height":200,"srcset":"https:\/\/i0.wp.com\/nicrochet.cl\/wp-content\/uploads\/2022\/11\/WhatsApp-Image-2022-11-01-at-9.46.20-PM.jpeg?fit=1024%2C1024&ssl=1&resize=350%2C200 1x, https:\/\/i0.wp.com\/nicrochet.cl\/wp-content\/uploads\/2022\/11\/WhatsApp-Image-2022-11-01-at-9.46.20-PM.jpeg?fit=1024%2C1024&ssl=1&resize=525%2C300 1.5x, https:\/\/i0.wp.com\/nicrochet.cl\/wp-content\/uploads\/2022\/11\/WhatsApp-Image-2022-11-01-at-9.46.20-PM.jpeg?fit=1024%2C1024&ssl=1&resize=700%2C400 2x"},"classes":[]},{"id":21,"url":"https:\/\/nicrochet.cl\/index.php\/product\/patron-sweater-moon\/","url_meta":{"origin":165,"position":2},"title":"Patr\u00f3n Sweater Moon","author":"Nicole Tobar","date":"Junio 17, 2022","format":false,"excerpt":"Este es un patr\u00f3n PDF donde encontrar\u00e1s la explicaci\u00f3n paso a paso para tejer tu Sweater Moon. Los materiales: Hilado: Silky de Revesderecho Grosor: Sport \/ DK Cantidad (grs y mts) por talla: Talla 1: 480 grs \/ 1229 mts Talla 2: 510 grs \/ 1306 mts Talla 3: 540\u2026","rel":"","context":"Entrada similar ","block_context":{"text":"Entrada similar ","link":""},"img":{"alt_text":"","src":"https:\/\/i0.wp.com\/nicrochet.cl\/wp-content\/uploads\/2022\/06\/BA3AB7CF-02D9-4BC3-84EB-781F1FE996D7.webp?fit=1080%2C1080&ssl=1&resize=350%2C200","width":350,"height":200,"srcset":"https:\/\/i0.wp.com\/nicrochet.cl\/wp-content\/uploads\/2022\/06\/BA3AB7CF-02D9-4BC3-84EB-781F1FE996D7.webp?fit=1080%2C1080&ssl=1&resize=350%2C200 1x, https:\/\/i0.wp.com\/nicrochet.cl\/wp-content\/uploads\/2022\/06\/BA3AB7CF-02D9-4BC3-84EB-781F1FE996D7.webp?fit=1080%2C1080&ssl=1&resize=525%2C300 1.5x, https:\/\/i0.wp.com\/nicrochet.cl\/wp-content\/uploads\/2022\/06\/BA3AB7CF-02D9-4BC3-84EB-781F1FE996D7.webp?fit=1080%2C1080&ssl=1&resize=700%2C400 2x, https:\/\/i0.wp.com\/nicrochet.cl\/wp-content\/uploads\/2022\/06\/BA3AB7CF-02D9-4BC3-84EB-781F1FE996D7.webp?fit=1080%2C1080&ssl=1&resize=1050%2C600 3x"},"classes":[]},{"id":1756,"url":"https:\/\/nicrochet.cl\/index.php\/product\/patron-sweater-kimi\/","url_meta":{"origin":165,"position":3},"title":"Patr\u00f3n Sweater Kimi","author":"Nicole Tobar","date":"Octubre 19, 2024","format":false,"excerpt":"Crochet 8 mm Grosor Hilado: Aran, Troya YarnArt Cantidad (grs y mts) por talla: XS\/S: 230\u00a0 gramos \/ 575 metros M\/L: 300 gramos \/ 750\u00a0 metros XL\/XXL: 370\u00a0 gramos \/ 925 metros","rel":"","context":"Entrada similar ","block_context":{"text":"Entrada similar ","link":""},"img":{"alt_text":"","src":"https:\/\/i0.wp.com\/nicrochet.cl\/wp-content\/uploads\/2024\/10\/A3B9F1F1-59E2-4CD5-B5B4-F1DAA15DCA0F.jpeg?fit=1200%2C1200&ssl=1&resize=350%2C200","width":350,"height":200,"srcset":"https:\/\/i0.wp.com\/nicrochet.cl\/wp-content\/uploads\/2024\/10\/A3B9F1F1-59E2-4CD5-B5B4-F1DAA15DCA0F.jpeg?fit=1200%2C1200&ssl=1&resize=350%2C200 1x, https:\/\/i0.wp.com\/nicrochet.cl\/wp-content\/uploads\/2024\/10\/A3B9F1F1-59E2-4CD5-B5B4-F1DAA15DCA0F.jpeg?fit=1200%2C1200&ssl=1&resize=525%2C300 1.5x, https:\/\/i0.wp.com\/nicrochet.cl\/wp-content\/uploads\/2024\/10\/A3B9F1F1-59E2-4CD5-B5B4-F1DAA15DCA0F.jpeg?fit=1200%2C1200&ssl=1&resize=700%2C400 2x, https:\/\/i0.wp.com\/nicrochet.cl\/wp-content\/uploads\/2024\/10\/A3B9F1F1-59E2-4CD5-B5B4-F1DAA15DCA0F.jpeg?fit=1200%2C1200&ssl=1&resize=1050%2C600 3x"},"classes":[]},{"id":650,"url":"https:\/\/nicrochet.cl\/index.php\/product\/preventa-patron-sweater-cherry\/","url_meta":{"origin":165,"position":4},"title":"Patr\u00f3n Sweater Cherry","author":"Nicole Tobar","date":"Mayo 3, 2023","format":false,"excerpt":"Hilado: Algod\u00f3n, fibras acr\u00edlicas o lana. Grosor: Sport Cantidad (grs y mts) por talla: Talla XS\/S: 400 grs \/ 1.280 mts Talla M\/L: 450 grs \/ 1.440 mts Talla XL\/XXL: 550 grs \/ 1.760 mts Crochet: 4 mm o con el cual te de la muestra.","rel":"","context":"Entrada similar ","block_context":{"text":"Entrada similar ","link":""},"img":{"alt_text":"","src":"https:\/\/i0.wp.com\/nicrochet.cl\/wp-content\/uploads\/2023\/05\/55030B9E-2C48-4558-88A8-682E4902E1F6.png?fit=1080%2C1080&ssl=1&resize=350%2C200","width":350,"height":200,"srcset":"https:\/\/i0.wp.com\/nicrochet.cl\/wp-content\/uploads\/2023\/05\/55030B9E-2C48-4558-88A8-682E4902E1F6.png?fit=1080%2C1080&ssl=1&resize=350%2C200 1x, https:\/\/i0.wp.com\/nicrochet.cl\/wp-content\/uploads\/2023\/05\/55030B9E-2C48-4558-88A8-682E4902E1F6.png?fit=1080%2C1080&ssl=1&resize=525%2C300 1.5x, https:\/\/i0.wp.com\/nicrochet.cl\/wp-content\/uploads\/2023\/05\/55030B9E-2C48-4558-88A8-682E4902E1F6.png?fit=1080%2C1080&ssl=1&resize=700%2C400 2x, https:\/\/i0.wp.com\/nicrochet.cl\/wp-content\/uploads\/2023\/05\/55030B9E-2C48-4558-88A8-682E4902E1F6.png?fit=1080%2C1080&ssl=1&resize=1050%2C600 3x"},"classes":[]},{"id":1084,"url":"https:\/\/nicrochet.cl\/index.php\/product\/patron-sweater-navy\/","url_meta":{"origin":165,"position":5},"title":"Patr\u00f3n Sweater Navy","author":"Nicole Tobar","date":"Julio 7, 2023","format":false,"excerpt":"Hilado: Bombom de @crochetmarce Grosor: Sport Cantidad (grs y mts) por talla: XS\/S: 400 gramos \/ 1.040 mts aprox. M\/L: 500 gramos \/ 1.300 mts aprox. XL\/XXL: 600 gramos \/ 1.560 mts aprox. Crochet: 6 mm o con el cual te de la muestra. Materiales adicionales: Cinta m\u00e9trica, marca puntos,\u2026","rel":"","context":"Entrada similar ","block_context":{"text":"Entrada similar ","link":""},"img":{"alt_text":"","src":"https:\/\/i0.wp.com\/nicrochet.cl\/wp-content\/uploads\/2023\/07\/sweater-navy.png?fit=1080%2C1080&ssl=1&resize=350%2C200","width":350,"height":200,"srcset":"https:\/\/i0.wp.com\/nicrochet.cl\/wp-content\/uploads\/2023\/07\/sweater-navy.png?fit=1080%2C1080&ssl=1&resize=350%2C200 1x, https:\/\/i0.wp.com\/nicrochet.cl\/wp-content\/uploads\/2023\/07\/sweater-navy.png?fit=1080%2C1080&ssl=1&resize=525%2C300 1.5x, https:\/\/i0.wp.com\/nicrochet.cl\/wp-content\/uploads\/2023\/07\/sweater-navy.png?fit=1080%2C1080&ssl=1&resize=700%2C400 2x, https:\/\/i0.wp.com\/nicrochet.cl\/wp-content\/uploads\/2023\/07\/sweater-navy.png?fit=1080%2C1080&ssl=1&resize=1050%2C600 3x"},"classes":[]}],"jetpack_sharing_enabled":true,"_links":{"self":[{"href":"https:\/\/nicrochet.cl\/index.php\/wp-json\/wp\/v2\/product\/165","targetHints":{"allow":["GET"]}}],"collection":[{"href":"https:\/\/nicrochet.cl\/index.php\/wp-json\/wp\/v2\/product"}],"about":[{"href":"https:\/\/nicrochet.cl\/index.php\/wp-json\/wp\/v2\/types\/product"}],"replies":[{"embeddable":true,"href":"https:\/\/nicrochet.cl\/index.php\/wp-json\/wp\/v2\/comments?post=165"}],"wp:featuredmedia":[{"embeddable":true,"href":"https:\/\/nicrochet.cl\/index.php\/wp-json\/wp\/v2\/media\/166"}],"wp:attachment":[{"href":"https:\/\/nicrochet.cl\/index.php\/wp-json\/wp\/v2\/media?parent=165"}],"wp:term":[{"taxonomy":"product_brand","embeddable":true,"href":"https:\/\/nicrochet.cl\/index.php\/wp-json\/wp\/v2\/product_brand?post=165"},{"taxonomy":"product_cat","embeddable":true,"href":"https:\/\/nicrochet.cl\/index.php\/wp-json\/wp\/v2\/product_cat?post=165"},{"taxonomy":"product_tag","embeddable":true,"href":"https:\/\/nicrochet.cl\/index.php\/wp-json\/wp\/v2\/product_tag?post=165"}],"curies":[{"name":"wp","href":"https:\/\/api.w.org\/{rel}","templated":true}]}}