{"id":1660,"date":"2024-08-13T17:19:20","date_gmt":"2024-08-13T21:19:20","guid":{"rendered":"https:\/\/nicrochet.cl\/?post_type=product&#038;p=1660"},"modified":"2025-09-06T20:45:13","modified_gmt":"2025-09-07T01:45:13","slug":"patron-sweater-midnight","status":"publish","type":"product","link":"https:\/\/nicrochet.cl\/index.php\/product\/patron-sweater-midnight\/","title":{"rendered":"Patr\u00f3n Sweater Midnight"},"content":{"rendered":"<p><img data-recalc-dims=\"1\" fetchpriority=\"high\" decoding=\"async\" class=\"wp-image-1668 aligncenter\" src=\"https:\/\/i0.wp.com\/nicrochet.cl\/wp-content\/uploads\/2024\/08\/talla-midnight.png?resize=628%2C345&ssl=1\" alt=\"\" width=\"628\" height=\"345\" srcset=\"https:\/\/i0.wp.com\/nicrochet.cl\/wp-content\/uploads\/2024\/08\/talla-midnight.png?resize=300%2C165&ssl=1 300w, https:\/\/i0.wp.com\/nicrochet.cl\/wp-content\/uploads\/2024\/08\/talla-midnight.png?resize=1024%2C562&ssl=1 1024w, https:\/\/i0.wp.com\/nicrochet.cl\/wp-content\/uploads\/2024\/08\/talla-midnight.png?resize=768%2C421&ssl=1 768w, https:\/\/i0.wp.com\/nicrochet.cl\/wp-content\/uploads\/2024\/08\/talla-midnight.png?resize=1536%2C842&ssl=1 1536w, https:\/\/i0.wp.com\/nicrochet.cl\/wp-content\/uploads\/2024\/08\/talla-midnight.png?resize=2048%2C1123&ssl=1 2048w, https:\/\/i0.wp.com\/nicrochet.cl\/wp-content\/uploads\/2024\/08\/talla-midnight.png?resize=1320%2C724&ssl=1 1320w, https:\/\/i0.wp.com\/nicrochet.cl\/wp-content\/uploads\/2024\/08\/talla-midnight.png?resize=600%2C329&ssl=1 600w, https:\/\/i0.wp.com\/nicrochet.cl\/wp-content\/uploads\/2024\/08\/talla-midnight.png?w=1920&ssl=1 1920w\" sizes=\"(max-width: 628px) 100vw, 628px\" \/><\/p>\n","protected":false},"excerpt":{"rendered":"<p>Crochet 4 mm y 0.5 mm para mostacillas<br \/>\nGrosor Hilado: Fingering, yo use Lana Merino SW 19 Micras de Lanas Rey Principe @Lanasreyprincipe<\/p>\n<p>Cantidad (grs y mts) por talla:<\/p>\n<ul>\n<li>XS\/S: 250 gramos \/ 1.000 metros<\/li>\n<li>M\/L: 350 gramos \/ 1.400 metros<\/li>\n<li>XL\/XXL: 400 gramos \/ 1.600 metros<\/li>\n<\/ul>\n<p>Cantidad Mostacillas 8\/0 por talla:<\/p>\n<ul>\n<li>XS\/S: 20 grs<\/li>\n<li>M\/L: 25 grs<\/li>\n<li>XL\/XXL: 30 grs<\/li>\n<\/ul>\n","protected":false},"featured_media":1665,"comment_status":"open","ping_status":"closed","template":"","meta":[],"product_brand":[],"product_cat":[36],"product_tag":[],"class_list":{"0":"post-1660","1":"product","2":"type-product","3":"status-publish","4":"has-post-thumbnail","6":"product_cat-sweater-patron","8":"first","9":"instock","10":"sale","11":"downloadable","12":"virtual","13":"purchasable","14":"product-type-simple"},"jetpack-related-posts":[{"id":1365,"url":"https:\/\/nicrochet.cl\/index.php\/product\/patron-top-glow\/","url_meta":{"origin":1660,"position":0},"title":"Patr\u00f3n Top Glow","author":"Nicole Tobar","date":"Diciembre 29, 2023","format":false,"excerpt":"Crochet 4 mm Seda Vegetal Fingering Lanas Rey Pri\u0301ncipe (100grs\/380mts) Cantidad (grs y mts) por talla: XS\/S: 150 Gramos \/ 570 Metros M\/L: 190 Gramos \/ 722 Metros XL\/XXL: 250 Gramos \/ 950 Metros Mostacillas 8\/0 - OhVillo, 20 Grs aprox. Crochet 0.5 mm para mostacilla Materiales adicionales: Cinta me\u0301trica,\u2026","rel":"","context":"Entrada similar ","block_context":{"text":"Entrada similar ","link":""},"img":{"alt_text":"","src":"https:\/\/i0.wp.com\/nicrochet.cl\/wp-content\/uploads\/2023\/12\/topglow.png?fit=1080%2C1080&ssl=1&resize=350%2C200","width":350,"height":200,"srcset":"https:\/\/i0.wp.com\/nicrochet.cl\/wp-content\/uploads\/2023\/12\/topglow.png?fit=1080%2C1080&ssl=1&resize=350%2C200 1x, https:\/\/i0.wp.com\/nicrochet.cl\/wp-content\/uploads\/2023\/12\/topglow.png?fit=1080%2C1080&ssl=1&resize=525%2C300 1.5x, https:\/\/i0.wp.com\/nicrochet.cl\/wp-content\/uploads\/2023\/12\/topglow.png?fit=1080%2C1080&ssl=1&resize=700%2C400 2x, https:\/\/i0.wp.com\/nicrochet.cl\/wp-content\/uploads\/2023\/12\/topglow.png?fit=1080%2C1080&ssl=1&resize=1050%2C600 3x"},"classes":[]},{"id":559,"url":"https:\/\/nicrochet.cl\/index.php\/product\/preventa-patron-kimono-midnight\/","url_meta":{"origin":1660,"position":1},"title":"Patr\u00f3n Kimono Midnight","author":"Nicole Tobar","date":"Abril 8, 2023","format":false,"excerpt":"Hilado: Lana Merino SW \/ Lana Merino Lurex \/ Lana Merino 18 migras Grosor: Fingering Cantidad (grs y mts) por talla: Talla 1: 430 grs \/ 1.720 mts Talla 2: 470 grs \/ 1.880 mts Talla 3: 540 grs \/ 2.160 mts Crochet: 4 mm o con el cual te\u2026","rel":"","context":"Entrada similar ","block_context":{"text":"Entrada similar ","link":""},"img":{"alt_text":"","src":"https:\/\/i0.wp.com\/nicrochet.cl\/wp-content\/uploads\/2023\/04\/kimono-midnight.png?fit=1080%2C1080&ssl=1&resize=350%2C200","width":350,"height":200,"srcset":"https:\/\/i0.wp.com\/nicrochet.cl\/wp-content\/uploads\/2023\/04\/kimono-midnight.png?fit=1080%2C1080&ssl=1&resize=350%2C200 1x, https:\/\/i0.wp.com\/nicrochet.cl\/wp-content\/uploads\/2023\/04\/kimono-midnight.png?fit=1080%2C1080&ssl=1&resize=525%2C300 1.5x, https:\/\/i0.wp.com\/nicrochet.cl\/wp-content\/uploads\/2023\/04\/kimono-midnight.png?fit=1080%2C1080&ssl=1&resize=700%2C400 2x, https:\/\/i0.wp.com\/nicrochet.cl\/wp-content\/uploads\/2023\/04\/kimono-midnight.png?fit=1080%2C1080&ssl=1&resize=1050%2C600 3x"},"classes":[]},{"id":62,"url":"https:\/\/nicrochet.cl\/index.php\/product\/patron-top-berry\/","url_meta":{"origin":1660,"position":2},"title":"Patr\u00f3n Top Berry","author":"Nicole Tobar","date":"Octubre 17, 2022","format":false,"excerpt":"Hilado:\u00a0Puedes utilizar lana merino, algod\u00f3n, bamb\u00fa, hilo y fibras acr\u00edlicas Grosor:\u00a0Fingering Cantidad (grs y mts) por talla: XS\/S:\u00a0100 gramos\/ 366 metros M\/L:\u00a0150 gramos\/ 549 metros XL\/XXL:\u00a0195 gramos\/ 714 metros Crochet:\u00a0Crochet 3,5 mm. Materiales adicionales:\u00a0Cinta m\u00e9trica, marca puntos, aguja lanera y\u00a0 tijera.","rel":"","context":"Entrada similar ","block_context":{"text":"Entrada similar ","link":""},"img":{"alt_text":"","src":"https:\/\/i0.wp.com\/nicrochet.cl\/wp-content\/uploads\/2022\/10\/AC583C64-3D75-4D91-A317-78DDDE8A4906.png?fit=1080%2C1080&ssl=1&resize=350%2C200","width":350,"height":200,"srcset":"https:\/\/i0.wp.com\/nicrochet.cl\/wp-content\/uploads\/2022\/10\/AC583C64-3D75-4D91-A317-78DDDE8A4906.png?fit=1080%2C1080&ssl=1&resize=350%2C200 1x, https:\/\/i0.wp.com\/nicrochet.cl\/wp-content\/uploads\/2022\/10\/AC583C64-3D75-4D91-A317-78DDDE8A4906.png?fit=1080%2C1080&ssl=1&resize=525%2C300 1.5x, https:\/\/i0.wp.com\/nicrochet.cl\/wp-content\/uploads\/2022\/10\/AC583C64-3D75-4D91-A317-78DDDE8A4906.png?fit=1080%2C1080&ssl=1&resize=700%2C400 2x, https:\/\/i0.wp.com\/nicrochet.cl\/wp-content\/uploads\/2022\/10\/AC583C64-3D75-4D91-A317-78DDDE8A4906.png?fit=1080%2C1080&ssl=1&resize=1050%2C600 3x"},"classes":[]},{"id":1412,"url":"https:\/\/nicrochet.cl\/index.php\/product\/patron-doble-top-y-bikini-phi-phi\/","url_meta":{"origin":1660,"position":3},"title":"Patr\u00f3n Doble Top y Bikini Phi Phi","author":"Nicole Tobar","date":"Febrero 6, 2024","format":false,"excerpt":"Este es un patro\u0301n doble, podra\u0301s tejer tanto el Bikini como el Top. Ambos se detallan en 3 tallas dobles y son sencillos de adaptar a las medidas que desees. Para la versio\u0301n Bikini puedes trabajar con los restos que tengas en casa y hacerlo de mu\u0301ltiples colores, como tambie\u0301n,\u2026","rel":"","context":"Entrada similar ","block_context":{"text":"Entrada similar ","link":""},"img":{"alt_text":"","src":"https:\/\/i0.wp.com\/nicrochet.cl\/wp-content\/uploads\/2024\/02\/35719044-BE3B-4849-8176-86813CE00F82.png?fit=1080%2C1080&ssl=1&resize=350%2C200","width":350,"height":200,"srcset":"https:\/\/i0.wp.com\/nicrochet.cl\/wp-content\/uploads\/2024\/02\/35719044-BE3B-4849-8176-86813CE00F82.png?fit=1080%2C1080&ssl=1&resize=350%2C200 1x, https:\/\/i0.wp.com\/nicrochet.cl\/wp-content\/uploads\/2024\/02\/35719044-BE3B-4849-8176-86813CE00F82.png?fit=1080%2C1080&ssl=1&resize=525%2C300 1.5x, https:\/\/i0.wp.com\/nicrochet.cl\/wp-content\/uploads\/2024\/02\/35719044-BE3B-4849-8176-86813CE00F82.png?fit=1080%2C1080&ssl=1&resize=700%2C400 2x, https:\/\/i0.wp.com\/nicrochet.cl\/wp-content\/uploads\/2024\/02\/35719044-BE3B-4849-8176-86813CE00F82.png?fit=1080%2C1080&ssl=1&resize=1050%2C600 3x"},"classes":[]},{"id":1756,"url":"https:\/\/nicrochet.cl\/index.php\/product\/patron-sweater-kimi\/","url_meta":{"origin":1660,"position":4},"title":"Patr\u00f3n Sweater Kimi","author":"Nicole Tobar","date":"Octubre 19, 2024","format":false,"excerpt":"Crochet 8 mm Grosor Hilado: Aran, Troya YarnArt Cantidad (grs y mts) por talla: XS\/S: 230\u00a0 gramos \/ 575 metros M\/L: 300 gramos \/ 750\u00a0 metros XL\/XXL: 370\u00a0 gramos \/ 925 metros","rel":"","context":"Entrada similar ","block_context":{"text":"Entrada similar ","link":""},"img":{"alt_text":"","src":"https:\/\/i0.wp.com\/nicrochet.cl\/wp-content\/uploads\/2024\/10\/A3B9F1F1-59E2-4CD5-B5B4-F1DAA15DCA0F.jpeg?fit=1200%2C1200&ssl=1&resize=350%2C200","width":350,"height":200,"srcset":"https:\/\/i0.wp.com\/nicrochet.cl\/wp-content\/uploads\/2024\/10\/A3B9F1F1-59E2-4CD5-B5B4-F1DAA15DCA0F.jpeg?fit=1200%2C1200&ssl=1&resize=350%2C200 1x, https:\/\/i0.wp.com\/nicrochet.cl\/wp-content\/uploads\/2024\/10\/A3B9F1F1-59E2-4CD5-B5B4-F1DAA15DCA0F.jpeg?fit=1200%2C1200&ssl=1&resize=525%2C300 1.5x, https:\/\/i0.wp.com\/nicrochet.cl\/wp-content\/uploads\/2024\/10\/A3B9F1F1-59E2-4CD5-B5B4-F1DAA15DCA0F.jpeg?fit=1200%2C1200&ssl=1&resize=700%2C400 2x, https:\/\/i0.wp.com\/nicrochet.cl\/wp-content\/uploads\/2024\/10\/A3B9F1F1-59E2-4CD5-B5B4-F1DAA15DCA0F.jpeg?fit=1200%2C1200&ssl=1&resize=1050%2C600 3x"},"classes":[]},{"id":1909,"url":"https:\/\/nicrochet.cl\/index.php\/product\/top-linen\/","url_meta":{"origin":1660,"position":5},"title":"Top Linen","author":"Nicole Tobar","date":"Enero 26, 2025","format":false,"excerpt":"Hilado: Linen Revesderecho Crochet: 4 mm Grosor: Sport Cantidad (grs y mts) por talla: XS \/ S: 175 gramos\/ 427 metros M \/ L: 265 gramos\/ 646 metros XL \/ XXL: 340 gramos\/ 830 metros Para bloquear: Bloqueadores Base para Bloquear Shampoo neutro","rel":"","context":"Entrada similar ","block_context":{"text":"Entrada similar ","link":""},"img":{"alt_text":"","src":"https:\/\/i0.wp.com\/nicrochet.cl\/wp-content\/uploads\/2025\/01\/celta-copiar.png?fit=1200%2C1200&ssl=1&resize=350%2C200","width":350,"height":200,"srcset":"https:\/\/i0.wp.com\/nicrochet.cl\/wp-content\/uploads\/2025\/01\/celta-copiar.png?fit=1200%2C1200&ssl=1&resize=350%2C200 1x, https:\/\/i0.wp.com\/nicrochet.cl\/wp-content\/uploads\/2025\/01\/celta-copiar.png?fit=1200%2C1200&ssl=1&resize=525%2C300 1.5x, https:\/\/i0.wp.com\/nicrochet.cl\/wp-content\/uploads\/2025\/01\/celta-copiar.png?fit=1200%2C1200&ssl=1&resize=700%2C400 2x, https:\/\/i0.wp.com\/nicrochet.cl\/wp-content\/uploads\/2025\/01\/celta-copiar.png?fit=1200%2C1200&ssl=1&resize=1050%2C600 3x"},"classes":[]}],"jetpack_sharing_enabled":true,"_links":{"self":[{"href":"https:\/\/nicrochet.cl\/index.php\/wp-json\/wp\/v2\/product\/1660","targetHints":{"allow":["GET"]}}],"collection":[{"href":"https:\/\/nicrochet.cl\/index.php\/wp-json\/wp\/v2\/product"}],"about":[{"href":"https:\/\/nicrochet.cl\/index.php\/wp-json\/wp\/v2\/types\/product"}],"replies":[{"embeddable":true,"href":"https:\/\/nicrochet.cl\/index.php\/wp-json\/wp\/v2\/comments?post=1660"}],"wp:featuredmedia":[{"embeddable":true,"href":"https:\/\/nicrochet.cl\/index.php\/wp-json\/wp\/v2\/media\/1665"}],"wp:attachment":[{"href":"https:\/\/nicrochet.cl\/index.php\/wp-json\/wp\/v2\/media?parent=1660"}],"wp:term":[{"taxonomy":"product_brand","embeddable":true,"href":"https:\/\/nicrochet.cl\/index.php\/wp-json\/wp\/v2\/product_brand?post=1660"},{"taxonomy":"product_cat","embeddable":true,"href":"https:\/\/nicrochet.cl\/index.php\/wp-json\/wp\/v2\/product_cat?post=1660"},{"taxonomy":"product_tag","embeddable":true,"href":"https:\/\/nicrochet.cl\/index.php\/wp-json\/wp\/v2\/product_tag?post=1660"}],"curies":[{"name":"wp","href":"https:\/\/api.w.org\/{rel}","templated":true}]}}