{"id":1859,"date":"2024-12-15T14:21:16","date_gmt":"2024-12-15T17:21:16","guid":{"rendered":"https:\/\/nicrochet.cl\/?post_type=product&#038;p=1859"},"modified":"2025-11-29T21:08:54","modified_gmt":"2025-11-30T00:08:54","slug":"bolero-amalfi","status":"publish","type":"product","link":"https:\/\/nicrochet.cl\/index.php\/product\/bolero-amalfi\/","title":{"rendered":"Bolero Amalfi"},"content":{"rendered":"<p><img data-recalc-dims=\"1\" fetchpriority=\"high\" decoding=\"async\" class=\"wp-image-1860 aligncenter\" src=\"https:\/\/i0.wp.com\/nicrochet.cl\/wp-content\/uploads\/2024\/12\/Captura-de-pantalla-2024-12-15-a-las-14.21.40.png?resize=640%2C343&ssl=1\" alt=\"\" width=\"640\" height=\"343\" srcset=\"https:\/\/i0.wp.com\/nicrochet.cl\/wp-content\/uploads\/2024\/12\/Captura-de-pantalla-2024-12-15-a-las-14.21.40.png?resize=300%2C161&ssl=1 300w, https:\/\/i0.wp.com\/nicrochet.cl\/wp-content\/uploads\/2024\/12\/Captura-de-pantalla-2024-12-15-a-las-14.21.40.png?resize=1024%2C549&ssl=1 1024w, https:\/\/i0.wp.com\/nicrochet.cl\/wp-content\/uploads\/2024\/12\/Captura-de-pantalla-2024-12-15-a-las-14.21.40.png?resize=768%2C412&ssl=1 768w, https:\/\/i0.wp.com\/nicrochet.cl\/wp-content\/uploads\/2024\/12\/Captura-de-pantalla-2024-12-15-a-las-14.21.40.png?resize=1536%2C824&ssl=1 1536w, https:\/\/i0.wp.com\/nicrochet.cl\/wp-content\/uploads\/2024\/12\/Captura-de-pantalla-2024-12-15-a-las-14.21.40.png?resize=2048%2C1098&ssl=1 2048w, https:\/\/i0.wp.com\/nicrochet.cl\/wp-content\/uploads\/2024\/12\/Captura-de-pantalla-2024-12-15-a-las-14.21.40.png?resize=1320%2C708&ssl=1 1320w, https:\/\/i0.wp.com\/nicrochet.cl\/wp-content\/uploads\/2024\/12\/Captura-de-pantalla-2024-12-15-a-las-14.21.40.png?resize=600%2C322&ssl=1 600w, https:\/\/i0.wp.com\/nicrochet.cl\/wp-content\/uploads\/2024\/12\/Captura-de-pantalla-2024-12-15-a-las-14.21.40.png?w=1920&ssl=1 1920w\" sizes=\"(max-width: 640px) 100vw, 640px\" \/><\/p>\n","protected":false},"excerpt":{"rendered":"<div class=\"page\" title=\"Page 2\">\n<div class=\"section\">\n<div class=\"layoutArea\">\n<div class=\"column\">\n<p>Hilado: Clea 5 de ci\u0301rculo productos<br \/>\nCrochet: 4 mm<br \/>\nGrosor: Light Fingering<br \/>\nCantidad (grs y mts) por talla:<\/p>\n<ul>\n<li>XS \/ S: 140 gramos \/ 715 metros<br \/>\nM\/L: 185 gramos \/ 945 metros<br \/>\nXL\/XXL: 235 gramos \/ 1.200 metros<\/li>\n<\/ul>\n<p>Para bloquear:<\/p>\n<ul>\n<li>Bloqueadores<\/li>\n<li>Base para Bloquear<\/li>\n<li>Shampoo neutro<\/li>\n<\/ul>\n<\/div>\n<\/div>\n<\/div>\n<\/div>\n","protected":false},"featured_media":1861,"comment_status":"open","ping_status":"closed","template":"","meta":[],"product_brand":[],"product_cat":[43,17],"product_tag":[],"class_list":{"0":"post-1859","1":"product","2":"type-product","3":"status-publish","4":"has-post-thumbnail","6":"product_cat-bolero","7":"product_cat-patron","9":"first","10":"instock","11":"sale","12":"downloadable","13":"virtual","14":"purchasable","15":"product-type-simple"},"jetpack-related-posts":[{"id":1909,"url":"https:\/\/nicrochet.cl\/index.php\/product\/top-linen\/","url_meta":{"origin":1859,"position":0},"title":"Top Linen","author":"Nicole Tobar","date":"Enero 26, 2025","format":false,"excerpt":"Hilado: Linen Revesderecho Crochet: 4 mm Grosor: Sport Cantidad (grs y mts) por talla: XS \/ S: 175 gramos\/ 427 metros M \/ L: 265 gramos\/ 646 metros XL \/ XXL: 340 gramos\/ 830 metros Para bloquear: Bloqueadores Base para Bloquear Shampoo neutro","rel":"","context":"Entrada similar ","block_context":{"text":"Entrada similar ","link":""},"img":{"alt_text":"","src":"https:\/\/i0.wp.com\/nicrochet.cl\/wp-content\/uploads\/2025\/01\/celta-copiar.png?fit=1200%2C1200&ssl=1&resize=350%2C200","width":350,"height":200,"srcset":"https:\/\/i0.wp.com\/nicrochet.cl\/wp-content\/uploads\/2025\/01\/celta-copiar.png?fit=1200%2C1200&ssl=1&resize=350%2C200 1x, https:\/\/i0.wp.com\/nicrochet.cl\/wp-content\/uploads\/2025\/01\/celta-copiar.png?fit=1200%2C1200&ssl=1&resize=525%2C300 1.5x, https:\/\/i0.wp.com\/nicrochet.cl\/wp-content\/uploads\/2025\/01\/celta-copiar.png?fit=1200%2C1200&ssl=1&resize=700%2C400 2x, https:\/\/i0.wp.com\/nicrochet.cl\/wp-content\/uploads\/2025\/01\/celta-copiar.png?fit=1200%2C1200&ssl=1&resize=1050%2C600 3x"},"classes":[]},{"id":1438,"url":"https:\/\/nicrochet.cl\/index.php\/product\/patron-top-mykonos\/","url_meta":{"origin":1859,"position":1},"title":"Patr\u00f3n Top Mykonos","author":"Nicole Tobar","date":"Marzo 13, 2024","format":false,"excerpt":"Crochet 3.5 mm Aguja lanera, marcadores (marca puntos) y tijeras Grosor Hilado: DK. Yo use Bamboo de La Mia. Cantidad (grs y mts) por talla: XS\/S: 250 gramos\/ 575 metros M\/L: 350 gramos\/ 805 metros XL\/XXL: 450 gramos\/ 1035 metros Para bloquear: Bloqueadores Base para Bloquear Shampoo neutro","rel":"","context":"Entrada similar ","block_context":{"text":"Entrada similar ","link":""},"img":{"alt_text":"","src":"https:\/\/i0.wp.com\/nicrochet.cl\/wp-content\/uploads\/2024\/03\/IMG_3218.jpg?fit=1080%2C1080&ssl=1&resize=350%2C200","width":350,"height":200,"srcset":"https:\/\/i0.wp.com\/nicrochet.cl\/wp-content\/uploads\/2024\/03\/IMG_3218.jpg?fit=1080%2C1080&ssl=1&resize=350%2C200 1x, https:\/\/i0.wp.com\/nicrochet.cl\/wp-content\/uploads\/2024\/03\/IMG_3218.jpg?fit=1080%2C1080&ssl=1&resize=525%2C300 1.5x, https:\/\/i0.wp.com\/nicrochet.cl\/wp-content\/uploads\/2024\/03\/IMG_3218.jpg?fit=1080%2C1080&ssl=1&resize=700%2C400 2x, https:\/\/i0.wp.com\/nicrochet.cl\/wp-content\/uploads\/2024\/03\/IMG_3218.jpg?fit=1080%2C1080&ssl=1&resize=1050%2C600 3x"},"classes":[]},{"id":441,"url":"https:\/\/nicrochet.cl\/index.php\/product\/patron-top-neon\/","url_meta":{"origin":1859,"position":2},"title":"Patr\u00f3n Top Neon","author":"Nicole Tobar","date":"Febrero 18, 2023","format":false,"excerpt":"Crochet 4 mm Tijeras Hilado grosor Sport. Yo use Skinny de Revesderecho Cantidad (grs y mts) por talla de cada color: XS: 100 gramos\/ 335 metros S: 125 gramos\/ 419 metros M: 140 gramos\/ 469 metros L: 150 gramos\/ 503 metros XL: 185 gramos\/ 620 metros XXL: 200 gramos\/ 670\u2026","rel":"","context":"Entrada similar ","block_context":{"text":"Entrada similar ","link":""},"img":{"alt_text":"","src":"https:\/\/i0.wp.com\/nicrochet.cl\/wp-content\/uploads\/2023\/02\/portada.png?fit=1080%2C1080&ssl=1&resize=350%2C200","width":350,"height":200,"srcset":"https:\/\/i0.wp.com\/nicrochet.cl\/wp-content\/uploads\/2023\/02\/portada.png?fit=1080%2C1080&ssl=1&resize=350%2C200 1x, https:\/\/i0.wp.com\/nicrochet.cl\/wp-content\/uploads\/2023\/02\/portada.png?fit=1080%2C1080&ssl=1&resize=525%2C300 1.5x, https:\/\/i0.wp.com\/nicrochet.cl\/wp-content\/uploads\/2023\/02\/portada.png?fit=1080%2C1080&ssl=1&resize=700%2C400 2x, https:\/\/i0.wp.com\/nicrochet.cl\/wp-content\/uploads\/2023\/02\/portada.png?fit=1080%2C1080&ssl=1&resize=1050%2C600 3x"},"classes":[]},{"id":82,"url":"https:\/\/nicrochet.cl\/index.php\/product\/__trashed-10\/","url_meta":{"origin":1859,"position":3},"title":"Patr\u00f3n Top Vie","author":"Nicole Tobar","date":"Noviembre 6, 2022","format":false,"excerpt":"Este es un patr\u00f3n PDF donde encontrar\u00e1s la explicaci\u00f3n de todo lo que necesitas para tejer tu Top Vie. Hilado grosor Sport \u2013 Skinny Cantidad (grs y mts) por talla: XS: 170 gramos\/ 570 metros S: 190 gramos\/ 637 metros M: 230 gramos\/ 771 metros L: 240 gramos\/ 804 metros\u2026","rel":"","context":"Entrada similar ","block_context":{"text":"Entrada similar ","link":""},"img":{"alt_text":"","src":"https:\/\/i0.wp.com\/nicrochet.cl\/wp-content\/uploads\/2022\/10\/WhatsApp-Image-2022-10-29-at-12.58.20-PM.jpeg?fit=1024%2C1024&ssl=1&resize=350%2C200","width":350,"height":200,"srcset":"https:\/\/i0.wp.com\/nicrochet.cl\/wp-content\/uploads\/2022\/10\/WhatsApp-Image-2022-10-29-at-12.58.20-PM.jpeg?fit=1024%2C1024&ssl=1&resize=350%2C200 1x, https:\/\/i0.wp.com\/nicrochet.cl\/wp-content\/uploads\/2022\/10\/WhatsApp-Image-2022-10-29-at-12.58.20-PM.jpeg?fit=1024%2C1024&ssl=1&resize=525%2C300 1.5x, https:\/\/i0.wp.com\/nicrochet.cl\/wp-content\/uploads\/2022\/10\/WhatsApp-Image-2022-10-29-at-12.58.20-PM.jpeg?fit=1024%2C1024&ssl=1&resize=700%2C400 2x"},"classes":[]},{"id":1300,"url":"https:\/\/nicrochet.cl\/index.php\/product\/patron-top-paros\/","url_meta":{"origin":1859,"position":4},"title":"Patr\u00f3n Top Paros","author":"Nicole Tobar","date":"Septiembre 25, 2023","format":false,"excerpt":"Este es un patr\u00f3n PDF donde encontrar\u00e1s la explicaci\u00f3n de todo lo que necesitas para tejer tu Top Paros. Crochet 4 mm Tijeras Grosor Hilado: Sport. Yo use Cotton de Revesderecho Cantidad (grs y mts) por talla: Color base: XS: 100 gramos\/ 250 metros S: 130 gramos\/ 325 metros M:\u2026","rel":"","context":"Entrada similar ","block_context":{"text":"Entrada similar ","link":""},"img":{"alt_text":"","src":"https:\/\/i0.wp.com\/nicrochet.cl\/wp-content\/uploads\/2023\/09\/9C95AF01-AFEF-4BA1-A288-4CC6F5C32406.png?fit=1080%2C1080&ssl=1&resize=350%2C200","width":350,"height":200,"srcset":"https:\/\/i0.wp.com\/nicrochet.cl\/wp-content\/uploads\/2023\/09\/9C95AF01-AFEF-4BA1-A288-4CC6F5C32406.png?fit=1080%2C1080&ssl=1&resize=350%2C200 1x, https:\/\/i0.wp.com\/nicrochet.cl\/wp-content\/uploads\/2023\/09\/9C95AF01-AFEF-4BA1-A288-4CC6F5C32406.png?fit=1080%2C1080&ssl=1&resize=525%2C300 1.5x, https:\/\/i0.wp.com\/nicrochet.cl\/wp-content\/uploads\/2023\/09\/9C95AF01-AFEF-4BA1-A288-4CC6F5C32406.png?fit=1080%2C1080&ssl=1&resize=700%2C400 2x, https:\/\/i0.wp.com\/nicrochet.cl\/wp-content\/uploads\/2023\/09\/9C95AF01-AFEF-4BA1-A288-4CC6F5C32406.png?fit=1080%2C1080&ssl=1&resize=1050%2C600 3x"},"classes":[]},{"id":100,"url":"https:\/\/nicrochet.cl\/index.php\/product\/patron-top-nube\/","url_meta":{"origin":1859,"position":5},"title":"Patr\u00f3n Top Nube","author":"Nicole Tobar","date":"Noviembre 19, 2022","format":false,"excerpt":"Este es un patr\u00f3n PDF donde encontrar\u00e1s la explicaci\u00f3n de todo lo que necesitas para tejer tu Top Nube. Hilado grosor Sport \u2013 DK \u2013 Cotton Revesderecho Cantidad (grs y mts) por talla: XS: 170 Gramos \/ 425 Metros S: 224 Gramos \/ 559 Metros M: 286 Gramos \/ 715\u2026","rel":"","context":"Entrada similar ","block_context":{"text":"Entrada similar ","link":""},"img":{"alt_text":"","src":"https:\/\/i0.wp.com\/nicrochet.cl\/wp-content\/uploads\/2022\/10\/WhatsApp-Image-2022-10-29-at-1.22.49-PM.jpeg?fit=1024%2C1024&ssl=1&resize=350%2C200","width":350,"height":200,"srcset":"https:\/\/i0.wp.com\/nicrochet.cl\/wp-content\/uploads\/2022\/10\/WhatsApp-Image-2022-10-29-at-1.22.49-PM.jpeg?fit=1024%2C1024&ssl=1&resize=350%2C200 1x, https:\/\/i0.wp.com\/nicrochet.cl\/wp-content\/uploads\/2022\/10\/WhatsApp-Image-2022-10-29-at-1.22.49-PM.jpeg?fit=1024%2C1024&ssl=1&resize=525%2C300 1.5x, https:\/\/i0.wp.com\/nicrochet.cl\/wp-content\/uploads\/2022\/10\/WhatsApp-Image-2022-10-29-at-1.22.49-PM.jpeg?fit=1024%2C1024&ssl=1&resize=700%2C400 2x"},"classes":[]}],"jetpack_sharing_enabled":true,"_links":{"self":[{"href":"https:\/\/nicrochet.cl\/index.php\/wp-json\/wp\/v2\/product\/1859","targetHints":{"allow":["GET"]}}],"collection":[{"href":"https:\/\/nicrochet.cl\/index.php\/wp-json\/wp\/v2\/product"}],"about":[{"href":"https:\/\/nicrochet.cl\/index.php\/wp-json\/wp\/v2\/types\/product"}],"replies":[{"embeddable":true,"href":"https:\/\/nicrochet.cl\/index.php\/wp-json\/wp\/v2\/comments?post=1859"}],"wp:featuredmedia":[{"embeddable":true,"href":"https:\/\/nicrochet.cl\/index.php\/wp-json\/wp\/v2\/media\/1861"}],"wp:attachment":[{"href":"https:\/\/nicrochet.cl\/index.php\/wp-json\/wp\/v2\/media?parent=1859"}],"wp:term":[{"taxonomy":"product_brand","embeddable":true,"href":"https:\/\/nicrochet.cl\/index.php\/wp-json\/wp\/v2\/product_brand?post=1859"},{"taxonomy":"product_cat","embeddable":true,"href":"https:\/\/nicrochet.cl\/index.php\/wp-json\/wp\/v2\/product_cat?post=1859"},{"taxonomy":"product_tag","embeddable":true,"href":"https:\/\/nicrochet.cl\/index.php\/wp-json\/wp\/v2\/product_tag?post=1859"}],"curies":[{"name":"wp","href":"https:\/\/api.w.org\/{rel}","templated":true}]}}