{"id":190,"date":"2022-11-19T15:41:30","date_gmt":"2022-11-19T18:41:30","guid":{"rendered":"http:\/\/143.198.158.217\/?post_type=product&#038;p=190"},"modified":"2024-09-02T13:53:17","modified_gmt":"2024-09-02T17:53:17","slug":"patron-cardigan-lilium","status":"publish","type":"product","link":"https:\/\/nicrochet.cl\/index.php\/product\/patron-cardigan-lilium\/","title":{"rendered":"Patr\u00f3n Cardigan Lilium"},"content":{"rendered":"<p><img data-recalc-dims=\"1\" fetchpriority=\"high\" decoding=\"async\" class=\"alignnone size-full wp-image-253\" src=\"https:\/\/i0.wp.com\/143.198.158.217\/wp-content\/uploads\/2022\/11\/Cardign-Lilium.png?resize=640%2C359\" alt=\"\" width=\"640\" height=\"359\" srcset=\"https:\/\/i0.wp.com\/nicrochet.cl\/wp-content\/uploads\/2022\/11\/Cardign-Lilium.png?w=1450&ssl=1 1450w, https:\/\/i0.wp.com\/nicrochet.cl\/wp-content\/uploads\/2022\/11\/Cardign-Lilium.png?resize=600%2C337&ssl=1 600w, https:\/\/i0.wp.com\/nicrochet.cl\/wp-content\/uploads\/2022\/11\/Cardign-Lilium.png?resize=300%2C168&ssl=1 300w, https:\/\/i0.wp.com\/nicrochet.cl\/wp-content\/uploads\/2022\/11\/Cardign-Lilium.png?resize=1024%2C575&ssl=1 1024w, https:\/\/i0.wp.com\/nicrochet.cl\/wp-content\/uploads\/2022\/11\/Cardign-Lilium.png?resize=768%2C431&ssl=1 768w, https:\/\/i0.wp.com\/nicrochet.cl\/wp-content\/uploads\/2022\/11\/Cardign-Lilium.png?resize=1320%2C741&ssl=1 1320w\" sizes=\"(max-width: 640px) 100vw, 640px\" \/><\/p>\n","protected":false},"excerpt":{"rendered":"<p>Este es un patr\u00f3n PDF donde encontrar\u00e1s la explicaci\u00f3n de todo lo que necesitas para tejer tu Cardigan Lilium<\/p>\n<p>Materiales. (600 gramos de Colors de Revesderecho)<br \/>\nCrochet 5 mm<br \/>\nExplicaci\u00f3n de Puntos a trabajar.<br \/>\nPaso a Paso para crear tu proyecto.<\/p>\n","protected":false},"featured_media":191,"comment_status":"open","ping_status":"closed","template":"","meta":[],"product_brand":[],"product_cat":[33,17],"product_tag":[],"class_list":{"0":"post-190","1":"product","2":"type-product","3":"status-publish","4":"has-post-thumbnail","6":"product_cat-oferta","7":"product_cat-patron","9":"first","10":"instock","11":"sale","12":"downloadable","13":"virtual","14":"purchasable","15":"product-type-simple"},"jetpack-related-posts":[{"id":150,"url":"https:\/\/nicrochet.cl\/index.php\/product\/patron-cardigan-iris\/","url_meta":{"origin":190,"position":0},"title":"Patr\u00f3n C\u00e1rdigan Iris","author":"Nicole Tobar","date":"Noviembre 21, 2022","format":false,"excerpt":"Este es un patr\u00f3n PDF donde encontrar\u00e1s la explicaci\u00f3n de todo lo que necesitas para tejer tu Cardigan Iris Materiales. (800 gramos de Ecocitex) Crochet 7 mm Explicaci\u00f3n de Puntos a trabajar. Paso a Paso para crear tu proyecto.","rel":"","context":"Entrada similar ","block_context":{"text":"Entrada similar ","link":""},"img":{"alt_text":"","src":"https:\/\/i0.wp.com\/nicrochet.cl\/wp-content\/uploads\/2022\/10\/WhatsApp-Image-2022-10-30-at-3.47.01-PM.jpeg?fit=1024%2C1024&ssl=1&resize=350%2C200","width":350,"height":200,"srcset":"https:\/\/i0.wp.com\/nicrochet.cl\/wp-content\/uploads\/2022\/10\/WhatsApp-Image-2022-10-30-at-3.47.01-PM.jpeg?fit=1024%2C1024&ssl=1&resize=350%2C200 1x, https:\/\/i0.wp.com\/nicrochet.cl\/wp-content\/uploads\/2022\/10\/WhatsApp-Image-2022-10-30-at-3.47.01-PM.jpeg?fit=1024%2C1024&ssl=1&resize=525%2C300 1.5x, https:\/\/i0.wp.com\/nicrochet.cl\/wp-content\/uploads\/2022\/10\/WhatsApp-Image-2022-10-30-at-3.47.01-PM.jpeg?fit=1024%2C1024&ssl=1&resize=700%2C400 2x"},"classes":[]},{"id":180,"url":"https:\/\/nicrochet.cl\/index.php\/product\/patron-cardigan-heavy\/","url_meta":{"origin":190,"position":1},"title":"Patr\u00f3n Cardigan Heavy","author":"Nicole Tobar","date":"Noviembre 19, 2022","format":false,"excerpt":"Este es un patr\u00f3n explicativo donde encontrar\u00e1s la explicaci\u00f3n de todo lo que necesitas para tejer tu Cardigan Heavy. Materiales. (950 gramos de Colors Heavy de Revesderecho) Crochet 8 mm Explicaci\u00f3n de Puntos a trabajar. Paso a Paso para crear tu proyecto.","rel":"","context":"Entrada similar ","block_context":{"text":"Entrada similar ","link":""},"img":{"alt_text":"","src":"https:\/\/i0.wp.com\/nicrochet.cl\/wp-content\/uploads\/2022\/11\/WhatsApp-Image-2022-11-01-at-9.42.03-PM.jpeg?fit=1024%2C1024&ssl=1&resize=350%2C200","width":350,"height":200,"srcset":"https:\/\/i0.wp.com\/nicrochet.cl\/wp-content\/uploads\/2022\/11\/WhatsApp-Image-2022-11-01-at-9.42.03-PM.jpeg?fit=1024%2C1024&ssl=1&resize=350%2C200 1x, https:\/\/i0.wp.com\/nicrochet.cl\/wp-content\/uploads\/2022\/11\/WhatsApp-Image-2022-11-01-at-9.42.03-PM.jpeg?fit=1024%2C1024&ssl=1&resize=525%2C300 1.5x, https:\/\/i0.wp.com\/nicrochet.cl\/wp-content\/uploads\/2022\/11\/WhatsApp-Image-2022-11-01-at-9.42.03-PM.jpeg?fit=1024%2C1024&ssl=1&resize=700%2C400 2x"},"classes":[]},{"id":155,"url":"https:\/\/nicrochet.cl\/index.php\/product\/patron-mom-cardigan\/","url_meta":{"origin":190,"position":2},"title":"Patr\u00f3n MOM C\u00e1rdigan","author":"Nicole Tobar","date":"Noviembre 19, 2022","format":false,"excerpt":"Este es un patr\u00f3n explicativo donde encontrar\u00e1s la explicaci\u00f3n de todo lo que necesitas para tejer tu Mom Cardigan Materiales. (600 gramos de King Revesderecho) Crochet 6 mm Explicaci\u00f3n de Puntos a trabajar. Paso a Paso para crear tu proyecto.","rel":"","context":"Entrada similar ","block_context":{"text":"Entrada similar ","link":""},"img":{"alt_text":"","src":"https:\/\/i0.wp.com\/nicrochet.cl\/wp-content\/uploads\/2022\/10\/WhatsApp-Image-2022-10-30-at-3.55.47-PM.jpeg?fit=1024%2C1024&ssl=1&resize=350%2C200","width":350,"height":200,"srcset":"https:\/\/i0.wp.com\/nicrochet.cl\/wp-content\/uploads\/2022\/10\/WhatsApp-Image-2022-10-30-at-3.55.47-PM.jpeg?fit=1024%2C1024&ssl=1&resize=350%2C200 1x, https:\/\/i0.wp.com\/nicrochet.cl\/wp-content\/uploads\/2022\/10\/WhatsApp-Image-2022-10-30-at-3.55.47-PM.jpeg?fit=1024%2C1024&ssl=1&resize=525%2C300 1.5x, https:\/\/i0.wp.com\/nicrochet.cl\/wp-content\/uploads\/2022\/10\/WhatsApp-Image-2022-10-30-at-3.55.47-PM.jpeg?fit=1024%2C1024&ssl=1&resize=700%2C400 2x"},"classes":[]},{"id":196,"url":"https:\/\/nicrochet.cl\/index.php\/product\/patron-cardigan-celta\/","url_meta":{"origin":190,"position":3},"title":"Patr\u00f3n Cardigan Celta","author":"Nicole Tobar","date":"Noviembre 19, 2022","format":false,"excerpt":"Este es un patr\u00f3n explicativo donde encontrar\u00e1s todo lo que necesitas para tejer tu Cardigan Celta. Materiales. Explicaci\u00f3n de Puntos a trabajar. Paso a Paso para crear tu proyecto.","rel":"","context":"Entrada similar ","block_context":{"text":"Entrada similar ","link":""},"img":{"alt_text":"","src":"https:\/\/i0.wp.com\/nicrochet.cl\/wp-content\/uploads\/2022\/11\/WhatsApp-Image-2022-11-02-at-6.35.13-PM.jpeg?fit=1024%2C1024&ssl=1&resize=350%2C200","width":350,"height":200,"srcset":"https:\/\/i0.wp.com\/nicrochet.cl\/wp-content\/uploads\/2022\/11\/WhatsApp-Image-2022-11-02-at-6.35.13-PM.jpeg?fit=1024%2C1024&ssl=1&resize=350%2C200 1x, https:\/\/i0.wp.com\/nicrochet.cl\/wp-content\/uploads\/2022\/11\/WhatsApp-Image-2022-11-02-at-6.35.13-PM.jpeg?fit=1024%2C1024&ssl=1&resize=525%2C300 1.5x, https:\/\/i0.wp.com\/nicrochet.cl\/wp-content\/uploads\/2022\/11\/WhatsApp-Image-2022-11-02-at-6.35.13-PM.jpeg?fit=1024%2C1024&ssl=1&resize=700%2C400 2x"},"classes":[]},{"id":141,"url":"https:\/\/nicrochet.cl\/index.php\/product\/patron-cardigan-popcorn-version-colors\/","url_meta":{"origin":190,"position":4},"title":"Patr\u00f3n C\u00e1rdigan Popcorn versi\u00f3n colors","author":"Nicole Tobar","date":"Noviembre 21, 2022","format":false,"excerpt":"Este es un patr\u00f3n explicativo donde encontrar\u00e1s todo lo que necesitas para tejer tu Cardigan Popcorn versi\u00f3n Colors. Materiales. Explicaci\u00f3n de Puntos a trabajar. Paso a Paso para crear tu proyecto.","rel":"","context":"Entrada similar ","block_context":{"text":"Entrada similar ","link":""},"img":{"alt_text":"","src":"https:\/\/i0.wp.com\/nicrochet.cl\/wp-content\/uploads\/2022\/10\/WhatsApp-Image-2022-10-30-at-3.34.46-PM.jpeg?fit=1024%2C1024&ssl=1&resize=350%2C200","width":350,"height":200,"srcset":"https:\/\/i0.wp.com\/nicrochet.cl\/wp-content\/uploads\/2022\/10\/WhatsApp-Image-2022-10-30-at-3.34.46-PM.jpeg?fit=1024%2C1024&ssl=1&resize=350%2C200 1x, https:\/\/i0.wp.com\/nicrochet.cl\/wp-content\/uploads\/2022\/10\/WhatsApp-Image-2022-10-30-at-3.34.46-PM.jpeg?fit=1024%2C1024&ssl=1&resize=525%2C300 1.5x, https:\/\/i0.wp.com\/nicrochet.cl\/wp-content\/uploads\/2022\/10\/WhatsApp-Image-2022-10-30-at-3.34.46-PM.jpeg?fit=1024%2C1024&ssl=1&resize=700%2C400 2x"},"classes":[]},{"id":145,"url":"https:\/\/nicrochet.cl\/index.php\/product\/patron-cardigan-braid\/","url_meta":{"origin":190,"position":5},"title":"Patr\u00f3n C\u00e1rdigan Braid","author":"Nicole Tobar","date":"Noviembre 19, 2022","format":false,"excerpt":"Este es un patr\u00f3n PDF donde encontrar\u00e1s la explicaci\u00f3n paso a paso para tejer tu Cardigan Braid Hilado: Verona La Nonina o King de revesderecho Cantidad por talla: XS: 600 Gramos S: 700 Gramos M: 800 Gramos L: 800 Gramos XL: 900 Gramos Crochet: 5 mm Materiales adicionales: Cinta m\u00e9trica,\u2026","rel":"","context":"Entrada similar ","block_context":{"text":"Entrada similar ","link":""},"img":{"alt_text":"","src":"https:\/\/i0.wp.com\/nicrochet.cl\/wp-content\/uploads\/2022\/10\/WhatsApp-Image-2022-10-30-at-3.42.04-PM.jpeg?fit=1024%2C1024&ssl=1&resize=350%2C200","width":350,"height":200,"srcset":"https:\/\/i0.wp.com\/nicrochet.cl\/wp-content\/uploads\/2022\/10\/WhatsApp-Image-2022-10-30-at-3.42.04-PM.jpeg?fit=1024%2C1024&ssl=1&resize=350%2C200 1x, https:\/\/i0.wp.com\/nicrochet.cl\/wp-content\/uploads\/2022\/10\/WhatsApp-Image-2022-10-30-at-3.42.04-PM.jpeg?fit=1024%2C1024&ssl=1&resize=525%2C300 1.5x, https:\/\/i0.wp.com\/nicrochet.cl\/wp-content\/uploads\/2022\/10\/WhatsApp-Image-2022-10-30-at-3.42.04-PM.jpeg?fit=1024%2C1024&ssl=1&resize=700%2C400 2x"},"classes":[]}],"jetpack_sharing_enabled":true,"_links":{"self":[{"href":"https:\/\/nicrochet.cl\/index.php\/wp-json\/wp\/v2\/product\/190","targetHints":{"allow":["GET"]}}],"collection":[{"href":"https:\/\/nicrochet.cl\/index.php\/wp-json\/wp\/v2\/product"}],"about":[{"href":"https:\/\/nicrochet.cl\/index.php\/wp-json\/wp\/v2\/types\/product"}],"replies":[{"embeddable":true,"href":"https:\/\/nicrochet.cl\/index.php\/wp-json\/wp\/v2\/comments?post=190"}],"wp:featuredmedia":[{"embeddable":true,"href":"https:\/\/nicrochet.cl\/index.php\/wp-json\/wp\/v2\/media\/191"}],"wp:attachment":[{"href":"https:\/\/nicrochet.cl\/index.php\/wp-json\/wp\/v2\/media?parent=190"}],"wp:term":[{"taxonomy":"product_brand","embeddable":true,"href":"https:\/\/nicrochet.cl\/index.php\/wp-json\/wp\/v2\/product_brand?post=190"},{"taxonomy":"product_cat","embeddable":true,"href":"https:\/\/nicrochet.cl\/index.php\/wp-json\/wp\/v2\/product_cat?post=190"},{"taxonomy":"product_tag","embeddable":true,"href":"https:\/\/nicrochet.cl\/index.php\/wp-json\/wp\/v2\/product_tag?post=190"}],"curies":[{"name":"wp","href":"https:\/\/api.w.org\/{rel}","templated":true}]}}