{"id":2021,"date":"2025-05-20T16:18:03","date_gmt":"2025-05-20T20:18:03","guid":{"rendered":"https:\/\/nicrochet.cl\/?post_type=product&#038;p=2021"},"modified":"2025-11-29T01:51:47","modified_gmt":"2025-11-29T04:51:47","slug":"cardigan-busan","status":"publish","type":"product","link":"https:\/\/nicrochet.cl\/index.php\/product\/cardigan-busan\/","title":{"rendered":"Cardigan Busan"},"content":{"rendered":"<p><img data-recalc-dims=\"1\" fetchpriority=\"high\" decoding=\"async\" class=\"wp-image-2022 aligncenter\" src=\"https:\/\/i0.wp.com\/nicrochet.cl\/wp-content\/uploads\/2025\/05\/medidas-busan.png?resize=625%2C356&ssl=1\" alt=\"\" width=\"625\" height=\"356\" srcset=\"https:\/\/i0.wp.com\/nicrochet.cl\/wp-content\/uploads\/2025\/05\/medidas-busan.png?resize=300%2C171&ssl=1 300w, https:\/\/i0.wp.com\/nicrochet.cl\/wp-content\/uploads\/2025\/05\/medidas-busan.png?resize=1024%2C584&ssl=1 1024w, https:\/\/i0.wp.com\/nicrochet.cl\/wp-content\/uploads\/2025\/05\/medidas-busan.png?resize=768%2C438&ssl=1 768w, https:\/\/i0.wp.com\/nicrochet.cl\/wp-content\/uploads\/2025\/05\/medidas-busan.png?resize=600%2C342&ssl=1 600w, https:\/\/i0.wp.com\/nicrochet.cl\/wp-content\/uploads\/2025\/05\/medidas-busan.png?w=1178&ssl=1 1178w\" sizes=\"(max-width: 625px) 100vw, 625px\" \/><\/p>\n","protected":false},"excerpt":{"rendered":"<p><b>Hilado<\/b><span style=\"font-weight: 400;\">: La Mia Mercerized Cotton Yarn<\/span><\/p>\n<p><b>Grosor: <\/b><span style=\"font-weight: 400;\">Sport<\/span><\/p>\n<p><b>Cantidad (grs y mts) por talla:<\/b><\/p>\n<ul>\n<li style=\"font-weight: 400;\" aria-level=\"1\"><span style=\"font-weight: 400;\">Talla 1: 400 grs\u00a0 \/ 1080 mts<\/span><\/li>\n<li style=\"font-weight: 400;\" aria-level=\"1\"><span style=\"font-weight: 400;\">Talla 2: 480 grs \/ 1296 mts<\/span><\/li>\n<li style=\"font-weight: 400;\" aria-level=\"1\"><span style=\"font-weight: 400;\">Talla 3: 570 grs \/ 1539 mts<\/span><\/li>\n<li style=\"font-weight: 400;\" aria-level=\"1\"><span style=\"font-weight: 400;\">Talla 4: 680 grs \/ 1836 mts<\/span><\/li>\n<\/ul>\n<p><b>Crochet: <\/b><span style=\"font-weight: 400;\">Crochet 4.0 mm.<\/span><\/p>\n<p><b>Botones:<\/b><span style=\"font-weight: 400;\">\u00a0<\/span><\/p>\n<ul>\n<li style=\"font-weight: 400;\" aria-level=\"1\"><span style=\"font-weight: 400;\">5 Botones de la medida deseada.<\/span><\/li>\n<\/ul>\n<p><span style=\"font-weight: 400;\">\u00a0<\/span><b>Para bloquear:<\/b><\/p>\n<ul>\n<li aria-level=\"1\"><b>Bloqueadores<\/b><\/li>\n<li aria-level=\"1\"><b>Base para Bloquear<\/b><\/li>\n<li aria-level=\"1\"><b>Shampoo neutro<\/b><\/li>\n<\/ul>\n<p><b>Materiales adicionales:<\/b><span style=\"font-weight: 400;\"> Cinta m\u00e9trica, marca puntos, aguja lanera, tijeras<\/span><\/p>\n<p>&nbsp;<\/p>\n","protected":false},"featured_media":2023,"comment_status":"open","ping_status":"closed","template":"","meta":[],"product_brand":[],"product_cat":[35],"product_tag":[],"class_list":{"0":"post-2021","1":"product","2":"type-product","3":"status-publish","4":"has-post-thumbnail","6":"product_cat-cardigan-patron","8":"first","9":"instock","10":"sale","11":"downloadable","12":"virtual","13":"purchasable","14":"product-type-simple"},"jetpack-related-posts":[{"id":1090,"url":"https:\/\/nicrochet.cl\/index.php\/product\/patron-sweater-cloud\/","url_meta":{"origin":2021,"position":0},"title":"Patr\u00f3n Sweater Cloud","author":"Nicole Tobar","date":"Julio 7, 2023","format":false,"excerpt":"Hilado: Suri de Lanas Rey Principe. Grosor: Bulky Cantidad (grs y mts) por talla: Para Suri de Color: Talla XS\/S: 200 grs \/ 520 mts Talla M\/L: 250 grs \/ 650 mts Talla 3XL\/XXL: 250 grs \/ 650 mts Para Suri Gradient: Talla XS\/S: 250 grs (150 grs color +\u2026","rel":"","context":"Entrada similar ","block_context":{"text":"Entrada similar ","link":""},"img":{"alt_text":"","src":"https:\/\/i0.wp.com\/nicrochet.cl\/wp-content\/uploads\/2023\/07\/cloud.png?fit=1080%2C1080&ssl=1&resize=350%2C200","width":350,"height":200,"srcset":"https:\/\/i0.wp.com\/nicrochet.cl\/wp-content\/uploads\/2023\/07\/cloud.png?fit=1080%2C1080&ssl=1&resize=350%2C200 1x, https:\/\/i0.wp.com\/nicrochet.cl\/wp-content\/uploads\/2023\/07\/cloud.png?fit=1080%2C1080&ssl=1&resize=525%2C300 1.5x, https:\/\/i0.wp.com\/nicrochet.cl\/wp-content\/uploads\/2023\/07\/cloud.png?fit=1080%2C1080&ssl=1&resize=700%2C400 2x, https:\/\/i0.wp.com\/nicrochet.cl\/wp-content\/uploads\/2023\/07\/cloud.png?fit=1080%2C1080&ssl=1&resize=1050%2C600 3x"},"classes":[]},{"id":1533,"url":"https:\/\/nicrochet.cl\/index.php\/product\/patron-sweater-lines\/","url_meta":{"origin":2021,"position":1},"title":"Patr\u00f3n Sweater Lines","author":"Nicole Tobar","date":"Mayo 28, 2024","format":false,"excerpt":"Materiales Hilado: Happy de C\u00edrculo Grosor: Sport Cantidad (grs y mts) por talla: Color Base: Talla XS\/S: 240 grs \/ 648 mts Talla M\/L: 290 grs \/ 783 mts Talla XL\/XXL: 370 grs \/ 999 mts Color L\u00edneas: Talla XS\/S: 100 grs \/ 270 mts Talla M\/L: 140 grs \/\u2026","rel":"","context":"Entrada similar ","block_context":{"text":"Entrada similar ","link":""},"img":{"alt_text":"","src":"https:\/\/i0.wp.com\/nicrochet.cl\/wp-content\/uploads\/2024\/05\/776B8402-F8DA-49BE-B4CD-2CC60B9ADB93.png?fit=1080%2C1080&ssl=1&resize=350%2C200","width":350,"height":200,"srcset":"https:\/\/i0.wp.com\/nicrochet.cl\/wp-content\/uploads\/2024\/05\/776B8402-F8DA-49BE-B4CD-2CC60B9ADB93.png?fit=1080%2C1080&ssl=1&resize=350%2C200 1x, https:\/\/i0.wp.com\/nicrochet.cl\/wp-content\/uploads\/2024\/05\/776B8402-F8DA-49BE-B4CD-2CC60B9ADB93.png?fit=1080%2C1080&ssl=1&resize=525%2C300 1.5x, https:\/\/i0.wp.com\/nicrochet.cl\/wp-content\/uploads\/2024\/05\/776B8402-F8DA-49BE-B4CD-2CC60B9ADB93.png?fit=1080%2C1080&ssl=1&resize=700%2C400 2x, https:\/\/i0.wp.com\/nicrochet.cl\/wp-content\/uploads\/2024\/05\/776B8402-F8DA-49BE-B4CD-2CC60B9ADB93.png?fit=1080%2C1080&ssl=1&resize=1050%2C600 3x"},"classes":[]},{"id":516,"url":"https:\/\/nicrochet.cl\/index.php\/product\/patron-sweater-fairy\/","url_meta":{"origin":2021,"position":2},"title":"Patr\u00f3n Sweater Fairy","author":"Nicole Tobar","date":"Marzo 17, 2023","format":false,"excerpt":"Hilado: Lana Merino Superwash Socks de @Julieta.inspira Grosor: Fingering Cantidad (grs y mts) por talla: Color 1 (Espalda y Delantero) Talla 1: 150 grs \/ 600 mts Talla 2: 190 grs \/ 760 mts Talla 3: 230 grs \/ 920 mts Color 2 (Mangas) Talla 1: 150 grs \/ 600\u2026","rel":"","context":"Entrada similar ","block_context":{"text":"Entrada similar ","link":""},"img":{"alt_text":"","src":"https:\/\/i0.wp.com\/nicrochet.cl\/wp-content\/uploads\/2023\/03\/8980E50A-7726-40DF-A278-8C670E992802.png?fit=1080%2C1080&ssl=1&resize=350%2C200","width":350,"height":200,"srcset":"https:\/\/i0.wp.com\/nicrochet.cl\/wp-content\/uploads\/2023\/03\/8980E50A-7726-40DF-A278-8C670E992802.png?fit=1080%2C1080&ssl=1&resize=350%2C200 1x, https:\/\/i0.wp.com\/nicrochet.cl\/wp-content\/uploads\/2023\/03\/8980E50A-7726-40DF-A278-8C670E992802.png?fit=1080%2C1080&ssl=1&resize=525%2C300 1.5x, https:\/\/i0.wp.com\/nicrochet.cl\/wp-content\/uploads\/2023\/03\/8980E50A-7726-40DF-A278-8C670E992802.png?fit=1080%2C1080&ssl=1&resize=700%2C400 2x, https:\/\/i0.wp.com\/nicrochet.cl\/wp-content\/uploads\/2023\/03\/8980E50A-7726-40DF-A278-8C670E992802.png?fit=1080%2C1080&ssl=1&resize=1050%2C600 3x"},"classes":[]},{"id":21,"url":"https:\/\/nicrochet.cl\/index.php\/product\/patron-sweater-moon\/","url_meta":{"origin":2021,"position":3},"title":"Patr\u00f3n Sweater Moon","author":"Nicole Tobar","date":"Junio 17, 2022","format":false,"excerpt":"Este es un patr\u00f3n PDF donde encontrar\u00e1s la explicaci\u00f3n paso a paso para tejer tu Sweater Moon. Los materiales: Hilado: Silky de Revesderecho Grosor: Sport \/ DK Cantidad (grs y mts) por talla: Talla 1: 480 grs \/ 1229 mts Talla 2: 510 grs \/ 1306 mts Talla 3: 540\u2026","rel":"","context":"Entrada similar ","block_context":{"text":"Entrada similar ","link":""},"img":{"alt_text":"","src":"https:\/\/i0.wp.com\/nicrochet.cl\/wp-content\/uploads\/2022\/06\/BA3AB7CF-02D9-4BC3-84EB-781F1FE996D7.webp?fit=1080%2C1080&ssl=1&resize=350%2C200","width":350,"height":200,"srcset":"https:\/\/i0.wp.com\/nicrochet.cl\/wp-content\/uploads\/2022\/06\/BA3AB7CF-02D9-4BC3-84EB-781F1FE996D7.webp?fit=1080%2C1080&ssl=1&resize=350%2C200 1x, https:\/\/i0.wp.com\/nicrochet.cl\/wp-content\/uploads\/2022\/06\/BA3AB7CF-02D9-4BC3-84EB-781F1FE996D7.webp?fit=1080%2C1080&ssl=1&resize=525%2C300 1.5x, https:\/\/i0.wp.com\/nicrochet.cl\/wp-content\/uploads\/2022\/06\/BA3AB7CF-02D9-4BC3-84EB-781F1FE996D7.webp?fit=1080%2C1080&ssl=1&resize=700%2C400 2x, https:\/\/i0.wp.com\/nicrochet.cl\/wp-content\/uploads\/2022\/06\/BA3AB7CF-02D9-4BC3-84EB-781F1FE996D7.webp?fit=1080%2C1080&ssl=1&resize=1050%2C600 3x"},"classes":[]},{"id":128,"url":"https:\/\/nicrochet.cl\/index.php\/product\/patron-lemon-vest\/","url_meta":{"origin":2021,"position":4},"title":"Patr\u00f3n Lemon Vest","author":"Nicole Tobar","date":"Noviembre 6, 2022","format":false,"excerpt":"Este es un patr\u00f3n PDF donde encontrar\u00e1s la explicaci\u00f3n paso a paso para tejer tu Lemon Vest Hilado:\u00a0Lana Merino @Hebrabuena Grosor:\u00a0DK Cantidad (grs y mts) por talla: Talla XS:\u00a0230 grs \/ 575 mts Talla S:\u00a0 282 grs \/ 704 mts Talla M:\u00a0 300 grs \/ 750 mts Talla L:\u00a0\u00a0343 grs\u2026","rel":"","context":"Entrada similar ","block_context":{"text":"Entrada similar ","link":""},"img":{"alt_text":"","src":"https:\/\/i0.wp.com\/nicrochet.cl\/wp-content\/uploads\/2022\/10\/WhatsApp-Image-2022-10-29-at-3.05.34-PM.jpeg?fit=1024%2C1024&ssl=1&resize=350%2C200","width":350,"height":200,"srcset":"https:\/\/i0.wp.com\/nicrochet.cl\/wp-content\/uploads\/2022\/10\/WhatsApp-Image-2022-10-29-at-3.05.34-PM.jpeg?fit=1024%2C1024&ssl=1&resize=350%2C200 1x, https:\/\/i0.wp.com\/nicrochet.cl\/wp-content\/uploads\/2022\/10\/WhatsApp-Image-2022-10-29-at-3.05.34-PM.jpeg?fit=1024%2C1024&ssl=1&resize=525%2C300 1.5x, https:\/\/i0.wp.com\/nicrochet.cl\/wp-content\/uploads\/2022\/10\/WhatsApp-Image-2022-10-29-at-3.05.34-PM.jpeg?fit=1024%2C1024&ssl=1&resize=700%2C400 2x"},"classes":[]},{"id":161,"url":"https:\/\/nicrochet.cl\/index.php\/product\/patron-jess-cardigan\/","url_meta":{"origin":2021,"position":5},"title":"Patr\u00f3n Jess C\u00e1rdigan","author":"Nicole Tobar","date":"Noviembre 21, 2022","format":false,"excerpt":"Este es un patr\u00f3n PDF donde encontrar\u00e1s la explicaci\u00f3n paso a paso para tejer tu Jess C\u00e1rdigan Hilado: King de Revesderecho Grosor: DK \/ Worsted Light Cantidad (grs y mts) por talla: Talla 1: 550 grs \/ 935 mts Talla 2: 580 grs \/ 986 mts Talla 3: 670 grs\u2026","rel":"","context":"Entrada similar ","block_context":{"text":"Entrada similar ","link":""},"img":{"alt_text":"","src":"https:\/\/i0.wp.com\/nicrochet.cl\/wp-content\/uploads\/2022\/10\/WhatsApp-Image-2022-10-30-at-4.02.50-PM.jpeg?fit=1015%2C1024&ssl=1&resize=350%2C200","width":350,"height":200,"srcset":"https:\/\/i0.wp.com\/nicrochet.cl\/wp-content\/uploads\/2022\/10\/WhatsApp-Image-2022-10-30-at-4.02.50-PM.jpeg?fit=1015%2C1024&ssl=1&resize=350%2C200 1x, https:\/\/i0.wp.com\/nicrochet.cl\/wp-content\/uploads\/2022\/10\/WhatsApp-Image-2022-10-30-at-4.02.50-PM.jpeg?fit=1015%2C1024&ssl=1&resize=525%2C300 1.5x, https:\/\/i0.wp.com\/nicrochet.cl\/wp-content\/uploads\/2022\/10\/WhatsApp-Image-2022-10-30-at-4.02.50-PM.jpeg?fit=1015%2C1024&ssl=1&resize=700%2C400 2x"},"classes":[]}],"jetpack_sharing_enabled":true,"_links":{"self":[{"href":"https:\/\/nicrochet.cl\/index.php\/wp-json\/wp\/v2\/product\/2021","targetHints":{"allow":["GET"]}}],"collection":[{"href":"https:\/\/nicrochet.cl\/index.php\/wp-json\/wp\/v2\/product"}],"about":[{"href":"https:\/\/nicrochet.cl\/index.php\/wp-json\/wp\/v2\/types\/product"}],"replies":[{"embeddable":true,"href":"https:\/\/nicrochet.cl\/index.php\/wp-json\/wp\/v2\/comments?post=2021"}],"wp:featuredmedia":[{"embeddable":true,"href":"https:\/\/nicrochet.cl\/index.php\/wp-json\/wp\/v2\/media\/2023"}],"wp:attachment":[{"href":"https:\/\/nicrochet.cl\/index.php\/wp-json\/wp\/v2\/media?parent=2021"}],"wp:term":[{"taxonomy":"product_brand","embeddable":true,"href":"https:\/\/nicrochet.cl\/index.php\/wp-json\/wp\/v2\/product_brand?post=2021"},{"taxonomy":"product_cat","embeddable":true,"href":"https:\/\/nicrochet.cl\/index.php\/wp-json\/wp\/v2\/product_cat?post=2021"},{"taxonomy":"product_tag","embeddable":true,"href":"https:\/\/nicrochet.cl\/index.php\/wp-json\/wp\/v2\/product_tag?post=2021"}],"curies":[{"name":"wp","href":"https:\/\/api.w.org\/{rel}","templated":true}]}}