{"id":2072,"date":"2025-07-24T22:04:00","date_gmt":"2025-07-25T02:04:00","guid":{"rendered":"https:\/\/nicrochet.cl\/?post_type=product&#038;p=2072"},"modified":"2025-10-02T01:33:42","modified_gmt":"2025-10-02T04:33:42","slug":"sweater-sakura","status":"publish","type":"product","link":"https:\/\/nicrochet.cl\/index.php\/product\/sweater-sakura\/","title":{"rendered":"Sweater Sakura"},"content":{"rendered":"<p><img data-recalc-dims=\"1\" fetchpriority=\"high\" decoding=\"async\" class=\"wp-image-2074 aligncenter\" src=\"https:\/\/i0.wp.com\/nicrochet.cl\/wp-content\/uploads\/2025\/07\/tallas-sakura.png?resize=600%2C376&ssl=1\" alt=\"\" width=\"600\" height=\"376\" srcset=\"https:\/\/i0.wp.com\/nicrochet.cl\/wp-content\/uploads\/2025\/07\/tallas-sakura.png?resize=300%2C188&ssl=1 300w, https:\/\/i0.wp.com\/nicrochet.cl\/wp-content\/uploads\/2025\/07\/tallas-sakura.png?resize=1024%2C642&ssl=1 1024w, https:\/\/i0.wp.com\/nicrochet.cl\/wp-content\/uploads\/2025\/07\/tallas-sakura.png?resize=768%2C482&ssl=1 768w, https:\/\/i0.wp.com\/nicrochet.cl\/wp-content\/uploads\/2025\/07\/tallas-sakura.png?resize=1536%2C963&ssl=1 1536w, https:\/\/i0.wp.com\/nicrochet.cl\/wp-content\/uploads\/2025\/07\/tallas-sakura.png?resize=2048%2C1284&ssl=1 2048w, https:\/\/i0.wp.com\/nicrochet.cl\/wp-content\/uploads\/2025\/07\/tallas-sakura.png?resize=1320%2C828&ssl=1 1320w, https:\/\/i0.wp.com\/nicrochet.cl\/wp-content\/uploads\/2025\/07\/tallas-sakura.png?resize=600%2C376&ssl=1 600w, https:\/\/i0.wp.com\/nicrochet.cl\/wp-content\/uploads\/2025\/07\/tallas-sakura.png?w=1920&ssl=1 1920w\" sizes=\"(max-width: 600px) 100vw, 600px\" \/><\/p>\n","protected":false},"excerpt":{"rendered":"<p class=\"p1\">Hilado: Merino + Mohair Lanas Rey Pr\u00edncipe<\/p>\n<p class=\"p1\">Grosor: Sport (fingering + lace)<\/p>\n<p class=\"p2\">Talla Gramos Metros<\/p>\n<ul>\n<li class=\"p2\">Talla 0:\n<ul>\n<li>Merino: 190grs 760mts<\/li>\n<li>Mohair: 20grs 168mts<\/li>\n<\/ul>\n<\/li>\n<li class=\"p2\">Talla 1:\n<ul>\n<li class=\"p2\">Merino: 230grs 920mts<\/li>\n<li class=\"p2\">Mohair: 25grs\u00a0 210mts<\/li>\n<\/ul>\n<\/li>\n<li class=\"p2\">Talla 2:\n<ul>\n<li class=\"p2\">Merino: 280grs 1120mts<\/li>\n<li class=\"p2\">Mohair: 35grs 294mts<\/li>\n<\/ul>\n<\/li>\n<li class=\"p2\">Talla 3:\n<ul>\n<li class=\"p2\">Merino: 340grs 1360mts<\/li>\n<li class=\"p2\">Mohair: 40grs 336mts<\/li>\n<\/ul>\n<\/li>\n<li class=\"p2\">Talla 4:\n<ul>\n<li class=\"p2\">Merino: 370grs 1480mts<\/li>\n<li class=\"p2\">Mohair:45grs 37mts<\/li>\n<\/ul>\n<\/li>\n<\/ul>\n<p class=\"p1\">Crochet: 4 mm<\/p>\n","protected":false},"featured_media":2073,"comment_status":"open","ping_status":"closed","template":"","meta":[],"product_brand":[],"product_cat":[36],"product_tag":[],"class_list":{"0":"post-2072","1":"product","2":"type-product","3":"status-publish","4":"has-post-thumbnail","6":"product_cat-sweater-patron","8":"first","9":"instock","10":"sale","11":"downloadable","12":"virtual","13":"purchasable","14":"product-type-simple"},"jetpack-related-posts":[{"id":1292,"url":"https:\/\/nicrochet.cl\/index.php\/product\/patron-sweater-rose\/","url_meta":{"origin":2072,"position":0},"title":"Patr\u00f3n Sweater Ros\u00e9","author":"Nicole Tobar","date":"Septiembre 25, 2023","format":false,"excerpt":"Hilado: Mohair Revesderecho \/ Merino + Mohair Grosor: Sport (fingering + lace) - DK Cantidad (grs y mts) por talla: Talla XS\/S: 450 grs \/ 1.125 mts Talla M\/L: 550 grs \/ 1.375 mts Talla XL\/XXL: 700 grs \/ 1.750 mts Crochet: 5 mm Materiales adicionales: Cinta m\u00e9trica, marca puntos,\u2026","rel":"","context":"Entrada similar ","block_context":{"text":"Entrada similar ","link":""},"img":{"alt_text":"","src":"https:\/\/i0.wp.com\/nicrochet.cl\/wp-content\/uploads\/2023\/09\/BBBE160A-B9E3-4044-B12F-CD8EF0D7BEEF.png?fit=1080%2C1080&ssl=1&resize=350%2C200","width":350,"height":200,"srcset":"https:\/\/i0.wp.com\/nicrochet.cl\/wp-content\/uploads\/2023\/09\/BBBE160A-B9E3-4044-B12F-CD8EF0D7BEEF.png?fit=1080%2C1080&ssl=1&resize=350%2C200 1x, https:\/\/i0.wp.com\/nicrochet.cl\/wp-content\/uploads\/2023\/09\/BBBE160A-B9E3-4044-B12F-CD8EF0D7BEEF.png?fit=1080%2C1080&ssl=1&resize=525%2C300 1.5x, https:\/\/i0.wp.com\/nicrochet.cl\/wp-content\/uploads\/2023\/09\/BBBE160A-B9E3-4044-B12F-CD8EF0D7BEEF.png?fit=1080%2C1080&ssl=1&resize=700%2C400 2x, https:\/\/i0.wp.com\/nicrochet.cl\/wp-content\/uploads\/2023\/09\/BBBE160A-B9E3-4044-B12F-CD8EF0D7BEEF.png?fit=1080%2C1080&ssl=1&resize=1050%2C600 3x"},"classes":[]},{"id":559,"url":"https:\/\/nicrochet.cl\/index.php\/product\/preventa-patron-kimono-midnight\/","url_meta":{"origin":2072,"position":1},"title":"Patr\u00f3n Kimono Midnight","author":"Nicole Tobar","date":"Abril 8, 2023","format":false,"excerpt":"Hilado: Lana Merino SW \/ Lana Merino Lurex \/ Lana Merino 18 migras Grosor: Fingering Cantidad (grs y mts) por talla: Talla 1: 430 grs \/ 1.720 mts Talla 2: 470 grs \/ 1.880 mts Talla 3: 540 grs \/ 2.160 mts Crochet: 4 mm o con el cual te\u2026","rel":"","context":"Entrada similar ","block_context":{"text":"Entrada similar ","link":""},"img":{"alt_text":"","src":"https:\/\/i0.wp.com\/nicrochet.cl\/wp-content\/uploads\/2023\/04\/kimono-midnight.png?fit=1080%2C1080&ssl=1&resize=350%2C200","width":350,"height":200,"srcset":"https:\/\/i0.wp.com\/nicrochet.cl\/wp-content\/uploads\/2023\/04\/kimono-midnight.png?fit=1080%2C1080&ssl=1&resize=350%2C200 1x, https:\/\/i0.wp.com\/nicrochet.cl\/wp-content\/uploads\/2023\/04\/kimono-midnight.png?fit=1080%2C1080&ssl=1&resize=525%2C300 1.5x, https:\/\/i0.wp.com\/nicrochet.cl\/wp-content\/uploads\/2023\/04\/kimono-midnight.png?fit=1080%2C1080&ssl=1&resize=700%2C400 2x, https:\/\/i0.wp.com\/nicrochet.cl\/wp-content\/uploads\/2023\/04\/kimono-midnight.png?fit=1080%2C1080&ssl=1&resize=1050%2C600 3x"},"classes":[]},{"id":1230,"url":"https:\/\/nicrochet.cl\/index.php\/product\/patron-vest-rose\/","url_meta":{"origin":2072,"position":2},"title":"Patr\u00f3n Vest Ros\u00e9","author":"Nicole Tobar","date":"Agosto 22, 2023","format":false,"excerpt":"Este es un patr\u00f3n PDF donde encontrar\u00e1s la explicaci\u00f3n de todo lo que necesitas para tejer tu Vest Ros\u00e9. Hilado: Mohair Revesderecho Grosor: Light DK - DK Cantidad (grs y mts) por talla: Talla XS\/S: 220 grs \/ 550 mts Talla M\/L: 300 grs \/ 750 mts Talla XL\/XXL: 380\u2026","rel":"","context":"Entrada similar ","block_context":{"text":"Entrada similar ","link":""},"img":{"alt_text":"","src":"https:\/\/i0.wp.com\/nicrochet.cl\/wp-content\/uploads\/2023\/08\/B1573DB7-9845-498A-9EC8-8287F83D355B-1.png?fit=1080%2C1080&ssl=1&resize=350%2C200","width":350,"height":200,"srcset":"https:\/\/i0.wp.com\/nicrochet.cl\/wp-content\/uploads\/2023\/08\/B1573DB7-9845-498A-9EC8-8287F83D355B-1.png?fit=1080%2C1080&ssl=1&resize=350%2C200 1x, https:\/\/i0.wp.com\/nicrochet.cl\/wp-content\/uploads\/2023\/08\/B1573DB7-9845-498A-9EC8-8287F83D355B-1.png?fit=1080%2C1080&ssl=1&resize=525%2C300 1.5x, https:\/\/i0.wp.com\/nicrochet.cl\/wp-content\/uploads\/2023\/08\/B1573DB7-9845-498A-9EC8-8287F83D355B-1.png?fit=1080%2C1080&ssl=1&resize=700%2C400 2x, https:\/\/i0.wp.com\/nicrochet.cl\/wp-content\/uploads\/2023\/08\/B1573DB7-9845-498A-9EC8-8287F83D355B-1.png?fit=1080%2C1080&ssl=1&resize=1050%2C600 3x"},"classes":[]},{"id":516,"url":"https:\/\/nicrochet.cl\/index.php\/product\/patron-sweater-fairy\/","url_meta":{"origin":2072,"position":3},"title":"Patr\u00f3n Sweater Fairy","author":"Nicole Tobar","date":"Marzo 17, 2023","format":false,"excerpt":"Hilado: Lana Merino Superwash Socks de @Julieta.inspira Grosor: Fingering Cantidad (grs y mts) por talla: Color 1 (Espalda y Delantero) Talla 1: 150 grs \/ 600 mts Talla 2: 190 grs \/ 760 mts Talla 3: 230 grs \/ 920 mts Color 2 (Mangas) Talla 1: 150 grs \/ 600\u2026","rel":"","context":"Entrada similar ","block_context":{"text":"Entrada similar ","link":""},"img":{"alt_text":"","src":"https:\/\/i0.wp.com\/nicrochet.cl\/wp-content\/uploads\/2023\/03\/8980E50A-7726-40DF-A278-8C670E992802.png?fit=1080%2C1080&ssl=1&resize=350%2C200","width":350,"height":200,"srcset":"https:\/\/i0.wp.com\/nicrochet.cl\/wp-content\/uploads\/2023\/03\/8980E50A-7726-40DF-A278-8C670E992802.png?fit=1080%2C1080&ssl=1&resize=350%2C200 1x, https:\/\/i0.wp.com\/nicrochet.cl\/wp-content\/uploads\/2023\/03\/8980E50A-7726-40DF-A278-8C670E992802.png?fit=1080%2C1080&ssl=1&resize=525%2C300 1.5x, https:\/\/i0.wp.com\/nicrochet.cl\/wp-content\/uploads\/2023\/03\/8980E50A-7726-40DF-A278-8C670E992802.png?fit=1080%2C1080&ssl=1&resize=700%2C400 2x, https:\/\/i0.wp.com\/nicrochet.cl\/wp-content\/uploads\/2023\/03\/8980E50A-7726-40DF-A278-8C670E992802.png?fit=1080%2C1080&ssl=1&resize=1050%2C600 3x"},"classes":[]},{"id":1660,"url":"https:\/\/nicrochet.cl\/index.php\/product\/patron-sweater-midnight\/","url_meta":{"origin":2072,"position":4},"title":"Patr\u00f3n Sweater Midnight","author":"Nicole Tobar","date":"Agosto 13, 2024","format":false,"excerpt":"Crochet 4 mm y 0.5 mm para mostacillas Grosor Hilado: Fingering, yo use Lana Merino SW 19 Micras de Lanas Rey Principe @Lanasreyprincipe Cantidad (grs y mts) por talla: XS\/S: 250 gramos \/ 1.000 metros M\/L: 350 gramos \/ 1.400 metros XL\/XXL: 400 gramos \/ 1.600 metros Cantidad Mostacillas 8\/0\u2026","rel":"","context":"Entrada similar ","block_context":{"text":"Entrada similar ","link":""},"img":{"alt_text":"","src":"https:\/\/i0.wp.com\/nicrochet.cl\/wp-content\/uploads\/2024\/08\/2F33F9D7-9F52-4582-B776-1908BCC2CC95.png?fit=1080%2C1080&ssl=1&resize=350%2C200","width":350,"height":200,"srcset":"https:\/\/i0.wp.com\/nicrochet.cl\/wp-content\/uploads\/2024\/08\/2F33F9D7-9F52-4582-B776-1908BCC2CC95.png?fit=1080%2C1080&ssl=1&resize=350%2C200 1x, https:\/\/i0.wp.com\/nicrochet.cl\/wp-content\/uploads\/2024\/08\/2F33F9D7-9F52-4582-B776-1908BCC2CC95.png?fit=1080%2C1080&ssl=1&resize=525%2C300 1.5x, https:\/\/i0.wp.com\/nicrochet.cl\/wp-content\/uploads\/2024\/08\/2F33F9D7-9F52-4582-B776-1908BCC2CC95.png?fit=1080%2C1080&ssl=1&resize=700%2C400 2x, https:\/\/i0.wp.com\/nicrochet.cl\/wp-content\/uploads\/2024\/08\/2F33F9D7-9F52-4582-B776-1908BCC2CC95.png?fit=1080%2C1080&ssl=1&resize=1050%2C600 3x"},"classes":[]},{"id":128,"url":"https:\/\/nicrochet.cl\/index.php\/product\/patron-lemon-vest\/","url_meta":{"origin":2072,"position":5},"title":"Patr\u00f3n Lemon Vest","author":"Nicole Tobar","date":"Noviembre 6, 2022","format":false,"excerpt":"Este es un patr\u00f3n PDF donde encontrar\u00e1s la explicaci\u00f3n paso a paso para tejer tu Lemon Vest Hilado:\u00a0Lana Merino @Hebrabuena Grosor:\u00a0DK Cantidad (grs y mts) por talla: Talla XS:\u00a0230 grs \/ 575 mts Talla S:\u00a0 282 grs \/ 704 mts Talla M:\u00a0 300 grs \/ 750 mts Talla L:\u00a0\u00a0343 grs\u2026","rel":"","context":"Entrada similar ","block_context":{"text":"Entrada similar ","link":""},"img":{"alt_text":"","src":"https:\/\/i0.wp.com\/nicrochet.cl\/wp-content\/uploads\/2022\/10\/WhatsApp-Image-2022-10-29-at-3.05.34-PM.jpeg?fit=1024%2C1024&ssl=1&resize=350%2C200","width":350,"height":200,"srcset":"https:\/\/i0.wp.com\/nicrochet.cl\/wp-content\/uploads\/2022\/10\/WhatsApp-Image-2022-10-29-at-3.05.34-PM.jpeg?fit=1024%2C1024&ssl=1&resize=350%2C200 1x, https:\/\/i0.wp.com\/nicrochet.cl\/wp-content\/uploads\/2022\/10\/WhatsApp-Image-2022-10-29-at-3.05.34-PM.jpeg?fit=1024%2C1024&ssl=1&resize=525%2C300 1.5x, https:\/\/i0.wp.com\/nicrochet.cl\/wp-content\/uploads\/2022\/10\/WhatsApp-Image-2022-10-29-at-3.05.34-PM.jpeg?fit=1024%2C1024&ssl=1&resize=700%2C400 2x"},"classes":[]}],"jetpack_sharing_enabled":true,"_links":{"self":[{"href":"https:\/\/nicrochet.cl\/index.php\/wp-json\/wp\/v2\/product\/2072","targetHints":{"allow":["GET"]}}],"collection":[{"href":"https:\/\/nicrochet.cl\/index.php\/wp-json\/wp\/v2\/product"}],"about":[{"href":"https:\/\/nicrochet.cl\/index.php\/wp-json\/wp\/v2\/types\/product"}],"replies":[{"embeddable":true,"href":"https:\/\/nicrochet.cl\/index.php\/wp-json\/wp\/v2\/comments?post=2072"}],"wp:featuredmedia":[{"embeddable":true,"href":"https:\/\/nicrochet.cl\/index.php\/wp-json\/wp\/v2\/media\/2073"}],"wp:attachment":[{"href":"https:\/\/nicrochet.cl\/index.php\/wp-json\/wp\/v2\/media?parent=2072"}],"wp:term":[{"taxonomy":"product_brand","embeddable":true,"href":"https:\/\/nicrochet.cl\/index.php\/wp-json\/wp\/v2\/product_brand?post=2072"},{"taxonomy":"product_cat","embeddable":true,"href":"https:\/\/nicrochet.cl\/index.php\/wp-json\/wp\/v2\/product_cat?post=2072"},{"taxonomy":"product_tag","embeddable":true,"href":"https:\/\/nicrochet.cl\/index.php\/wp-json\/wp\/v2\/product_tag?post=2072"}],"curies":[{"name":"wp","href":"https:\/\/api.w.org\/{rel}","templated":true}]}}