{"id":210,"date":"2022-11-19T15:36:51","date_gmt":"2022-11-19T18:36:51","guid":{"rendered":"http:\/\/143.198.158.217\/?post_type=product&#038;p=210"},"modified":"2024-11-01T17:54:31","modified_gmt":"2024-11-01T20:54:31","slug":"patron-slippers-sweet","status":"publish","type":"product","link":"https:\/\/nicrochet.cl\/index.php\/product\/patron-slippers-sweet\/","title":{"rendered":"Patr\u00f3n Slippers Sweet"},"content":{"rendered":"","protected":false},"excerpt":{"rendered":"<p>Te invito a crochetear estas suaves y calentitas calcetas con Sweet Home de Revesderecho! Trabajaremos puntos b\u00e1sicos, apto para principiantes. \u00a1Descarga el patr\u00f3n y prep\u00e1rate para este invierno!<\/p>\n","protected":false},"featured_media":211,"comment_status":"open","ping_status":"closed","template":"","meta":[],"product_brand":[],"product_cat":[33,38,28],"product_tag":[],"class_list":{"0":"post-210","1":"product","2":"type-product","3":"status-publish","4":"has-post-thumbnail","6":"product_cat-oferta","7":"product_cat-oferta-patron","8":"product_cat-patron-de-regalo","10":"first","11":"instock","12":"sale","13":"downloadable","14":"virtual","15":"purchasable","16":"product-type-simple"},"jetpack-related-posts":[{"id":118,"url":"https:\/\/nicrochet.cl\/index.php\/product\/patron-kim-kimono\/","url_meta":{"origin":210,"position":0},"title":"Patr\u00f3n KIM Kimono","author":"Nicole Tobar","date":"Noviembre 19, 2022","format":false,"excerpt":"Este es un patr\u00f3n explicativo donde encontrar\u00e1s todo lo que necesitas para tejer tu KIM -Kimono Materiales. Explicaci\u00f3n de Puntos a trabajar. Paso a Paso para crear tu proyecto.","rel":"","context":"Entrada similar ","block_context":{"text":"Entrada similar ","link":""},"img":{"alt_text":"","src":"https:\/\/i0.wp.com\/nicrochet.cl\/wp-content\/uploads\/2022\/10\/WhatsApp-Image-2022-10-29-at-2.08.05-PM.jpeg?fit=1024%2C1024&ssl=1&resize=350%2C200","width":350,"height":200,"srcset":"https:\/\/i0.wp.com\/nicrochet.cl\/wp-content\/uploads\/2022\/10\/WhatsApp-Image-2022-10-29-at-2.08.05-PM.jpeg?fit=1024%2C1024&ssl=1&resize=350%2C200 1x, https:\/\/i0.wp.com\/nicrochet.cl\/wp-content\/uploads\/2022\/10\/WhatsApp-Image-2022-10-29-at-2.08.05-PM.jpeg?fit=1024%2C1024&ssl=1&resize=525%2C300 1.5x, https:\/\/i0.wp.com\/nicrochet.cl\/wp-content\/uploads\/2022\/10\/WhatsApp-Image-2022-10-29-at-2.08.05-PM.jpeg?fit=1024%2C1024&ssl=1&resize=700%2C400 2x"},"classes":[]},{"id":196,"url":"https:\/\/nicrochet.cl\/index.php\/product\/patron-cardigan-celta\/","url_meta":{"origin":210,"position":1},"title":"Patr\u00f3n Cardigan Celta","author":"Nicole Tobar","date":"Noviembre 19, 2022","format":false,"excerpt":"Este es un patr\u00f3n explicativo donde encontrar\u00e1s todo lo que necesitas para tejer tu Cardigan Celta. Materiales. Explicaci\u00f3n de Puntos a trabajar. Paso a Paso para crear tu proyecto.","rel":"","context":"Entrada similar ","block_context":{"text":"Entrada similar ","link":""},"img":{"alt_text":"","src":"https:\/\/i0.wp.com\/nicrochet.cl\/wp-content\/uploads\/2022\/11\/WhatsApp-Image-2022-11-02-at-6.35.13-PM.jpeg?fit=1024%2C1024&ssl=1&resize=350%2C200","width":350,"height":200,"srcset":"https:\/\/i0.wp.com\/nicrochet.cl\/wp-content\/uploads\/2022\/11\/WhatsApp-Image-2022-11-02-at-6.35.13-PM.jpeg?fit=1024%2C1024&ssl=1&resize=350%2C200 1x, https:\/\/i0.wp.com\/nicrochet.cl\/wp-content\/uploads\/2022\/11\/WhatsApp-Image-2022-11-02-at-6.35.13-PM.jpeg?fit=1024%2C1024&ssl=1&resize=525%2C300 1.5x, https:\/\/i0.wp.com\/nicrochet.cl\/wp-content\/uploads\/2022\/11\/WhatsApp-Image-2022-11-02-at-6.35.13-PM.jpeg?fit=1024%2C1024&ssl=1&resize=700%2C400 2x"},"classes":[]},{"id":105,"url":"https:\/\/nicrochet.cl\/index.php\/product\/patron-polera-amapola\/","url_meta":{"origin":210,"position":2},"title":"Patr\u00f3n Polera Amapola","author":"Nicole Tobar","date":"Noviembre 19, 2022","format":false,"excerpt":"Este es un patr\u00f3n explicativo donde encontrar\u00e1s todo lo que necesitas para tejer tu Polera Amapola Materiales. Explicaci\u00f3n de Puntos a trabajar. Paso a Paso para crear tu proyecto.","rel":"","context":"Entrada similar ","block_context":{"text":"Entrada similar ","link":""},"img":{"alt_text":"","src":"https:\/\/i0.wp.com\/nicrochet.cl\/wp-content\/uploads\/2022\/10\/WhatsApp-Image-2022-10-29-at-1.38.14-PM.jpeg?fit=1024%2C1024&ssl=1&resize=350%2C200","width":350,"height":200,"srcset":"https:\/\/i0.wp.com\/nicrochet.cl\/wp-content\/uploads\/2022\/10\/WhatsApp-Image-2022-10-29-at-1.38.14-PM.jpeg?fit=1024%2C1024&ssl=1&resize=350%2C200 1x, https:\/\/i0.wp.com\/nicrochet.cl\/wp-content\/uploads\/2022\/10\/WhatsApp-Image-2022-10-29-at-1.38.14-PM.jpeg?fit=1024%2C1024&ssl=1&resize=525%2C300 1.5x, https:\/\/i0.wp.com\/nicrochet.cl\/wp-content\/uploads\/2022\/10\/WhatsApp-Image-2022-10-29-at-1.38.14-PM.jpeg?fit=1024%2C1024&ssl=1&resize=700%2C400 2x"},"classes":[]},{"id":110,"url":"https:\/\/nicrochet.cl\/index.php\/product\/patron-ikal-poncho\/","url_meta":{"origin":210,"position":3},"title":"Patron IKAL Poncho","author":"Nicole Tobar","date":"Noviembre 19, 2022","format":false,"excerpt":"Este es un patr\u00f3n explicativo donde encontrar\u00e1s todo lo que necesitas para tejer tu IKAL \u2013 Poncho. Materiales. Explicaci\u00f3n de Puntos a trabajar. Paso a Paso para crear tu proyecto.","rel":"","context":"Entrada similar ","block_context":{"text":"Entrada similar ","link":""},"img":{"alt_text":"","src":"https:\/\/i0.wp.com\/nicrochet.cl\/wp-content\/uploads\/2022\/10\/WhatsApp-Image-2022-10-29-at-1.53.38-PM.jpeg?fit=1024%2C1024&ssl=1&resize=350%2C200","width":350,"height":200,"srcset":"https:\/\/i0.wp.com\/nicrochet.cl\/wp-content\/uploads\/2022\/10\/WhatsApp-Image-2022-10-29-at-1.53.38-PM.jpeg?fit=1024%2C1024&ssl=1&resize=350%2C200 1x, https:\/\/i0.wp.com\/nicrochet.cl\/wp-content\/uploads\/2022\/10\/WhatsApp-Image-2022-10-29-at-1.53.38-PM.jpeg?fit=1024%2C1024&ssl=1&resize=525%2C300 1.5x, https:\/\/i0.wp.com\/nicrochet.cl\/wp-content\/uploads\/2022\/10\/WhatsApp-Image-2022-10-29-at-1.53.38-PM.jpeg?fit=1024%2C1024&ssl=1&resize=700%2C400 2x"},"classes":[]},{"id":229,"url":"https:\/\/nicrochet.cl\/index.php\/product\/patron-baby-wool-hat\/","url_meta":{"origin":210,"position":4},"title":"Patr\u00f3n Baby Wool Hat","author":"Nicole Tobar","date":"Noviembre 19, 2022","format":false,"excerpt":"Este es un patr\u00f3n explicativo donde encontraras todo lo que necesitas para tejer tu Baby Wool Hat. Materiales. Explicaci\u00f3n de Puntos a trabajar. Paso a Paso para crear tu proyecto.","rel":"","context":"Entrada similar ","block_context":{"text":"Entrada similar ","link":""},"img":{"alt_text":"","src":"https:\/\/i0.wp.com\/nicrochet.cl\/wp-content\/uploads\/2022\/11\/WhatsApp-Image-2022-11-02-at-7.33.40-PM.jpeg?fit=1024%2C1024&ssl=1&resize=350%2C200","width":350,"height":200,"srcset":"https:\/\/i0.wp.com\/nicrochet.cl\/wp-content\/uploads\/2022\/11\/WhatsApp-Image-2022-11-02-at-7.33.40-PM.jpeg?fit=1024%2C1024&ssl=1&resize=350%2C200 1x, https:\/\/i0.wp.com\/nicrochet.cl\/wp-content\/uploads\/2022\/11\/WhatsApp-Image-2022-11-02-at-7.33.40-PM.jpeg?fit=1024%2C1024&ssl=1&resize=525%2C300 1.5x, https:\/\/i0.wp.com\/nicrochet.cl\/wp-content\/uploads\/2022\/11\/WhatsApp-Image-2022-11-02-at-7.33.40-PM.jpeg?fit=1024%2C1024&ssl=1&resize=700%2C400 2x"},"classes":[]},{"id":190,"url":"https:\/\/nicrochet.cl\/index.php\/product\/patron-cardigan-lilium\/","url_meta":{"origin":210,"position":5},"title":"Patr\u00f3n Cardigan Lilium","author":"Nicole Tobar","date":"Noviembre 19, 2022","format":false,"excerpt":"Este es un patr\u00f3n PDF donde encontrar\u00e1s la explicaci\u00f3n de todo lo que necesitas para tejer tu Cardigan Lilium Materiales. (600 gramos de Colors de Revesderecho) Crochet 5 mm Explicaci\u00f3n de Puntos a trabajar. Paso a Paso para crear tu proyecto.","rel":"","context":"Entrada similar ","block_context":{"text":"Entrada similar ","link":""},"img":{"alt_text":"","src":"https:\/\/i0.wp.com\/nicrochet.cl\/wp-content\/uploads\/2022\/11\/WhatsApp-Image-2022-11-01-at-9.50.24-PM.jpeg?fit=1024%2C1024&ssl=1&resize=350%2C200","width":350,"height":200,"srcset":"https:\/\/i0.wp.com\/nicrochet.cl\/wp-content\/uploads\/2022\/11\/WhatsApp-Image-2022-11-01-at-9.50.24-PM.jpeg?fit=1024%2C1024&ssl=1&resize=350%2C200 1x, https:\/\/i0.wp.com\/nicrochet.cl\/wp-content\/uploads\/2022\/11\/WhatsApp-Image-2022-11-01-at-9.50.24-PM.jpeg?fit=1024%2C1024&ssl=1&resize=525%2C300 1.5x, https:\/\/i0.wp.com\/nicrochet.cl\/wp-content\/uploads\/2022\/11\/WhatsApp-Image-2022-11-01-at-9.50.24-PM.jpeg?fit=1024%2C1024&ssl=1&resize=700%2C400 2x"},"classes":[]}],"jetpack_sharing_enabled":true,"_links":{"self":[{"href":"https:\/\/nicrochet.cl\/index.php\/wp-json\/wp\/v2\/product\/210","targetHints":{"allow":["GET"]}}],"collection":[{"href":"https:\/\/nicrochet.cl\/index.php\/wp-json\/wp\/v2\/product"}],"about":[{"href":"https:\/\/nicrochet.cl\/index.php\/wp-json\/wp\/v2\/types\/product"}],"replies":[{"embeddable":true,"href":"https:\/\/nicrochet.cl\/index.php\/wp-json\/wp\/v2\/comments?post=210"}],"wp:featuredmedia":[{"embeddable":true,"href":"https:\/\/nicrochet.cl\/index.php\/wp-json\/wp\/v2\/media\/211"}],"wp:attachment":[{"href":"https:\/\/nicrochet.cl\/index.php\/wp-json\/wp\/v2\/media?parent=210"}],"wp:term":[{"taxonomy":"product_brand","embeddable":true,"href":"https:\/\/nicrochet.cl\/index.php\/wp-json\/wp\/v2\/product_brand?post=210"},{"taxonomy":"product_cat","embeddable":true,"href":"https:\/\/nicrochet.cl\/index.php\/wp-json\/wp\/v2\/product_cat?post=210"},{"taxonomy":"product_tag","embeddable":true,"href":"https:\/\/nicrochet.cl\/index.php\/wp-json\/wp\/v2\/product_tag?post=210"}],"curies":[{"name":"wp","href":"https:\/\/api.w.org\/{rel}","templated":true}]}}