{"id":413,"date":"2023-02-09T14:15:42","date_gmt":"2023-02-09T17:15:42","guid":{"rendered":"https:\/\/nicrochet.cl\/?post_type=product&#038;p=413"},"modified":"2025-11-29T21:09:13","modified_gmt":"2025-11-30T00:09:13","slug":"patron-kimono-paros","status":"publish","type":"product","link":"https:\/\/nicrochet.cl\/index.php\/product\/patron-kimono-paros\/","title":{"rendered":"Patr\u00f3n Kimono Paros"},"content":{"rendered":"<p><img data-recalc-dims=\"1\" fetchpriority=\"high\" decoding=\"async\" class=\" wp-image-418 aligncenter\" src=\"https:\/\/i0.wp.com\/nicrochet.cl\/wp-content\/uploads\/2023\/02\/Captura-de-pantalla-2023-02-09-a-las-14.21.08.png?resize=520%2C340&ssl=1\" alt=\"\" width=\"520\" height=\"340\" srcset=\"https:\/\/i0.wp.com\/nicrochet.cl\/wp-content\/uploads\/2023\/02\/Captura-de-pantalla-2023-02-09-a-las-14.21.08.png?resize=300%2C196&ssl=1 300w, https:\/\/i0.wp.com\/nicrochet.cl\/wp-content\/uploads\/2023\/02\/Captura-de-pantalla-2023-02-09-a-las-14.21.08.png?resize=600%2C393&ssl=1 600w, https:\/\/i0.wp.com\/nicrochet.cl\/wp-content\/uploads\/2023\/02\/Captura-de-pantalla-2023-02-09-a-las-14.21.08.png?resize=1024%2C670&ssl=1 1024w, https:\/\/i0.wp.com\/nicrochet.cl\/wp-content\/uploads\/2023\/02\/Captura-de-pantalla-2023-02-09-a-las-14.21.08.png?resize=768%2C503&ssl=1 768w, https:\/\/i0.wp.com\/nicrochet.cl\/wp-content\/uploads\/2023\/02\/Captura-de-pantalla-2023-02-09-a-las-14.21.08.png?resize=1536%2C1006&ssl=1 1536w, https:\/\/i0.wp.com\/nicrochet.cl\/wp-content\/uploads\/2023\/02\/Captura-de-pantalla-2023-02-09-a-las-14.21.08.png?resize=1320%2C864&ssl=1 1320w, https:\/\/i0.wp.com\/nicrochet.cl\/wp-content\/uploads\/2023\/02\/Captura-de-pantalla-2023-02-09-a-las-14.21.08.png?w=1610&ssl=1 1610w\" sizes=\"(max-width: 520px) 100vw, 520px\" \/><\/p>\n","protected":false},"excerpt":{"rendered":"<div class=\"page\" title=\"Page 2\">\n<div class=\"section\">\n<div class=\"layoutArea\">\n<div class=\"column\">\n<div class=\"page\" title=\"Page 2\">\n<div class=\"section\">\n<div class=\"layoutArea\">\n<div class=\"column\">\n<p>Crochet 4 mm<br \/>\nTijeras<br \/>\nGrosor Hilado: Sport. Yo use Cotton de Revesderecho Cantidad (grs y mts) por talla:<\/p>\n<p>\u25cf \u00a0Color base:<\/p>\n<ul>\n<li style=\"list-style-type: none;\">\n<ul>\n<li>\u00a0XS\/S: 400 gramos\/ 1000 metros<\/li>\n<li>\u00a0M\/L: 500 gramos\/ 1250 metros<\/li>\n<li>\u00a0XL\/XXL: 600 gramos\/ 1500 metros<\/li>\n<\/ul>\n<\/li>\n<\/ul>\n<p>\u25cf \u00a0Colores secundarios: se usan menos de 50 gramos por cada color secundario.<\/p>\n<\/div>\n<\/div>\n<\/div>\n<\/div>\n<\/div>\n<\/div>\n<\/div>\n<\/div>\n","protected":false},"featured_media":414,"comment_status":"open","ping_status":"closed","template":"","meta":[],"product_brand":[],"product_cat":[37],"product_tag":[],"class_list":{"0":"post-413","1":"product","2":"type-product","3":"status-publish","4":"has-post-thumbnail","6":"product_cat-kimono-patron","8":"first","9":"instock","10":"sale","11":"downloadable","12":"virtual","13":"purchasable","14":"product-type-simple"},"jetpack-related-posts":[{"id":1300,"url":"https:\/\/nicrochet.cl\/index.php\/product\/patron-top-paros\/","url_meta":{"origin":413,"position":0},"title":"Patr\u00f3n Top Paros","author":"Nicole Tobar","date":"Septiembre 25, 2023","format":false,"excerpt":"Este es un patr\u00f3n PDF donde encontrar\u00e1s la explicaci\u00f3n de todo lo que necesitas para tejer tu Top Paros. Crochet 4 mm Tijeras Grosor Hilado: Sport. Yo use Cotton de Revesderecho Cantidad (grs y mts) por talla: Color base: XS: 100 gramos\/ 250 metros S: 130 gramos\/ 325 metros M:\u2026","rel":"","context":"Entrada similar ","block_context":{"text":"Entrada similar ","link":""},"img":{"alt_text":"","src":"https:\/\/i0.wp.com\/nicrochet.cl\/wp-content\/uploads\/2023\/09\/9C95AF01-AFEF-4BA1-A288-4CC6F5C32406.png?fit=1080%2C1080&ssl=1&resize=350%2C200","width":350,"height":200,"srcset":"https:\/\/i0.wp.com\/nicrochet.cl\/wp-content\/uploads\/2023\/09\/9C95AF01-AFEF-4BA1-A288-4CC6F5C32406.png?fit=1080%2C1080&ssl=1&resize=350%2C200 1x, https:\/\/i0.wp.com\/nicrochet.cl\/wp-content\/uploads\/2023\/09\/9C95AF01-AFEF-4BA1-A288-4CC6F5C32406.png?fit=1080%2C1080&ssl=1&resize=525%2C300 1.5x, https:\/\/i0.wp.com\/nicrochet.cl\/wp-content\/uploads\/2023\/09\/9C95AF01-AFEF-4BA1-A288-4CC6F5C32406.png?fit=1080%2C1080&ssl=1&resize=700%2C400 2x, https:\/\/i0.wp.com\/nicrochet.cl\/wp-content\/uploads\/2023\/09\/9C95AF01-AFEF-4BA1-A288-4CC6F5C32406.png?fit=1080%2C1080&ssl=1&resize=1050%2C600 3x"},"classes":[]},{"id":441,"url":"https:\/\/nicrochet.cl\/index.php\/product\/patron-top-neon\/","url_meta":{"origin":413,"position":1},"title":"Patr\u00f3n Top Neon","author":"Nicole Tobar","date":"Febrero 18, 2023","format":false,"excerpt":"Crochet 4 mm Tijeras Hilado grosor Sport. Yo use Skinny de Revesderecho Cantidad (grs y mts) por talla de cada color: XS: 100 gramos\/ 335 metros S: 125 gramos\/ 419 metros M: 140 gramos\/ 469 metros L: 150 gramos\/ 503 metros XL: 185 gramos\/ 620 metros XXL: 200 gramos\/ 670\u2026","rel":"","context":"Entrada similar ","block_context":{"text":"Entrada similar ","link":""},"img":{"alt_text":"","src":"https:\/\/i0.wp.com\/nicrochet.cl\/wp-content\/uploads\/2023\/02\/portada.png?fit=1080%2C1080&ssl=1&resize=350%2C200","width":350,"height":200,"srcset":"https:\/\/i0.wp.com\/nicrochet.cl\/wp-content\/uploads\/2023\/02\/portada.png?fit=1080%2C1080&ssl=1&resize=350%2C200 1x, https:\/\/i0.wp.com\/nicrochet.cl\/wp-content\/uploads\/2023\/02\/portada.png?fit=1080%2C1080&ssl=1&resize=525%2C300 1.5x, https:\/\/i0.wp.com\/nicrochet.cl\/wp-content\/uploads\/2023\/02\/portada.png?fit=1080%2C1080&ssl=1&resize=700%2C400 2x, https:\/\/i0.wp.com\/nicrochet.cl\/wp-content\/uploads\/2023\/02\/portada.png?fit=1080%2C1080&ssl=1&resize=1050%2C600 3x"},"classes":[]},{"id":1412,"url":"https:\/\/nicrochet.cl\/index.php\/product\/patron-doble-top-y-bikini-phi-phi\/","url_meta":{"origin":413,"position":2},"title":"Patr\u00f3n Doble Top y Bikini Phi Phi","author":"Nicole Tobar","date":"Febrero 6, 2024","format":false,"excerpt":"Este es un patro\u0301n doble, podra\u0301s tejer tanto el Bikini como el Top. Ambos se detallan en 3 tallas dobles y son sencillos de adaptar a las medidas que desees. Para la versio\u0301n Bikini puedes trabajar con los restos que tengas en casa y hacerlo de mu\u0301ltiples colores, como tambie\u0301n,\u2026","rel":"","context":"Entrada similar ","block_context":{"text":"Entrada similar ","link":""},"img":{"alt_text":"","src":"https:\/\/i0.wp.com\/nicrochet.cl\/wp-content\/uploads\/2024\/02\/35719044-BE3B-4849-8176-86813CE00F82.png?fit=1080%2C1080&ssl=1&resize=350%2C200","width":350,"height":200,"srcset":"https:\/\/i0.wp.com\/nicrochet.cl\/wp-content\/uploads\/2024\/02\/35719044-BE3B-4849-8176-86813CE00F82.png?fit=1080%2C1080&ssl=1&resize=350%2C200 1x, https:\/\/i0.wp.com\/nicrochet.cl\/wp-content\/uploads\/2024\/02\/35719044-BE3B-4849-8176-86813CE00F82.png?fit=1080%2C1080&ssl=1&resize=525%2C300 1.5x, https:\/\/i0.wp.com\/nicrochet.cl\/wp-content\/uploads\/2024\/02\/35719044-BE3B-4849-8176-86813CE00F82.png?fit=1080%2C1080&ssl=1&resize=700%2C400 2x, https:\/\/i0.wp.com\/nicrochet.cl\/wp-content\/uploads\/2024\/02\/35719044-BE3B-4849-8176-86813CE00F82.png?fit=1080%2C1080&ssl=1&resize=1050%2C600 3x"},"classes":[]},{"id":82,"url":"https:\/\/nicrochet.cl\/index.php\/product\/__trashed-10\/","url_meta":{"origin":413,"position":3},"title":"Patr\u00f3n Top Vie","author":"Nicole Tobar","date":"Noviembre 6, 2022","format":false,"excerpt":"Este es un patr\u00f3n PDF donde encontrar\u00e1s la explicaci\u00f3n de todo lo que necesitas para tejer tu Top Vie. Hilado grosor Sport \u2013 Skinny Cantidad (grs y mts) por talla: XS: 170 gramos\/ 570 metros S: 190 gramos\/ 637 metros M: 230 gramos\/ 771 metros L: 240 gramos\/ 804 metros\u2026","rel":"","context":"Entrada similar ","block_context":{"text":"Entrada similar ","link":""},"img":{"alt_text":"","src":"https:\/\/i0.wp.com\/nicrochet.cl\/wp-content\/uploads\/2022\/10\/WhatsApp-Image-2022-10-29-at-12.58.20-PM.jpeg?fit=1024%2C1024&ssl=1&resize=350%2C200","width":350,"height":200,"srcset":"https:\/\/i0.wp.com\/nicrochet.cl\/wp-content\/uploads\/2022\/10\/WhatsApp-Image-2022-10-29-at-12.58.20-PM.jpeg?fit=1024%2C1024&ssl=1&resize=350%2C200 1x, https:\/\/i0.wp.com\/nicrochet.cl\/wp-content\/uploads\/2022\/10\/WhatsApp-Image-2022-10-29-at-12.58.20-PM.jpeg?fit=1024%2C1024&ssl=1&resize=525%2C300 1.5x, https:\/\/i0.wp.com\/nicrochet.cl\/wp-content\/uploads\/2022\/10\/WhatsApp-Image-2022-10-29-at-12.58.20-PM.jpeg?fit=1024%2C1024&ssl=1&resize=700%2C400 2x"},"classes":[]},{"id":100,"url":"https:\/\/nicrochet.cl\/index.php\/product\/patron-top-nube\/","url_meta":{"origin":413,"position":4},"title":"Patr\u00f3n Top Nube","author":"Nicole Tobar","date":"Noviembre 19, 2022","format":false,"excerpt":"Este es un patr\u00f3n PDF donde encontrar\u00e1s la explicaci\u00f3n de todo lo que necesitas para tejer tu Top Nube. Hilado grosor Sport \u2013 DK \u2013 Cotton Revesderecho Cantidad (grs y mts) por talla: XS: 170 Gramos \/ 425 Metros S: 224 Gramos \/ 559 Metros M: 286 Gramos \/ 715\u2026","rel":"","context":"Entrada similar ","block_context":{"text":"Entrada similar ","link":""},"img":{"alt_text":"","src":"https:\/\/i0.wp.com\/nicrochet.cl\/wp-content\/uploads\/2022\/10\/WhatsApp-Image-2022-10-29-at-1.22.49-PM.jpeg?fit=1024%2C1024&ssl=1&resize=350%2C200","width":350,"height":200,"srcset":"https:\/\/i0.wp.com\/nicrochet.cl\/wp-content\/uploads\/2022\/10\/WhatsApp-Image-2022-10-29-at-1.22.49-PM.jpeg?fit=1024%2C1024&ssl=1&resize=350%2C200 1x, https:\/\/i0.wp.com\/nicrochet.cl\/wp-content\/uploads\/2022\/10\/WhatsApp-Image-2022-10-29-at-1.22.49-PM.jpeg?fit=1024%2C1024&ssl=1&resize=525%2C300 1.5x, https:\/\/i0.wp.com\/nicrochet.cl\/wp-content\/uploads\/2022\/10\/WhatsApp-Image-2022-10-29-at-1.22.49-PM.jpeg?fit=1024%2C1024&ssl=1&resize=700%2C400 2x"},"classes":[]},{"id":77,"url":"https:\/\/nicrochet.cl\/index.php\/product\/patron-top-joy\/","url_meta":{"origin":413,"position":5},"title":"Patr\u00f3n Top Joy","author":"Nicole Tobar","date":"Octubre 29, 2022","format":false,"excerpt":"Este es un patr\u00f3n PDF donde encontrar\u00e1s la explicaci\u00f3n de todo lo que necesitas para tejer tu Top Joy. Hilado grosor Sport \u2013 Viscosa Cantidad (grs y mts) por talla: XS: 130 gramos \/342 metros. S: 150 gramos \/ 395 metros. M: 185 gramos \/ 487 metros. L: 195 gramos\u2026","rel":"","context":"Entrada similar ","block_context":{"text":"Entrada similar ","link":""},"img":{"alt_text":"","src":"https:\/\/i0.wp.com\/nicrochet.cl\/wp-content\/uploads\/2022\/10\/WhatsApp-Image-2022-10-29-at-12.48.35-PM.jpeg?fit=1024%2C1024&ssl=1&resize=350%2C200","width":350,"height":200,"srcset":"https:\/\/i0.wp.com\/nicrochet.cl\/wp-content\/uploads\/2022\/10\/WhatsApp-Image-2022-10-29-at-12.48.35-PM.jpeg?fit=1024%2C1024&ssl=1&resize=350%2C200 1x, https:\/\/i0.wp.com\/nicrochet.cl\/wp-content\/uploads\/2022\/10\/WhatsApp-Image-2022-10-29-at-12.48.35-PM.jpeg?fit=1024%2C1024&ssl=1&resize=525%2C300 1.5x, https:\/\/i0.wp.com\/nicrochet.cl\/wp-content\/uploads\/2022\/10\/WhatsApp-Image-2022-10-29-at-12.48.35-PM.jpeg?fit=1024%2C1024&ssl=1&resize=700%2C400 2x"},"classes":[]}],"jetpack_sharing_enabled":true,"_links":{"self":[{"href":"https:\/\/nicrochet.cl\/index.php\/wp-json\/wp\/v2\/product\/413","targetHints":{"allow":["GET"]}}],"collection":[{"href":"https:\/\/nicrochet.cl\/index.php\/wp-json\/wp\/v2\/product"}],"about":[{"href":"https:\/\/nicrochet.cl\/index.php\/wp-json\/wp\/v2\/types\/product"}],"replies":[{"embeddable":true,"href":"https:\/\/nicrochet.cl\/index.php\/wp-json\/wp\/v2\/comments?post=413"}],"wp:featuredmedia":[{"embeddable":true,"href":"https:\/\/nicrochet.cl\/index.php\/wp-json\/wp\/v2\/media\/414"}],"wp:attachment":[{"href":"https:\/\/nicrochet.cl\/index.php\/wp-json\/wp\/v2\/media?parent=413"}],"wp:term":[{"taxonomy":"product_brand","embeddable":true,"href":"https:\/\/nicrochet.cl\/index.php\/wp-json\/wp\/v2\/product_brand?post=413"},{"taxonomy":"product_cat","embeddable":true,"href":"https:\/\/nicrochet.cl\/index.php\/wp-json\/wp\/v2\/product_cat?post=413"},{"taxonomy":"product_tag","embeddable":true,"href":"https:\/\/nicrochet.cl\/index.php\/wp-json\/wp\/v2\/product_tag?post=413"}],"curies":[{"name":"wp","href":"https:\/\/api.w.org\/{rel}","templated":true}]}}