{"id":559,"date":"2023-04-08T17:38:37","date_gmt":"2023-04-08T21:38:37","guid":{"rendered":"https:\/\/nicrochet.cl\/?post_type=product&#038;p=559"},"modified":"2025-10-02T22:04:02","modified_gmt":"2025-10-03T01:04:02","slug":"preventa-patron-kimono-midnight","status":"publish","type":"product","link":"https:\/\/nicrochet.cl\/index.php\/product\/preventa-patron-kimono-midnight\/","title":{"rendered":"Patr\u00f3n Kimono Midnight"},"content":{"rendered":"<p><img data-recalc-dims=\"1\" fetchpriority=\"high\" decoding=\"async\" class=\" wp-image-564 aligncenter\" src=\"https:\/\/i0.wp.com\/nicrochet.cl\/wp-content\/uploads\/2023\/04\/medidas-kimono.png?resize=492%2C320&ssl=1\" alt=\"\" width=\"492\" height=\"320\" srcset=\"https:\/\/i0.wp.com\/nicrochet.cl\/wp-content\/uploads\/2023\/04\/medidas-kimono.png?resize=300%2C195&ssl=1 300w, https:\/\/i0.wp.com\/nicrochet.cl\/wp-content\/uploads\/2023\/04\/medidas-kimono.png?resize=1024%2C664&ssl=1 1024w, https:\/\/i0.wp.com\/nicrochet.cl\/wp-content\/uploads\/2023\/04\/medidas-kimono.png?resize=768%2C498&ssl=1 768w, https:\/\/i0.wp.com\/nicrochet.cl\/wp-content\/uploads\/2023\/04\/medidas-kimono.png?resize=1320%2C856&ssl=1 1320w, https:\/\/i0.wp.com\/nicrochet.cl\/wp-content\/uploads\/2023\/04\/medidas-kimono.png?resize=600%2C389&ssl=1 600w, https:\/\/i0.wp.com\/nicrochet.cl\/wp-content\/uploads\/2023\/04\/medidas-kimono.png?w=1440&ssl=1 1440w\" sizes=\"(max-width: 492px) 100vw, 492px\" \/><\/p>\n","protected":false},"excerpt":{"rendered":"<div class=\"page\" title=\"Page 2\">\n<div class=\"section\">\n<div class=\"layoutArea\">\n<div class=\"column\">\n<div class=\"page\" title=\"Page 2\">\n<div class=\"section\">\n<div class=\"layoutArea\">\n<div class=\"column\">\n<p><b>Hilado:<\/b><span style=\"font-weight: 400;\"> Lana Merino SW \/ Lana Merino Lurex \/ Lana Merino 18 migras<\/span><\/p>\n<p><b>Grosor:<\/b><span style=\"font-weight: 400;\"> Fingering<\/span><\/p>\n<p><b>Cantidad (grs y mts) por talla:<\/b><\/p>\n<ul>\n<li><b>Talla 1:<\/b><span style=\"font-weight: 400;\"> 430 grs \/ 1.720 mts<\/span><\/li>\n<li><b>Talla 2:<\/b><span style=\"font-weight: 400;\"> 470 grs \/ 1.880 mts<\/span><\/li>\n<li><b>Talla 3:<\/b><span style=\"font-weight: 400;\"> 540 grs \/ 2.160 mts<\/span><\/li>\n<\/ul>\n<p><b>Crochet: <\/b><span style=\"font-weight: 400;\">4 mm o con el cual te de la muestra.<\/span><\/p>\n<p>Si deseas usar mostacillas en tu kimono, puedes adquirirlas en www.bisuteriachile.cl @bisuteriachile.cl_ , b\u00fascalas como \u201cmostacilla calibrada 8\/0 20grs\u201d (valor referencia $2.590 \/ 2.790) necesitar\u00e1s aprox:<\/p>\n<ul>\n<li>60 gramos para talla XS\/S y M\/L<\/li>\n<li>80 gramos para talla XL\/XL<\/li>\n<\/ul>\n<p>Con el cup\u00f3n: NICROCHET tendr\u00e1s 10% de descuento en el total de tu compra!<\/p>\n<\/div>\n<\/div>\n<\/div>\n<\/div>\n<\/div>\n<\/div>\n<\/div>\n<\/div>\n","protected":false},"featured_media":560,"comment_status":"open","ping_status":"closed","template":"","meta":[],"product_brand":[],"product_cat":[37],"product_tag":[],"class_list":{"0":"post-559","1":"product","2":"type-product","3":"status-publish","4":"has-post-thumbnail","6":"product_cat-kimono-patron","8":"first","9":"instock","10":"sale","11":"downloadable","12":"virtual","13":"purchasable","14":"product-type-simple"},"jetpack-related-posts":[{"id":516,"url":"https:\/\/nicrochet.cl\/index.php\/product\/patron-sweater-fairy\/","url_meta":{"origin":559,"position":0},"title":"Patr\u00f3n Sweater Fairy","author":"Nicole Tobar","date":"Marzo 17, 2023","format":false,"excerpt":"Hilado: Lana Merino Superwash Socks de @Julieta.inspira Grosor: Fingering Cantidad (grs y mts) por talla: Color 1 (Espalda y Delantero) Talla 1: 150 grs \/ 600 mts Talla 2: 190 grs \/ 760 mts Talla 3: 230 grs \/ 920 mts Color 2 (Mangas) Talla 1: 150 grs \/ 600\u2026","rel":"","context":"Entrada similar ","block_context":{"text":"Entrada similar ","link":""},"img":{"alt_text":"","src":"https:\/\/i0.wp.com\/nicrochet.cl\/wp-content\/uploads\/2023\/03\/8980E50A-7726-40DF-A278-8C670E992802.png?fit=1080%2C1080&ssl=1&resize=350%2C200","width":350,"height":200,"srcset":"https:\/\/i0.wp.com\/nicrochet.cl\/wp-content\/uploads\/2023\/03\/8980E50A-7726-40DF-A278-8C670E992802.png?fit=1080%2C1080&ssl=1&resize=350%2C200 1x, https:\/\/i0.wp.com\/nicrochet.cl\/wp-content\/uploads\/2023\/03\/8980E50A-7726-40DF-A278-8C670E992802.png?fit=1080%2C1080&ssl=1&resize=525%2C300 1.5x, https:\/\/i0.wp.com\/nicrochet.cl\/wp-content\/uploads\/2023\/03\/8980E50A-7726-40DF-A278-8C670E992802.png?fit=1080%2C1080&ssl=1&resize=700%2C400 2x, https:\/\/i0.wp.com\/nicrochet.cl\/wp-content\/uploads\/2023\/03\/8980E50A-7726-40DF-A278-8C670E992802.png?fit=1080%2C1080&ssl=1&resize=1050%2C600 3x"},"classes":[]},{"id":128,"url":"https:\/\/nicrochet.cl\/index.php\/product\/patron-lemon-vest\/","url_meta":{"origin":559,"position":1},"title":"Patr\u00f3n Lemon Vest","author":"Nicole Tobar","date":"Noviembre 6, 2022","format":false,"excerpt":"Este es un patr\u00f3n PDF donde encontrar\u00e1s la explicaci\u00f3n paso a paso para tejer tu Lemon Vest Hilado:\u00a0Lana Merino @Hebrabuena Grosor:\u00a0DK Cantidad (grs y mts) por talla: Talla XS:\u00a0230 grs \/ 575 mts Talla S:\u00a0 282 grs \/ 704 mts Talla M:\u00a0 300 grs \/ 750 mts Talla L:\u00a0\u00a0343 grs\u2026","rel":"","context":"Entrada similar ","block_context":{"text":"Entrada similar ","link":""},"img":{"alt_text":"","src":"https:\/\/i0.wp.com\/nicrochet.cl\/wp-content\/uploads\/2022\/10\/WhatsApp-Image-2022-10-29-at-3.05.34-PM.jpeg?fit=1024%2C1024&ssl=1&resize=350%2C200","width":350,"height":200,"srcset":"https:\/\/i0.wp.com\/nicrochet.cl\/wp-content\/uploads\/2022\/10\/WhatsApp-Image-2022-10-29-at-3.05.34-PM.jpeg?fit=1024%2C1024&ssl=1&resize=350%2C200 1x, https:\/\/i0.wp.com\/nicrochet.cl\/wp-content\/uploads\/2022\/10\/WhatsApp-Image-2022-10-29-at-3.05.34-PM.jpeg?fit=1024%2C1024&ssl=1&resize=525%2C300 1.5x, https:\/\/i0.wp.com\/nicrochet.cl\/wp-content\/uploads\/2022\/10\/WhatsApp-Image-2022-10-29-at-3.05.34-PM.jpeg?fit=1024%2C1024&ssl=1&resize=700%2C400 2x"},"classes":[]},{"id":1660,"url":"https:\/\/nicrochet.cl\/index.php\/product\/patron-sweater-midnight\/","url_meta":{"origin":559,"position":2},"title":"Patr\u00f3n Sweater Midnight","author":"Nicole Tobar","date":"Agosto 13, 2024","format":false,"excerpt":"Crochet 4 mm y 0.5 mm para mostacillas Grosor Hilado: Fingering, yo use Lana Merino SW 19 Micras de Lanas Rey Principe @Lanasreyprincipe Cantidad (grs y mts) por talla: XS\/S: 250 gramos \/ 1.000 metros M\/L: 350 gramos \/ 1.400 metros XL\/XXL: 400 gramos \/ 1.600 metros Cantidad Mostacillas 8\/0\u2026","rel":"","context":"Entrada similar ","block_context":{"text":"Entrada similar ","link":""},"img":{"alt_text":"","src":"https:\/\/i0.wp.com\/nicrochet.cl\/wp-content\/uploads\/2024\/08\/2F33F9D7-9F52-4582-B776-1908BCC2CC95.png?fit=1080%2C1080&ssl=1&resize=350%2C200","width":350,"height":200,"srcset":"https:\/\/i0.wp.com\/nicrochet.cl\/wp-content\/uploads\/2024\/08\/2F33F9D7-9F52-4582-B776-1908BCC2CC95.png?fit=1080%2C1080&ssl=1&resize=350%2C200 1x, https:\/\/i0.wp.com\/nicrochet.cl\/wp-content\/uploads\/2024\/08\/2F33F9D7-9F52-4582-B776-1908BCC2CC95.png?fit=1080%2C1080&ssl=1&resize=525%2C300 1.5x, https:\/\/i0.wp.com\/nicrochet.cl\/wp-content\/uploads\/2024\/08\/2F33F9D7-9F52-4582-B776-1908BCC2CC95.png?fit=1080%2C1080&ssl=1&resize=700%2C400 2x, https:\/\/i0.wp.com\/nicrochet.cl\/wp-content\/uploads\/2024\/08\/2F33F9D7-9F52-4582-B776-1908BCC2CC95.png?fit=1080%2C1080&ssl=1&resize=1050%2C600 3x"},"classes":[]},{"id":1292,"url":"https:\/\/nicrochet.cl\/index.php\/product\/patron-sweater-rose\/","url_meta":{"origin":559,"position":3},"title":"Patr\u00f3n Sweater Ros\u00e9","author":"Nicole Tobar","date":"Septiembre 25, 2023","format":false,"excerpt":"Hilado: Mohair Revesderecho \/ Merino + Mohair Grosor: Sport (fingering + lace) - DK Cantidad (grs y mts) por talla: Talla XS\/S: 450 grs \/ 1.125 mts Talla M\/L: 550 grs \/ 1.375 mts Talla XL\/XXL: 700 grs \/ 1.750 mts Crochet: 5 mm Materiales adicionales: Cinta m\u00e9trica, marca puntos,\u2026","rel":"","context":"Entrada similar ","block_context":{"text":"Entrada similar ","link":""},"img":{"alt_text":"","src":"https:\/\/i0.wp.com\/nicrochet.cl\/wp-content\/uploads\/2023\/09\/BBBE160A-B9E3-4044-B12F-CD8EF0D7BEEF.png?fit=1080%2C1080&ssl=1&resize=350%2C200","width":350,"height":200,"srcset":"https:\/\/i0.wp.com\/nicrochet.cl\/wp-content\/uploads\/2023\/09\/BBBE160A-B9E3-4044-B12F-CD8EF0D7BEEF.png?fit=1080%2C1080&ssl=1&resize=350%2C200 1x, https:\/\/i0.wp.com\/nicrochet.cl\/wp-content\/uploads\/2023\/09\/BBBE160A-B9E3-4044-B12F-CD8EF0D7BEEF.png?fit=1080%2C1080&ssl=1&resize=525%2C300 1.5x, https:\/\/i0.wp.com\/nicrochet.cl\/wp-content\/uploads\/2023\/09\/BBBE160A-B9E3-4044-B12F-CD8EF0D7BEEF.png?fit=1080%2C1080&ssl=1&resize=700%2C400 2x, https:\/\/i0.wp.com\/nicrochet.cl\/wp-content\/uploads\/2023\/09\/BBBE160A-B9E3-4044-B12F-CD8EF0D7BEEF.png?fit=1080%2C1080&ssl=1&resize=1050%2C600 3x"},"classes":[]},{"id":1090,"url":"https:\/\/nicrochet.cl\/index.php\/product\/patron-sweater-cloud\/","url_meta":{"origin":559,"position":4},"title":"Patr\u00f3n Sweater Cloud","author":"Nicole Tobar","date":"Julio 7, 2023","format":false,"excerpt":"Hilado: Suri de Lanas Rey Principe. Grosor: Bulky Cantidad (grs y mts) por talla: Para Suri de Color: Talla XS\/S: 200 grs \/ 520 mts Talla M\/L: 250 grs \/ 650 mts Talla 3XL\/XXL: 250 grs \/ 650 mts Para Suri Gradient: Talla XS\/S: 250 grs (150 grs color +\u2026","rel":"","context":"Entrada similar ","block_context":{"text":"Entrada similar ","link":""},"img":{"alt_text":"","src":"https:\/\/i0.wp.com\/nicrochet.cl\/wp-content\/uploads\/2023\/07\/cloud.png?fit=1080%2C1080&ssl=1&resize=350%2C200","width":350,"height":200,"srcset":"https:\/\/i0.wp.com\/nicrochet.cl\/wp-content\/uploads\/2023\/07\/cloud.png?fit=1080%2C1080&ssl=1&resize=350%2C200 1x, https:\/\/i0.wp.com\/nicrochet.cl\/wp-content\/uploads\/2023\/07\/cloud.png?fit=1080%2C1080&ssl=1&resize=525%2C300 1.5x, https:\/\/i0.wp.com\/nicrochet.cl\/wp-content\/uploads\/2023\/07\/cloud.png?fit=1080%2C1080&ssl=1&resize=700%2C400 2x, https:\/\/i0.wp.com\/nicrochet.cl\/wp-content\/uploads\/2023\/07\/cloud.png?fit=1080%2C1080&ssl=1&resize=1050%2C600 3x"},"classes":[]},{"id":650,"url":"https:\/\/nicrochet.cl\/index.php\/product\/preventa-patron-sweater-cherry\/","url_meta":{"origin":559,"position":5},"title":"Patr\u00f3n Sweater Cherry","author":"Nicole Tobar","date":"Mayo 3, 2023","format":false,"excerpt":"Hilado: Algod\u00f3n, fibras acr\u00edlicas o lana. Grosor: Sport Cantidad (grs y mts) por talla: Talla XS\/S: 400 grs \/ 1.280 mts Talla M\/L: 450 grs \/ 1.440 mts Talla XL\/XXL: 550 grs \/ 1.760 mts Crochet: 4 mm o con el cual te de la muestra.","rel":"","context":"Entrada similar ","block_context":{"text":"Entrada similar ","link":""},"img":{"alt_text":"","src":"https:\/\/i0.wp.com\/nicrochet.cl\/wp-content\/uploads\/2023\/05\/55030B9E-2C48-4558-88A8-682E4902E1F6.png?fit=1080%2C1080&ssl=1&resize=350%2C200","width":350,"height":200,"srcset":"https:\/\/i0.wp.com\/nicrochet.cl\/wp-content\/uploads\/2023\/05\/55030B9E-2C48-4558-88A8-682E4902E1F6.png?fit=1080%2C1080&ssl=1&resize=350%2C200 1x, https:\/\/i0.wp.com\/nicrochet.cl\/wp-content\/uploads\/2023\/05\/55030B9E-2C48-4558-88A8-682E4902E1F6.png?fit=1080%2C1080&ssl=1&resize=525%2C300 1.5x, https:\/\/i0.wp.com\/nicrochet.cl\/wp-content\/uploads\/2023\/05\/55030B9E-2C48-4558-88A8-682E4902E1F6.png?fit=1080%2C1080&ssl=1&resize=700%2C400 2x, https:\/\/i0.wp.com\/nicrochet.cl\/wp-content\/uploads\/2023\/05\/55030B9E-2C48-4558-88A8-682E4902E1F6.png?fit=1080%2C1080&ssl=1&resize=1050%2C600 3x"},"classes":[]}],"jetpack_sharing_enabled":true,"_links":{"self":[{"href":"https:\/\/nicrochet.cl\/index.php\/wp-json\/wp\/v2\/product\/559","targetHints":{"allow":["GET"]}}],"collection":[{"href":"https:\/\/nicrochet.cl\/index.php\/wp-json\/wp\/v2\/product"}],"about":[{"href":"https:\/\/nicrochet.cl\/index.php\/wp-json\/wp\/v2\/types\/product"}],"replies":[{"embeddable":true,"href":"https:\/\/nicrochet.cl\/index.php\/wp-json\/wp\/v2\/comments?post=559"}],"wp:featuredmedia":[{"embeddable":true,"href":"https:\/\/nicrochet.cl\/index.php\/wp-json\/wp\/v2\/media\/560"}],"wp:attachment":[{"href":"https:\/\/nicrochet.cl\/index.php\/wp-json\/wp\/v2\/media?parent=559"}],"wp:term":[{"taxonomy":"product_brand","embeddable":true,"href":"https:\/\/nicrochet.cl\/index.php\/wp-json\/wp\/v2\/product_brand?post=559"},{"taxonomy":"product_cat","embeddable":true,"href":"https:\/\/nicrochet.cl\/index.php\/wp-json\/wp\/v2\/product_cat?post=559"},{"taxonomy":"product_tag","embeddable":true,"href":"https:\/\/nicrochet.cl\/index.php\/wp-json\/wp\/v2\/product_tag?post=559"}],"curies":[{"name":"wp","href":"https:\/\/api.w.org\/{rel}","templated":true}]}}