{"id":77,"date":"2022-10-29T12:53:58","date_gmt":"2022-10-29T15:53:58","guid":{"rendered":"http:\/\/143.198.158.217\/?post_type=product&#038;p=77"},"modified":"2025-11-29T20:57:40","modified_gmt":"2025-11-29T23:57:40","slug":"patron-top-joy","status":"publish","type":"product","link":"https:\/\/nicrochet.cl\/index.php\/product\/patron-top-joy\/","title":{"rendered":"Patr\u00f3n Top Joy"},"content":{"rendered":"<p><img data-recalc-dims=\"1\" fetchpriority=\"high\" decoding=\"async\" class=\"alignnone size-full wp-image-78\" src=\"https:\/\/i0.wp.com\/143.198.158.217\/wp-content\/uploads\/2022\/10\/Patron-Top-Lis-tabla-medidas-inferior-pag-ventas-1.jpg?resize=640%2C416\" alt=\"\" width=\"640\" height=\"416\" srcset=\"https:\/\/i0.wp.com\/nicrochet.cl\/wp-content\/uploads\/2022\/10\/Patron-Top-Lis-tabla-medidas-inferior-pag-ventas-1.jpg?w=1200&ssl=1 1200w, https:\/\/i0.wp.com\/nicrochet.cl\/wp-content\/uploads\/2022\/10\/Patron-Top-Lis-tabla-medidas-inferior-pag-ventas-1.jpg?resize=600%2C390&ssl=1 600w, https:\/\/i0.wp.com\/nicrochet.cl\/wp-content\/uploads\/2022\/10\/Patron-Top-Lis-tabla-medidas-inferior-pag-ventas-1.jpg?resize=300%2C195&ssl=1 300w, https:\/\/i0.wp.com\/nicrochet.cl\/wp-content\/uploads\/2022\/10\/Patron-Top-Lis-tabla-medidas-inferior-pag-ventas-1.jpg?resize=1024%2C666&ssl=1 1024w, https:\/\/i0.wp.com\/nicrochet.cl\/wp-content\/uploads\/2022\/10\/Patron-Top-Lis-tabla-medidas-inferior-pag-ventas-1.jpg?resize=768%2C499&ssl=1 768w\" sizes=\"(max-width: 640px) 100vw, 640px\" \/><\/p>\n","protected":false},"excerpt":{"rendered":"<p>Este es un patr\u00f3n PDF donde encontrar\u00e1s la explicaci\u00f3n de todo lo que necesitas para tejer tu Top Joy.<\/p>\n<p>Hilado grosor Sport \u2013 Viscosa<\/p>\n<p>Cantidad (grs y mts) por talla:<\/p>\n<ul>\n<li>XS: 130 gramos \/342 metros.<\/li>\n<li>S: 150 gramos \/ 395 metros.<\/li>\n<li>M: 185 gramos \/ 487 metros.<\/li>\n<li>L: 195 gramos \/ 513 metros.<\/li>\n<li>XL: 260 gramos \/ 684 metros.<\/li>\n<li>XXL: 285 gramos \/ 750 metros.<\/li>\n<\/ul>\n<p>Crochet 4 mm<br \/>\nExplicaci\u00f3n de Puntos a trabajar.<br \/>\nPaso a Paso para crear tu proyecto.<\/p>\n","protected":false},"featured_media":81,"comment_status":"open","ping_status":"closed","template":"","meta":[],"product_brand":[],"product_cat":[17,20],"product_tag":[],"class_list":{"0":"post-77","1":"product","2":"type-product","3":"status-publish","4":"has-post-thumbnail","6":"product_cat-patron","7":"product_cat-top","9":"first","10":"instock","11":"sale","12":"downloadable","13":"virtual","14":"purchasable","15":"product-type-simple"},"jetpack-related-posts":[{"id":94,"url":"https:\/\/nicrochet.cl\/index.php\/product\/patron-top-lis\/","url_meta":{"origin":77,"position":0},"title":"Patr\u00f3n Top Lis","author":"Nicole Tobar","date":"Noviembre 19, 2022","format":false,"excerpt":"Este es un patr\u00f3n PDF donde encontrar\u00e1s la explicaci\u00f3n de todo lo que necesitas para tejer tu Top Lis. Hilado grosor DK \u2013 Cotton Chips Cantidad (grs y mts) por talla: XS: 180 gramos\/ 351 metros S: 205 gramos\/ 400 metros M: 240 gramos\/ 468 metros L: 250 gramos\/ 488\u2026","rel":"","context":"Entrada similar ","block_context":{"text":"Entrada similar ","link":""},"img":{"alt_text":"","src":"https:\/\/i0.wp.com\/nicrochet.cl\/wp-content\/uploads\/2022\/10\/WhatsApp-Image-2022-10-29-at-1.15.08-PM.jpeg?fit=1024%2C1024&ssl=1&resize=350%2C200","width":350,"height":200,"srcset":"https:\/\/i0.wp.com\/nicrochet.cl\/wp-content\/uploads\/2022\/10\/WhatsApp-Image-2022-10-29-at-1.15.08-PM.jpeg?fit=1024%2C1024&ssl=1&resize=350%2C200 1x, https:\/\/i0.wp.com\/nicrochet.cl\/wp-content\/uploads\/2022\/10\/WhatsApp-Image-2022-10-29-at-1.15.08-PM.jpeg?fit=1024%2C1024&ssl=1&resize=525%2C300 1.5x, https:\/\/i0.wp.com\/nicrochet.cl\/wp-content\/uploads\/2022\/10\/WhatsApp-Image-2022-10-29-at-1.15.08-PM.jpeg?fit=1024%2C1024&ssl=1&resize=700%2C400 2x"},"classes":[]},{"id":100,"url":"https:\/\/nicrochet.cl\/index.php\/product\/patron-top-nube\/","url_meta":{"origin":77,"position":1},"title":"Patr\u00f3n Top Nube","author":"Nicole Tobar","date":"Noviembre 19, 2022","format":false,"excerpt":"Este es un patr\u00f3n PDF donde encontrar\u00e1s la explicaci\u00f3n de todo lo que necesitas para tejer tu Top Nube. Hilado grosor Sport \u2013 DK \u2013 Cotton Revesderecho Cantidad (grs y mts) por talla: XS: 170 Gramos \/ 425 Metros S: 224 Gramos \/ 559 Metros M: 286 Gramos \/ 715\u2026","rel":"","context":"Entrada similar ","block_context":{"text":"Entrada similar ","link":""},"img":{"alt_text":"","src":"https:\/\/i0.wp.com\/nicrochet.cl\/wp-content\/uploads\/2022\/10\/WhatsApp-Image-2022-10-29-at-1.22.49-PM.jpeg?fit=1024%2C1024&ssl=1&resize=350%2C200","width":350,"height":200,"srcset":"https:\/\/i0.wp.com\/nicrochet.cl\/wp-content\/uploads\/2022\/10\/WhatsApp-Image-2022-10-29-at-1.22.49-PM.jpeg?fit=1024%2C1024&ssl=1&resize=350%2C200 1x, https:\/\/i0.wp.com\/nicrochet.cl\/wp-content\/uploads\/2022\/10\/WhatsApp-Image-2022-10-29-at-1.22.49-PM.jpeg?fit=1024%2C1024&ssl=1&resize=525%2C300 1.5x, https:\/\/i0.wp.com\/nicrochet.cl\/wp-content\/uploads\/2022\/10\/WhatsApp-Image-2022-10-29-at-1.22.49-PM.jpeg?fit=1024%2C1024&ssl=1&resize=700%2C400 2x"},"classes":[]},{"id":82,"url":"https:\/\/nicrochet.cl\/index.php\/product\/__trashed-10\/","url_meta":{"origin":77,"position":2},"title":"Patr\u00f3n Top Vie","author":"Nicole Tobar","date":"Noviembre 6, 2022","format":false,"excerpt":"Este es un patr\u00f3n PDF donde encontrar\u00e1s la explicaci\u00f3n de todo lo que necesitas para tejer tu Top Vie. Hilado grosor Sport \u2013 Skinny Cantidad (grs y mts) por talla: XS: 170 gramos\/ 570 metros S: 190 gramos\/ 637 metros M: 230 gramos\/ 771 metros L: 240 gramos\/ 804 metros\u2026","rel":"","context":"Entrada similar ","block_context":{"text":"Entrada similar ","link":""},"img":{"alt_text":"","src":"https:\/\/i0.wp.com\/nicrochet.cl\/wp-content\/uploads\/2022\/10\/WhatsApp-Image-2022-10-29-at-12.58.20-PM.jpeg?fit=1024%2C1024&ssl=1&resize=350%2C200","width":350,"height":200,"srcset":"https:\/\/i0.wp.com\/nicrochet.cl\/wp-content\/uploads\/2022\/10\/WhatsApp-Image-2022-10-29-at-12.58.20-PM.jpeg?fit=1024%2C1024&ssl=1&resize=350%2C200 1x, https:\/\/i0.wp.com\/nicrochet.cl\/wp-content\/uploads\/2022\/10\/WhatsApp-Image-2022-10-29-at-12.58.20-PM.jpeg?fit=1024%2C1024&ssl=1&resize=525%2C300 1.5x, https:\/\/i0.wp.com\/nicrochet.cl\/wp-content\/uploads\/2022\/10\/WhatsApp-Image-2022-10-29-at-12.58.20-PM.jpeg?fit=1024%2C1024&ssl=1&resize=700%2C400 2x"},"classes":[]},{"id":87,"url":"https:\/\/nicrochet.cl\/index.php\/product\/patron-top-kai\/","url_meta":{"origin":77,"position":3},"title":"Patr\u00f3n Top Kai","author":"Nicole Tobar","date":"Noviembre 19, 2022","format":false,"excerpt":"Este es un patr\u00f3n PDF donde encontrar\u00e1s la explicaci\u00f3n de todo lo que necesitas para tejer tu Top Kai. Hilado grosor DK XS\/S: 180 gramos\/ 396 metros M\/L: 250 gramos\/ 550 metros XL\/XXL: 330 gramos\/ 726 metros Crochet 5 mm Explicaci\u00f3n de Puntos a trabajar. Paso a Paso para crear\u2026","rel":"","context":"Entrada similar ","block_context":{"text":"Entrada similar ","link":""},"img":{"alt_text":"","src":"https:\/\/i0.wp.com\/nicrochet.cl\/wp-content\/uploads\/2022\/10\/WhatsApp-Image-2022-10-29-at-1.07.06-PM.jpeg?fit=886%2C886&ssl=1&resize=350%2C200","width":350,"height":200,"srcset":"https:\/\/i0.wp.com\/nicrochet.cl\/wp-content\/uploads\/2022\/10\/WhatsApp-Image-2022-10-29-at-1.07.06-PM.jpeg?fit=886%2C886&ssl=1&resize=350%2C200 1x, https:\/\/i0.wp.com\/nicrochet.cl\/wp-content\/uploads\/2022\/10\/WhatsApp-Image-2022-10-29-at-1.07.06-PM.jpeg?fit=886%2C886&ssl=1&resize=525%2C300 1.5x, https:\/\/i0.wp.com\/nicrochet.cl\/wp-content\/uploads\/2022\/10\/WhatsApp-Image-2022-10-29-at-1.07.06-PM.jpeg?fit=886%2C886&ssl=1&resize=700%2C400 2x"},"classes":[]},{"id":1300,"url":"https:\/\/nicrochet.cl\/index.php\/product\/patron-top-paros\/","url_meta":{"origin":77,"position":4},"title":"Patr\u00f3n Top Paros","author":"Nicole Tobar","date":"Septiembre 25, 2023","format":false,"excerpt":"Este es un patr\u00f3n PDF donde encontrar\u00e1s la explicaci\u00f3n de todo lo que necesitas para tejer tu Top Paros. Crochet 4 mm Tijeras Grosor Hilado: Sport. Yo use Cotton de Revesderecho Cantidad (grs y mts) por talla: Color base: XS: 100 gramos\/ 250 metros S: 130 gramos\/ 325 metros M:\u2026","rel":"","context":"Entrada similar ","block_context":{"text":"Entrada similar ","link":""},"img":{"alt_text":"","src":"https:\/\/i0.wp.com\/nicrochet.cl\/wp-content\/uploads\/2023\/09\/9C95AF01-AFEF-4BA1-A288-4CC6F5C32406.png?fit=1080%2C1080&ssl=1&resize=350%2C200","width":350,"height":200,"srcset":"https:\/\/i0.wp.com\/nicrochet.cl\/wp-content\/uploads\/2023\/09\/9C95AF01-AFEF-4BA1-A288-4CC6F5C32406.png?fit=1080%2C1080&ssl=1&resize=350%2C200 1x, https:\/\/i0.wp.com\/nicrochet.cl\/wp-content\/uploads\/2023\/09\/9C95AF01-AFEF-4BA1-A288-4CC6F5C32406.png?fit=1080%2C1080&ssl=1&resize=525%2C300 1.5x, https:\/\/i0.wp.com\/nicrochet.cl\/wp-content\/uploads\/2023\/09\/9C95AF01-AFEF-4BA1-A288-4CC6F5C32406.png?fit=1080%2C1080&ssl=1&resize=700%2C400 2x, https:\/\/i0.wp.com\/nicrochet.cl\/wp-content\/uploads\/2023\/09\/9C95AF01-AFEF-4BA1-A288-4CC6F5C32406.png?fit=1080%2C1080&ssl=1&resize=1050%2C600 3x"},"classes":[]},{"id":441,"url":"https:\/\/nicrochet.cl\/index.php\/product\/patron-top-neon\/","url_meta":{"origin":77,"position":5},"title":"Patr\u00f3n Top Neon","author":"Nicole Tobar","date":"Febrero 18, 2023","format":false,"excerpt":"Crochet 4 mm Tijeras Hilado grosor Sport. Yo use Skinny de Revesderecho Cantidad (grs y mts) por talla de cada color: XS: 100 gramos\/ 335 metros S: 125 gramos\/ 419 metros M: 140 gramos\/ 469 metros L: 150 gramos\/ 503 metros XL: 185 gramos\/ 620 metros XXL: 200 gramos\/ 670\u2026","rel":"","context":"Entrada similar ","block_context":{"text":"Entrada similar ","link":""},"img":{"alt_text":"","src":"https:\/\/i0.wp.com\/nicrochet.cl\/wp-content\/uploads\/2023\/02\/portada.png?fit=1080%2C1080&ssl=1&resize=350%2C200","width":350,"height":200,"srcset":"https:\/\/i0.wp.com\/nicrochet.cl\/wp-content\/uploads\/2023\/02\/portada.png?fit=1080%2C1080&ssl=1&resize=350%2C200 1x, https:\/\/i0.wp.com\/nicrochet.cl\/wp-content\/uploads\/2023\/02\/portada.png?fit=1080%2C1080&ssl=1&resize=525%2C300 1.5x, https:\/\/i0.wp.com\/nicrochet.cl\/wp-content\/uploads\/2023\/02\/portada.png?fit=1080%2C1080&ssl=1&resize=700%2C400 2x, https:\/\/i0.wp.com\/nicrochet.cl\/wp-content\/uploads\/2023\/02\/portada.png?fit=1080%2C1080&ssl=1&resize=1050%2C600 3x"},"classes":[]}],"jetpack_sharing_enabled":true,"_links":{"self":[{"href":"https:\/\/nicrochet.cl\/index.php\/wp-json\/wp\/v2\/product\/77","targetHints":{"allow":["GET"]}}],"collection":[{"href":"https:\/\/nicrochet.cl\/index.php\/wp-json\/wp\/v2\/product"}],"about":[{"href":"https:\/\/nicrochet.cl\/index.php\/wp-json\/wp\/v2\/types\/product"}],"replies":[{"embeddable":true,"href":"https:\/\/nicrochet.cl\/index.php\/wp-json\/wp\/v2\/comments?post=77"}],"wp:featuredmedia":[{"embeddable":true,"href":"https:\/\/nicrochet.cl\/index.php\/wp-json\/wp\/v2\/media\/81"}],"wp:attachment":[{"href":"https:\/\/nicrochet.cl\/index.php\/wp-json\/wp\/v2\/media?parent=77"}],"wp:term":[{"taxonomy":"product_brand","embeddable":true,"href":"https:\/\/nicrochet.cl\/index.php\/wp-json\/wp\/v2\/product_brand?post=77"},{"taxonomy":"product_cat","embeddable":true,"href":"https:\/\/nicrochet.cl\/index.php\/wp-json\/wp\/v2\/product_cat?post=77"},{"taxonomy":"product_tag","embeddable":true,"href":"https:\/\/nicrochet.cl\/index.php\/wp-json\/wp\/v2\/product_tag?post=77"}],"curies":[{"name":"wp","href":"https:\/\/api.w.org\/{rel}","templated":true}]}}